{"id":46232,"date":"2024-02-07T07:26:51","date_gmt":"2024-02-07T13:26:51","guid":{"rendered":"https:\/\/www.waveexpeditions.com\/staging-wave-2-0?page_id=46232"},"modified":"2025-06-26T09:33:07","modified_gmt":"2025-06-26T15:33:07","slug":"pongase-en-contacto","status":"publish","type":"page","link":"https:\/\/staging.waveexpeditions.com\/es\/pongase-en-contacto\/","title":{"rendered":"Cont\u00e1ctenos"},"content":{"rendered":"\n<div class=\"wp-block-cover is-light banner-full-width\"><span aria-hidden=\"true\" class=\"wp-block-cover__background has-background-dim-0 has-background-dim\"><\/span><div class=\"wp-block-cover__inner-container is-layout-constrained wp-block-cover-is-layout-constrained\">\n<div class=\"wp-block-columns banner-full-width is-layout-flex wp-container-core-columns-is-layout-8f761849 wp-block-columns-is-layout-flex\">\n<div class=\"wp-block-column is-layout-flow wp-block-column-is-layout-flow\" style=\"flex-basis:57%\">\n<h2 class=\"wp-block-heading has-text-align-left heading-2-mobile has-text-color has-link-color wp-elements-662125ac0262632e877b7bff49d0aa00\" style=\"color:#2d4059;font-size:2.2rem;font-style:normal;font-weight:600\">Estamos aqu\u00ed para crear recuerdos<br><\/h2>\n\n\n\n<p class=\"has-text-align-left normal-p-mobile wp-block-paragraph\">Si tiene alguna pregunta, no dude en ponerse en contacto con nosotros a trav\u00e9s del siguiente formulario y<br class=\"desktop-only\">  nos pondremos en contacto con usted en breve.<\/p>\n\n\n<div class=\"wpforms-container wpforms-container-full wpforms-block wpforms-block-e1d4b00c-aad9-4367-9599-3f1aedd084f2 contact_form wpforms-render-modern\" id=\"wpforms-50079\"><form id=\"wpforms-form-50079\" class=\"wpforms-validate wpforms-form\" data-formid=\"50079\" method=\"post\" enctype=\"multipart\/form-data\" action=\"\/es\/wp-json\/wp\/v2\/pages\/46232\" data-token=\"b279b50e12d6616dfcf8ee39193870e6\" data-token-time=\"1778795042\"><noscript class=\"wpforms-error-noscript\">Por favor, activa JavaScript en tu navegador para completar este formulario.<\/noscript><div id=\"wpforms-error-noscript\" style=\"display: none;\">Por favor, activa JavaScript en tu navegador para completar este formulario.<\/div><div class=\"wpforms-field-container\"><div id=\"wpforms-50079-field_1-container\" class=\"wpforms-field wpforms-field-text\" data-field-type=\"text\" data-field-id=\"1\"><label class=\"wpforms-field-label wpforms-label-hide\" for=\"wpforms-50079-field_1\" aria-hidden=\"false\">Contact Name <span class=\"wpforms-required-label\" aria-hidden=\"true\">*<\/span><\/label><input type=\"text\" id=\"wpforms-50079-field_1\" class=\"wpforms-field-large wpforms-field-required\" name=\"wpforms[fields][1]\" placeholder=\"Your name\" aria-errormessage=\"wpforms-50079-field_1-error\" required><\/div><div id=\"wpforms-50079-field_4-container\" class=\"wpforms-field wpforms-field-phone\" data-field-type=\"phone\" data-field-id=\"4\"><label class=\"wpforms-field-label wpforms-label-hide\" for=\"wpforms-50079-field_4\" aria-hidden=\"false\">Phone <span class=\"wpforms-required-label\" aria-hidden=\"true\">*<\/span><\/label><input type=\"tel\" id=\"wpforms-50079-field_4\" class=\"wpforms-field-large wpforms-field-required wpforms-smart-phone-field\" data-rule-smart-phone-field=\"true\" name=\"wpforms[fields][4]\" placeholder=\"Your phone number\" aria-label=\"Phone\" aria-errormessage=\"wpforms-50079-field_4-error\" required><\/div><div id=\"wpforms-50079-field_2-container\" class=\"wpforms-field wpforms-field-email\" data-field-type=\"email\" data-field-id=\"2\"><label class=\"wpforms-field-label wpforms-label-hide\" for=\"wpforms-50079-field_2\" aria-hidden=\"false\">Email <span class=\"wpforms-required-label\" aria-hidden=\"true\">*<\/span><\/label><input type=\"email\" id=\"wpforms-50079-field_2\" class=\"wpforms-field-large wpforms-field-required\" name=\"wpforms[fields][2]\" placeholder=\"Your email\" spellcheck=\"false\" aria-errormessage=\"wpforms-50079-field_2-error\" required><\/div><div id=\"wpforms-50079-field_3-container\" class=\"wpforms-field wpforms-field-textarea\" data-field-type=\"textarea\" data-field-id=\"3\"><label class=\"wpforms-field-label wpforms-label-hide\" for=\"wpforms-50079-field_3\" aria-hidden=\"false\">Comments <span class=\"wpforms-required-label\" aria-hidden=\"true\">*<\/span><\/label><textarea id=\"wpforms-50079-field_3\" class=\"wpforms-field-medium wpforms-field-required\" name=\"wpforms[fields][3]\" placeholder=\"Please provide any details to help us meet your needs.\" aria-errormessage=\"wpforms-50079-field_3-error\" required><\/textarea><\/div>\t\t<div id=\"wpforms-50079-field_6-container\"\n\t\t\tclass=\"wpforms-field wpforms-field-text\"\n\t\t\tdata-field-type=\"text\"\n\t\t\tdata-field-id=\"6\"\n\t\t\t>\n\t\t\t<label class=\"wpforms-field-label\" for=\"wpforms-50079-field_6\" >Name Contact Comments<\/label>\n\t\t\t<input type=\"text\" id=\"wpforms-50079-field_6\" class=\"wpforms-field-medium\" name=\"wpforms[fields][6]\" >\n\t\t<\/div>\n\t\t<div id=\"wpforms-50079-field_5-container\" class=\"wpforms-field wpforms-field-content\" data-field-type=\"content\" data-field-id=\"5\"><div id=\"wpforms-50079-field_5\" class=\"wpforms-field-large wpforms-field-row\" aria-errormessage=\"wpforms-50079-field_5-error\"><p>By providing your phone number, you agree to receive your quote request from Wave Expeditions via text message. To unsubscribe, text STOP<\/p>\n<div class=\"wpforms-field-content-display-frontend-clear\"><\/div><\/div><\/div><script>\n\t\t\t\t( function() {\n\t\t\t\t\tconst style = document.createElement( 'style' );\n\t\t\t\t\tstyle.appendChild( document.createTextNode( '#wpforms-50079-field_6-container { position: absolute !important; overflow: hidden !important; display: inline !important; height: 1px !important; width: 1px !important; z-index: -1000 !important; padding: 0 !important; } #wpforms-50079-field_6-container input { visibility: hidden; } #wpforms-conversational-form-page #wpforms-50079-field_6-container label { counter-increment: none; }' ) );\n\t\t\t\t\tdocument.head.appendChild( style );\n\t\t\t\t\tdocument.currentScript?.remove();\n\t\t\t\t} )();\n\t\t\t<\/script><\/div><!-- .wpforms-field-container --><div class=\"wpforms-recaptcha-container wpforms-is-recaptcha wpforms-is-recaptcha-type-v2\" ><div class=\"g-recaptcha\" data-sitekey=\"6LdCmJMqAAAAAG0BNtCVSGpc1qif4buO9Z-k4B5T\"><\/div><input type=\"text\" name=\"g-recaptcha-hidden\" class=\"wpforms-recaptcha-hidden\" style=\"position:absolute!important;clip:rect(0,0,0,0)!important;height:1px!important;width:1px!important;border:0!important;overflow:hidden!important;padding:0!important;margin:0!important;\" data-rule-recaptcha=\"1\"><\/div><div class=\"wpforms-submit-container\" ><input type=\"hidden\" name=\"wpforms[id]\" value=\"50079\"><input type=\"hidden\" name=\"page_title\" value=\"\"><input type=\"hidden\" name=\"page_url\" value=\"https:\/\/staging.waveexpeditions.com\/es\/wp-json\/wp\/v2\/pages\/46232\"><input type=\"hidden\" name=\"url_referer\" value=\"\"><button type=\"submit\" name=\"wpforms[submit]\" id=\"wpforms-submit-50079\" class=\"wpforms-submit\" data-alt-text=\"Sending\" data-submit-text=\"Submit\" aria-live=\"assertive\" value=\"wpforms-submit\">Submit<\/button><\/div><\/form><\/div>  <!-- .wpforms-container --><\/div>\n\n\n\n<div class=\"wp-block-column is-layout-flow wp-block-column-is-layout-flow\" style=\"flex-basis:43%\">\n<hr class=\"wp-block-separator has-text-color has-alpha-channel-opacity has-background is-style-wide mobile-only\" style=\"margin-bottom:7rem;background-color:#2d4059;color:#2d4059\"\/>\n\n\n\n<h2 class=\"wp-block-heading has-text-align-left margin-bottom-5 heading-2-mobile has-text-color has-link-color wp-elements-61719dd762437ceea7557bab3056e8e5\" style=\"color:#2d4059;font-size:2.2rem;font-style:normal;font-weight:600\">Hable con uno de nuestros expertos<\/h2>\n\n\n\n<p class=\"normal-p-mobile mobile-small-margin wp-block-paragraph\">O si prefiere ponerse en contacto con nosotros directamente, ll\u00e1menos a uno de nuestros n\u00fameros<\/p>\n\n\n\n<h3 class=\"wp-block-heading has-text-align-left icon-heading has-text-color has-link-color has-medium-font-size wp-elements-8097574ff75f543d105d91b296d91431\" style=\"color:#0a5ca7;font-style:normal;font-weight:600\"><i class=\"fa-solid fa-phone\"><\/i> Ll\u00e1menos <\/h3>\n\n\n\n<p class=\"has-text-align-left mobile-small-margin wp-block-paragraph\">Tel\u00e9fono: +(506) 2479-7262<br>Tel\u00e9fono gratuito: 1-888-224-6105<\/p>\n\n\n\n<h3 class=\"wp-block-heading has-text-align-left icon-heading has-text-color has-link-color has-medium-font-size wp-elements-3fece461555b10e644316eb89dd35e73\" style=\"color:#0a5ca7;font-style:normal;font-weight:600\"><i class=\"fa-solid fa-envelope\"><\/i>  Env\u00edenos un correo electr\u00f3nico<\/h3>\n\n\n\n<p class=\"has-text-align-left mobile-small-margin wp-block-paragraph\"><a href=\"mailto:info@waveexpeditions.com\">info@waveexpeditions.com<\/a><\/p>\n\n\n\n<h3 class=\"wp-block-heading has-text-align-left icon-heading has-text-color has-link-color has-medium-font-size wp-elements-9eb20774a708ed7e012be74a2822269a\" style=\"color:#0a5ca7;font-style:normal;font-weight:600\"><i class=\"fa-solid fa-clock\"><\/i> Nuestro horario<\/h3>\n\n\n\n<p class=\"has-text-align-left mobile-small-margin wp-block-paragraph\"><strong style=\"color: inherit; font-size: revert; font-family: -apple-system, BlinkMacSystemFont, \" segoe=\"\" ui=\"\" roboto=\"\" oxygen-sans=\"\" ubuntu=\"\" cantarell=\"\" neue=\"\" sans-serif=\"\">De lunes a domingo<\/strong> <br>De 6.30 a 21.00 horas<\/p>\n\n\n\n<div class=\"social_media\">\n<div id=\"facebook\"><a href=\"https:\/\/www.facebook.com\/waveexp\"><i class=\"fa-brands fa-facebook-f\"><\/i><\/a><\/div>\n<div id=\"instagram\"><a href=\"https:\/\/www.instagram.com\/wave.expeditions\/\"><i class=\"fa-brands fa-instagram\"><\/i><\/a><\/div>\n<div id=\"youtube\"><a href=\"https:\/\/www.youtube.com\/@waverafting8159\"><i class=\"fa-brands fa-youtube\"><\/i><\/a><\/div>\n<\/div>\n<\/div>\n<\/div>\n<\/div><\/div>\n\n\n\n<hr class=\"wp-block-separator has-text-color has-alpha-channel-opacity has-background is-style-wide\" style=\"background-color:#2d4059;color:#2d4059\"\/>\n\n\n\n<div class=\"wp-block-group banner-full-width\"><div class=\"wp-block-group__inner-container is-layout-constrained wp-block-group-is-layout-constrained\">\n<h2 class=\"wp-block-heading has-text-align-center heading-2-mobile has-text-color has-link-color wp-elements-70d471824fbe24f9416d3e0c67fb0f33\" style=\"color:#2d4059;font-size:2.2rem;font-style:normal;font-weight:600\">Nuestra direcci\u00f3n<\/h2>\n\n\n\n<div class=\"wp-block-columns are-vertically-aligned-center is-not-stacked-on-mobile is-layout-flex wp-container-core-columns-is-layout-025fa098 wp-block-columns-is-layout-flex\" style=\"margin-bottom:5px\">\n<div class=\"wp-block-column is-vertically-aligned-center is-layout-flow wp-block-column-is-layout-flow\" style=\"flex-basis:90%\">\n<p class=\"wp-block-paragraph\">Edificio esquinero detr\u00e1s de la iglesia cat\u00f3lica,  <br>21007 La Fortuna, Alajuela, Costa Rica.<\/p>\n<\/div>\n\n\n\n<div class=\"wp-block-column is-vertically-aligned-center flex-end is-layout-flow wp-block-column-is-layout-flow\" style=\"flex-basis:10%\">\n<a class=\"waze-icon-blue\" href=\"https:\/\/www.waze.com\/es\/livemap\/directions\/costa-rica\/provincia-de-alajuela\/la-fortuna\/wave-expeditions?place=ChIJmxupOIgMoI8RTs--pq4vnDg\" rel=\"nofollow noopener\" title=\"\" target=\"_blank\"><i class=\"fa-brands fa-waze\"><\/i><\/a>\n<\/div>\n<\/div>\n\n\n\n<div class=\"google-map-wrapper\">\n<iframe src=\"https:\/\/www.google.com\/maps\/embed?pb=!1m18!1m12!1m3!1d3923.3653600070447!2d-84.64911892528009!3d10.471836989658993!2m3!1f0!2f0!3f0!3m2!1i1024!2i768!4f13.1!3m3!1m2!1s0x8fa00c8838a91b9b%3A0x389c2faea6becf4e!2sWAVE%20Rafting%20Costa%20Rica!5e0!3m2!1sen!2scr!4v1691775462002!5m2!1sen!2scr\" width=\"600\" height=\"450\" style=\"border:0;\" allowfullscreen=\"\" loading=\"lazy\" referrerpolicy=\"no-referrer-when-downgrade\"><\/iframe>\n<div>\n<\/div><\/div>\n<\/div><\/div>\n","protected":false},"excerpt":{"rendered":"<p>Nuestra direcci\u00f3n Edificio esquinero detr\u00e1s de la iglesia cat\u00f3lica, 21007 La Fortuna, Alajuela, Costa Rica.<\/p>\n","protected":false},"author":285,"featured_media":0,"parent":0,"menu_order":0,"comment_status":"closed","ping_status":"closed","template":"","meta":{"_acf_changed":false,"_crdt_document":"","_monsterinsights_skip_tracking":false,"_monsterinsights_sitenote_active":false,"_monsterinsights_sitenote_note":"","_monsterinsights_sitenote_category":0,"_joinchat":[],"footnotes":""},"class_list":["post-46232","page","type-page","status-publish","hentry"],"acf":[],"yoast_head":"<!-- This site is optimized with the Yoast SEO plugin v27.5 - https:\/\/yoast.com\/product\/yoast-seo-wordpress\/ -->\n<title>Cont\u00e1ctenos - WAVE Rafting<\/title>\n<meta name=\"description\" content=\"Cont\u00e1ctanos en Wave Rafting para consultas o reservas. Estamos aqu\u00ed para ayudarte a planificar tu pr\u00f3xima aventura en Costa Rica\" \/>\n<meta name=\"robots\" content=\"noindex, follow, max-snippet:-1, max-image-preview:large, max-video-preview:-1\" \/>\n<meta property=\"og:locale\" content=\"es_ES\" \/>\n<meta property=\"og:type\" content=\"article\" \/>\n<meta property=\"og:title\" content=\"Cont\u00e1ctenos - WAVE Rafting\" \/>\n<meta property=\"og:description\" content=\"Cont\u00e1ctanos en Wave Rafting para consultas o reservas. Estamos aqu\u00ed para ayudarte a planificar tu pr\u00f3xima aventura en Costa Rica\" \/>\n<meta property=\"og:url\" content=\"https:\/\/staging.waveexpeditions.com\/es\/pongase-en-contacto\/\" \/>\n<meta property=\"og:site_name\" content=\"WAVE Rafting\" \/>\n<meta property=\"article:publisher\" content=\"https:\/\/www.facebook.com\/waveexp\/\" \/>\n<meta property=\"article:modified_time\" content=\"2025-06-26T15:33:07+00:00\" \/>\n<meta name=\"twitter:card\" content=\"summary_large_image\" \/>\n<meta name=\"twitter:site\" content=\"@waveexpeditions\" \/>\n<meta name=\"twitter:label1\" content=\"Tiempo de lectura\" \/>\n\t<meta name=\"twitter:data1\" content=\"1 minuto\" \/>\n<script type=\"application\/ld+json\" class=\"yoast-schema-graph\">{\"@context\":\"https:\\\/\\\/schema.org\",\"@graph\":[{\"@type\":\"WebPage\",\"@id\":\"https:\\\/\\\/staging.waveexpeditions.com\\\/es\\\/pongase-en-contacto\\\/\",\"url\":\"https:\\\/\\\/staging.waveexpeditions.com\\\/es\\\/pongase-en-contacto\\\/\",\"name\":\"Cont\u00e1ctenos - WAVE Rafting\",\"isPartOf\":{\"@id\":\"https:\\\/\\\/staging.waveexpeditions.com\\\/es\\\/#website\"},\"datePublished\":\"2024-02-07T13:26:51+00:00\",\"dateModified\":\"2025-06-26T15:33:07+00:00\",\"description\":\"Cont\u00e1ctanos en Wave Rafting para consultas o reservas. Estamos aqu\u00ed para ayudarte a planificar tu pr\u00f3xima aventura en Costa Rica\",\"breadcrumb\":{\"@id\":\"https:\\\/\\\/staging.waveexpeditions.com\\\/es\\\/pongase-en-contacto\\\/#breadcrumb\"},\"inLanguage\":\"es\",\"potentialAction\":[{\"@type\":\"ReadAction\",\"target\":[\"https:\\\/\\\/staging.waveexpeditions.com\\\/es\\\/pongase-en-contacto\\\/\"]}]},{\"@type\":\"BreadcrumbList\",\"@id\":\"https:\\\/\\\/staging.waveexpeditions.com\\\/es\\\/pongase-en-contacto\\\/#breadcrumb\",\"itemListElement\":[{\"@type\":\"ListItem\",\"position\":1,\"name\":\"Home\",\"item\":\"https:\\\/\\\/staging.waveexpeditions.com\\\/es\\\/wave-rafting-costa-rica\\\/\"},{\"@type\":\"ListItem\",\"position\":2,\"name\":\"Cont\u00e1ctenos\"}]},{\"@type\":\"WebSite\",\"@id\":\"https:\\\/\\\/staging.waveexpeditions.com\\\/es\\\/#website\",\"url\":\"https:\\\/\\\/staging.waveexpeditions.com\\\/es\\\/\",\"name\":\"WAVE Rafting\",\"description\":\"Rafting Costa Rica\",\"publisher\":{\"@id\":\"https:\\\/\\\/staging.waveexpeditions.com\\\/es\\\/#organization\"},\"potentialAction\":[{\"@type\":\"SearchAction\",\"target\":{\"@type\":\"EntryPoint\",\"urlTemplate\":\"https:\\\/\\\/staging.waveexpeditions.com\\\/es\\\/?s={search_term_string}\"},\"query-input\":{\"@type\":\"PropertyValueSpecification\",\"valueRequired\":true,\"valueName\":\"search_term_string\"}}],\"inLanguage\":\"es\"},{\"@type\":\"Organization\",\"@id\":\"https:\\\/\\\/staging.waveexpeditions.com\\\/es\\\/#organization\",\"name\":\"WAVE Rafting\",\"url\":\"https:\\\/\\\/staging.waveexpeditions.com\\\/es\\\/\",\"logo\":{\"@type\":\"ImageObject\",\"inLanguage\":\"es\",\"@id\":\"https:\\\/\\\/staging.waveexpeditions.com\\\/es\\\/#\\\/schema\\\/logo\\\/image\\\/\",\"url\":\"https:\\\/\\\/www.staging.waveexpeditions.com\\\/wp-content\\\/uploads\\\/2016\\\/07\\\/logo_foot.png\",\"contentUrl\":\"https:\\\/\\\/www.staging.waveexpeditions.com\\\/wp-content\\\/uploads\\\/2016\\\/07\\\/logo_foot.png\",\"width\":503,\"height\":172,\"caption\":\"WAVE Rafting\"},\"image\":{\"@id\":\"https:\\\/\\\/staging.waveexpeditions.com\\\/es\\\/#\\\/schema\\\/logo\\\/image\\\/\"},\"sameAs\":[\"https:\\\/\\\/www.facebook.com\\\/waveexp\\\/\",\"https:\\\/\\\/x.com\\\/waveexpeditions\",\"https:\\\/\\\/www.instagram.com\\\/wave.expeditions\\\/\"]}]}<\/script>\n<!-- \/ Yoast SEO plugin. -->","yoast_head_json":{"title":"Cont\u00e1ctenos - WAVE Rafting","description":"Cont\u00e1ctanos en Wave Rafting para consultas o reservas. Estamos aqu\u00ed para ayudarte a planificar tu pr\u00f3xima aventura en Costa Rica","robots":{"index":"noindex","follow":"follow","max-snippet":"max-snippet:-1","max-image-preview":"max-image-preview:large","max-video-preview":"max-video-preview:-1"},"og_locale":"es_ES","og_type":"article","og_title":"Cont\u00e1ctenos - WAVE Rafting","og_description":"Cont\u00e1ctanos en Wave Rafting para consultas o reservas. Estamos aqu\u00ed para ayudarte a planificar tu pr\u00f3xima aventura en Costa Rica","og_url":"https:\/\/staging.waveexpeditions.com\/es\/pongase-en-contacto\/","og_site_name":"WAVE Rafting","article_publisher":"https:\/\/www.facebook.com\/waveexp\/","article_modified_time":"2025-06-26T15:33:07+00:00","twitter_card":"summary_large_image","twitter_site":"@waveexpeditions","twitter_misc":{"Tiempo de lectura":"1 minuto"},"schema":{"@context":"https:\/\/schema.org","@graph":[{"@type":"WebPage","@id":"https:\/\/staging.waveexpeditions.com\/es\/pongase-en-contacto\/","url":"https:\/\/staging.waveexpeditions.com\/es\/pongase-en-contacto\/","name":"Cont\u00e1ctenos - WAVE Rafting","isPartOf":{"@id":"https:\/\/staging.waveexpeditions.com\/es\/#website"},"datePublished":"2024-02-07T13:26:51+00:00","dateModified":"2025-06-26T15:33:07+00:00","description":"Cont\u00e1ctanos en Wave Rafting para consultas o reservas. Estamos aqu\u00ed para ayudarte a planificar tu pr\u00f3xima aventura en Costa Rica","breadcrumb":{"@id":"https:\/\/staging.waveexpeditions.com\/es\/pongase-en-contacto\/#breadcrumb"},"inLanguage":"es","potentialAction":[{"@type":"ReadAction","target":["https:\/\/staging.waveexpeditions.com\/es\/pongase-en-contacto\/"]}]},{"@type":"BreadcrumbList","@id":"https:\/\/staging.waveexpeditions.com\/es\/pongase-en-contacto\/#breadcrumb","itemListElement":[{"@type":"ListItem","position":1,"name":"Home","item":"https:\/\/staging.waveexpeditions.com\/es\/wave-rafting-costa-rica\/"},{"@type":"ListItem","position":2,"name":"Cont\u00e1ctenos"}]},{"@type":"WebSite","@id":"https:\/\/staging.waveexpeditions.com\/es\/#website","url":"https:\/\/staging.waveexpeditions.com\/es\/","name":"WAVE Rafting","description":"Rafting Costa Rica","publisher":{"@id":"https:\/\/staging.waveexpeditions.com\/es\/#organization"},"potentialAction":[{"@type":"SearchAction","target":{"@type":"EntryPoint","urlTemplate":"https:\/\/staging.waveexpeditions.com\/es\/?s={search_term_string}"},"query-input":{"@type":"PropertyValueSpecification","valueRequired":true,"valueName":"search_term_string"}}],"inLanguage":"es"},{"@type":"Organization","@id":"https:\/\/staging.waveexpeditions.com\/es\/#organization","name":"WAVE Rafting","url":"https:\/\/staging.waveexpeditions.com\/es\/","logo":{"@type":"ImageObject","inLanguage":"es","@id":"https:\/\/staging.waveexpeditions.com\/es\/#\/schema\/logo\/image\/","url":"https:\/\/www.staging.waveexpeditions.com\/wp-content\/uploads\/2016\/07\/logo_foot.png","contentUrl":"https:\/\/www.staging.waveexpeditions.com\/wp-content\/uploads\/2016\/07\/logo_foot.png","width":503,"height":172,"caption":"WAVE Rafting"},"image":{"@id":"https:\/\/staging.waveexpeditions.com\/es\/#\/schema\/logo\/image\/"},"sameAs":["https:\/\/www.facebook.com\/waveexp\/","https:\/\/x.com\/waveexpeditions","https:\/\/www.instagram.com\/wave.expeditions\/"]}]}},"_links":{"self":[{"href":"https:\/\/staging.waveexpeditions.com\/es\/wp-json\/wp\/v2\/pages\/46232","targetHints":{"allow":["GET"]}}],"collection":[{"href":"https:\/\/staging.waveexpeditions.com\/es\/wp-json\/wp\/v2\/pages"}],"about":[{"href":"https:\/\/staging.waveexpeditions.com\/es\/wp-json\/wp\/v2\/types\/page"}],"author":[{"embeddable":true,"href":"https:\/\/staging.waveexpeditions.com\/es\/wp-json\/wp\/v2\/users\/285"}],"replies":[{"embeddable":true,"href":"https:\/\/staging.waveexpeditions.com\/es\/wp-json\/wp\/v2\/comments?post=46232"}],"version-history":[{"count":5,"href":"https:\/\/staging.waveexpeditions.com\/es\/wp-json\/wp\/v2\/pages\/46232\/revisions"}],"predecessor-version":[{"id":53463,"href":"https:\/\/staging.waveexpeditions.com\/es\/wp-json\/wp\/v2\/pages\/46232\/revisions\/53463"}],"wp:attachment":[{"href":"https:\/\/staging.waveexpeditions.com\/es\/wp-json\/wp\/v2\/media?parent=46232"}],"curies":[{"name":"wp","href":"https:\/\/api.w.org\/{rel}","templated":true}]}}