{"id":47417,"date":"2016-09-06T16:05:22","date_gmt":"2016-09-06T22:05:22","guid":{"rendered":"https:\/\/www.waveexpeditions.com\/staging-wave-2-0\/product\/tour-privado-safari-natural-flotador-en-arenal\/"},"modified":"2024-02-22T09:58:49","modified_gmt":"2024-02-22T15:58:49","slug":"tour-privado-safari-natural-flotador-en-arenal","status":"publish","type":"product","link":"https:\/\/staging.waveexpeditions.com\/es\/producto\/tour-privado-safari-natural-flotador-en-arenal\/","title":{"rendered":"Tour Privado Safari Natural en balsa en Arenal"},"content":{"rendered":"<p>\u00danase a nosotros en este <strong>Tour Privado<\/strong> <strong>Safari Natural en balsa en Arenal. <\/strong>Disponer de su propio transporte y gu\u00eda tur\u00edstico privado le dar\u00e1 la flexibilidad necesaria para adaptar su viaje a lo que desee ver.<\/p>\n<p>Disfrute de las vistas y los sonidos de la fauna de Costa Rica en su safari privado guiado, como un viaje en balsa por el r\u00edo Pe\u00f1as Blancas. Nuestra paz le permite disfrutar de la tranquilidad de la selva tropical de Costa Rica empap\u00e1ndose de todas las vistas y sonidos del entorno tropical. Aseg\u00farese de no perder de vista a una gran variedad de monos, caimanes, iguanas, lagartos Jesucristo (\u00a1de hecho caminan sobre el agua!) y un amplio surtido de coloridas especies de aves.<\/p>\n<p>Este viaje en flotador por el r\u00edo de vida salvaje es ideal para los amantes de la naturaleza de todas las edades &#8211; \u00a1a las familias les encantar\u00e1 esta excursi\u00f3n! A unos 25 minutos<strong> en coche de Fortuna<\/strong>, este tranquilo tramo de caudal lento del r\u00edo Pe\u00f1as Blancas es f\u00e1cil y relajante. Mantenga los ojos abiertos por si ve alg\u00fan <strong>perezoso o <\/strong><strong>monos aulladores y cariblancos. <\/strong>El r\u00edo alberga peque\u00f1os <strong>cocodrilos que <\/strong>se agachan en el agua cuando usted pasa. Su gu\u00eda naturalista compartir\u00e1 con usted la historia local y sus conocimientos sobre las plantas y animales que encuentre durante el recorrido. Pasaremos unas 2 horas a un ritmo de remo relajado explorando las orillas del r\u00edo en busca de habitantes de la selva tropical. Despu\u00e9s de flotar r\u00edo abajo haremos una parada en una de las granjas locales donde disfrutaremos de una deliciosa merienda t\u00edpica preparada localmente y una taza de caf\u00e9 antes de regresar a su hotel de La Fortuna.<\/p>\n<p>\u00a1Aseg\u00farese de llevar su c\u00e1mara y\/o binoculares en esta excursi\u00f3n!<\/p>\n<p><strong>\u00a1QUE SEA UN COMBO!<\/strong>  &#8211; Esta excursi\u00f3n de medio d\u00eda es una gran opci\u00f3n para combinar con una visita a la casa de Do\u00f1a Mara, donde recibir\u00e1 una clase sentada de elaboraci\u00f3n de tortillas y un delicioso almuerzo casero costarricense.<\/p>\n<p>P\u00f3ngase en <a href=\"\/staging-wave-2-0\/es?page_id=46232\">contacto<\/a> para obtener una cotizaci\u00f3n ahora<\/p>\n","protected":false},"excerpt":{"rendered":"<p>Disfrute de las vistas y los sonidos de la vida salvaje de Costa Rica en un tranquilo viaje en balsa por el r\u00edo Pe\u00f1as Blancas. Descubra la tranquilidad de la selva y el sonido del entorno tropical. Esta excursi\u00f3n requiere un m\u00ednimo de 4 personas.<\/p>\n","protected":false},"featured_media":54666,"template":"","meta":{"_acf_changed":false,"_crdt_document":"","_monsterinsights_skip_tracking":false,"_monsterinsights_sitenote_active":false,"_monsterinsights_sitenote_note":"","_monsterinsights_sitenote_category":0,"_joinchat":[]},"product_brand":[],"product_cat":[444,462],"product_tag":[333],"class_list":{"0":"post-47417","1":"product","2":"type-product","3":"status-publish","4":"has-post-thumbnail","6":"product_cat-tours-es","7":"product_cat-visitas-privadas","8":"product_tag-la-fortuna-es","10":"first","11":"instock","12":"virtual","13":"sold-individually","14":"taxable","15":"purchasable","16":"product-type-booking"},"booking_location":"","booking_location_type":"","booking_duration":1,"booking_duration_unit":"day","booking_buffer":0,"booking_cost":0,"booking_resources":[],"exclude_global_add_ons":false,"addons":[{"name":"Can\u2019t find the date or time you want?","type":"heading","position":0,"required":false,"title_format":"heading","default":"","description_enable":true,"description":"No worries, we can help! <a style=\"color:#00ad67\" href=\"https:\/\/wa.me\/+50624797262\" target=\"_blank\">WhatsApp Us<\/a> or <a style=\"color:#0a5ca7\" href=\"mailto:info@waveexpeditions.com\" target=\"_blank\">Email US<\/a>","placeholder_enable":false,"placeholder":"","display":"select","restrictions_type":"any_text","adjust_price":false,"price":"","price_type":"flat_fee","restrictions":false,"min":"0","max":"0","options":[],"id":1740565927},{"name":"Pick Up Place- La Fortuna Hotels","type":"custom_text","position":0,"required":true,"title_format":"heading","default":"","description_enable":true,"description":"Please write the name of your Hotel.\r\nHotels outside of the regular route may have an extra charge.","placeholder_enable":false,"placeholder":"","display":"select","restrictions_type":"only_letters","adjust_price":false,"price":"","price_type":"flat_fee","restrictions":false,"min":"0","max":"0","options":[],"id":1689060866},{"name":"Drop Off - Next destination Hotel","type":"custom_text","position":1,"required":true,"title_format":"heading","default":"","description_enable":true,"description":"Please write the name of your Hotel. \r\nHotels outside of the regular route may have an extra charge.","placeholder_enable":false,"placeholder":"","display":"select","restrictions_type":"only_letters","adjust_price":false,"price":"","price_type":"flat_fee","restrictions":false,"min":"0","max":"0","options":[],"id":1689060867},{"name":"PICK UP LOCATION","type":"multiple_choice","position":0,"required":true,"title_format":"heading","default":"","description_enable":false,"description":"","placeholder_enable":false,"placeholder":"","display":"select","restrictions_type":"any_text","adjust_price":false,"price":"","price_type":"flat_fee","restrictions":false,"min":"0","max":"0","options":[{"label":"Arenal Hotels","price":"","price_type":"quantity_based","image":0,"visibility":true},{"label":"Manuel Antonio Hotels","price":"","price_type":"quantity_based","image":0,"visibility":true}],"id":1689066623},{"name":"DROP OFF LOCATION","type":"multiple_choice","position":0,"required":true,"title_format":"heading","default":"","description_enable":false,"description":"","placeholder_enable":false,"placeholder":"","display":"select","restrictions_type":"any_text","adjust_price":false,"price":"","price_type":"","restrictions":false,"min":"0","max":"0","options":[{"label":"Arenal Hotels","price":"","price_type":"quantity_based","image":0,"visibility":true},{"label":"San Jose Hotels","price":"","price_type":"quantity_based","image":0,"visibility":true}]},{"name":"Please provide hotel drop off name","type":"heading","position":0,"required":false,"title_format":"label","default":"","description_enable":true,"description":"Some hotels may be are out of our normal drop off range. If your hotel is out of our drop off route, additional charges may apply.","placeholder_enable":false,"placeholder":"","display":"select","restrictions_type":"any_text","adjust_price":false,"price":"","price_type":"","restrictions":false,"min":"0","max":"0","options":[]},{"name":"Please provide hotel drop off name","type":"custom_text","position":0,"required":true,"title_format":"hide","default":"","description_enable":false,"description":"","placeholder_enable":false,"placeholder":"","display":"select","restrictions_type":"any_text","adjust_price":false,"price":"","price_type":"quantity_based","restrictions":true,"min":"","max":"30","options":[]},{"name":"Please provide hotel pick up name","type":"heading","position":0,"required":false,"title_format":"label","default":"","description_enable":true,"description":"Some hotels may be are out of our normal pick up range. If your hotel is out of our pick up route, additional charges may apply.","placeholder_enable":false,"placeholder":"","display":"select","restrictions_type":"any_text","adjust_price":false,"price":"","price_type":"","restrictions":false,"min":"0","max":"0","options":[]},{"name":"Please provide hotel pick up name","type":"custom_text","position":0,"required":true,"title_format":"hide","default":"","description_enable":false,"description":"","placeholder_enable":false,"placeholder":"","display":"select","restrictions_type":"any_text","adjust_price":false,"price":"","price_type":"quantity_based","restrictions":true,"min":"","max":"30","options":[]},{"name":"Rent a GoPro","type":"multiple_choice","position":0,"required":false,"title_format":"label","default":"","description_enable":true,"description":"Only available for the Rafting Tour","placeholder_enable":false,"placeholder":"","display":"select","restrictions_type":"any_text","adjust_price":true,"price":"30","price_type":"flat_fee","restrictions":true,"min":"0","max":"5","options":[{"label":"1","price":"30","price_type":"flat_fee","image":0,"visibility":true},{"label":"2","price":"60","price_type":"flat_fee","image":0,"visibility":true},{"label":"3","price":"90","price_type":"flat_fee","image":0,"visibility":true},{"label":"4","price":"120","price_type":"flat_fee","image":0,"visibility":true},{"label":"5","price":"150","price_type":"flat_fee","image":0,"visibility":true}],"id":1739958656}],"acf":[],"yoast_head":"<!-- This site is optimized with the Yoast SEO plugin v27.5 - https:\/\/yoast.com\/product\/yoast-seo-wordpress\/ -->\n<title>Tour Privado Safari Natural en balsa en Arenal<\/title>\n<meta name=\"description\" content=\"Tour Privado Safari Natural en balsa en Arenal Disponer de su propio transporte y de un gu\u00eda tur\u00edstico privado le dar\u00e1 la flexibilidad necesaria para disfrutar plenamente. Reserve ahora\" \/>\n<meta name=\"robots\" content=\"noindex, follow, max-snippet:-1, max-image-preview:large, max-video-preview:-1\" \/>\n<meta property=\"og:locale\" content=\"es_ES\" \/>\n<meta property=\"og:type\" content=\"article\" \/>\n<meta property=\"og:title\" content=\"Tour Privado Safari Natural en balsa en Arenal\" \/>\n<meta property=\"og:description\" content=\"Tour Privado Safari Natural en balsa en Arenal Disponer de su propio transporte y de un gu\u00eda tur\u00edstico privado le dar\u00e1 la flexibilidad necesaria para disfrutar plenamente. Reserve ahora\" \/>\n<meta property=\"og:url\" content=\"https:\/\/staging.waveexpeditions.com\/es\/producto\/tour-privado-safari-natural-flotador-en-arenal\/\" \/>\n<meta property=\"og:site_name\" content=\"WAVE Rafting\" \/>\n<meta property=\"article:publisher\" content=\"https:\/\/www.facebook.com\/waveexp\/\" \/>\n<meta property=\"article:modified_time\" content=\"2024-02-22T15:58:49+00:00\" \/>\n<meta property=\"og:image\" content=\"https:\/\/staging.waveexpeditions.com\/wp-content\/uploads\/2025\/10\/Diseno-sin-titulo-7.webp\" \/>\n\t<meta property=\"og:image:width\" content=\"2048\" \/>\n\t<meta property=\"og:image:height\" content=\"2048\" \/>\n\t<meta property=\"og:image:type\" content=\"image\/webp\" \/>\n<meta name=\"twitter:card\" content=\"summary_large_image\" \/>\n<meta name=\"twitter:site\" content=\"@waveexpeditions\" \/>\n<meta name=\"twitter:label1\" content=\"Tiempo de lectura\" \/>\n\t<meta name=\"twitter:data1\" content=\"2 minutos\" \/>\n<script type=\"application\/ld+json\" class=\"yoast-schema-graph\">{\"@context\":\"https:\\\/\\\/schema.org\",\"@graph\":[{\"@type\":\"WebPage\",\"@id\":\"https:\\\/\\\/staging.waveexpeditions.com\\\/es\\\/producto\\\/tour-privado-safari-natural-flotador-en-arenal\\\/\",\"url\":\"https:\\\/\\\/staging.waveexpeditions.com\\\/es\\\/producto\\\/tour-privado-safari-natural-flotador-en-arenal\\\/\",\"name\":\"Tour Privado Safari Natural en balsa en Arenal\",\"isPartOf\":{\"@id\":\"https:\\\/\\\/staging.waveexpeditions.com\\\/es\\\/#website\"},\"primaryImageOfPage\":{\"@id\":\"https:\\\/\\\/staging.waveexpeditions.com\\\/es\\\/producto\\\/tour-privado-safari-natural-flotador-en-arenal\\\/#primaryimage\"},\"image\":{\"@id\":\"https:\\\/\\\/staging.waveexpeditions.com\\\/es\\\/producto\\\/tour-privado-safari-natural-flotador-en-arenal\\\/#primaryimage\"},\"thumbnailUrl\":\"https:\\\/\\\/staging.waveexpeditions.com\\\/wp-content\\\/uploads\\\/2025\\\/10\\\/Diseno-sin-titulo-7.webp\",\"datePublished\":\"2016-09-06T22:05:22+00:00\",\"dateModified\":\"2024-02-22T15:58:49+00:00\",\"description\":\"Tour Privado Safari Natural en balsa en Arenal Disponer de su propio transporte y de un gu\u00eda tur\u00edstico privado le dar\u00e1 la flexibilidad necesaria para disfrutar plenamente. Reserve ahora\",\"breadcrumb\":{\"@id\":\"https:\\\/\\\/staging.waveexpeditions.com\\\/es\\\/producto\\\/tour-privado-safari-natural-flotador-en-arenal\\\/#breadcrumb\"},\"inLanguage\":\"es\",\"potentialAction\":[{\"@type\":\"ReadAction\",\"target\":[\"https:\\\/\\\/staging.waveexpeditions.com\\\/es\\\/producto\\\/tour-privado-safari-natural-flotador-en-arenal\\\/\"]}]},{\"@type\":\"ImageObject\",\"inLanguage\":\"es\",\"@id\":\"https:\\\/\\\/staging.waveexpeditions.com\\\/es\\\/producto\\\/tour-privado-safari-natural-flotador-en-arenal\\\/#primaryimage\",\"url\":\"https:\\\/\\\/staging.waveexpeditions.com\\\/wp-content\\\/uploads\\\/2025\\\/10\\\/Diseno-sin-titulo-7.webp\",\"contentUrl\":\"https:\\\/\\\/staging.waveexpeditions.com\\\/wp-content\\\/uploads\\\/2025\\\/10\\\/Diseno-sin-titulo-7.webp\",\"width\":2048,\"height\":2048,\"caption\":\"Peaceful river exploration with Wave Rafting\u2014perfect for wildlife lovers and families on a private safari float in Arenal.\"},{\"@type\":\"BreadcrumbList\",\"@id\":\"https:\\\/\\\/staging.waveexpeditions.com\\\/es\\\/producto\\\/tour-privado-safari-natural-flotador-en-arenal\\\/#breadcrumb\",\"itemListElement\":[{\"@type\":\"ListItem\",\"position\":1,\"name\":\"Home\",\"item\":\"https:\\\/\\\/staging.waveexpeditions.com\\\/es\\\/wave-rafting-costa-rica\\\/\"},{\"@type\":\"ListItem\",\"position\":2,\"name\":\"Productos\",\"item\":\"https:\\\/\\\/staging.waveexpeditions.com\\\/es\\\/shop\\\/\"},{\"@type\":\"ListItem\",\"position\":3,\"name\":\"Tour Privado Safari Natural en balsa en Arenal\"}]},{\"@type\":\"WebSite\",\"@id\":\"https:\\\/\\\/staging.waveexpeditions.com\\\/es\\\/#website\",\"url\":\"https:\\\/\\\/staging.waveexpeditions.com\\\/es\\\/\",\"name\":\"WAVE Rafting\",\"description\":\"Rafting Costa Rica\",\"publisher\":{\"@id\":\"https:\\\/\\\/staging.waveexpeditions.com\\\/es\\\/#organization\"},\"potentialAction\":[{\"@type\":\"SearchAction\",\"target\":{\"@type\":\"EntryPoint\",\"urlTemplate\":\"https:\\\/\\\/staging.waveexpeditions.com\\\/es\\\/?s={search_term_string}\"},\"query-input\":{\"@type\":\"PropertyValueSpecification\",\"valueRequired\":true,\"valueName\":\"search_term_string\"}}],\"inLanguage\":\"es\"},{\"@type\":\"Organization\",\"@id\":\"https:\\\/\\\/staging.waveexpeditions.com\\\/es\\\/#organization\",\"name\":\"WAVE Rafting\",\"url\":\"https:\\\/\\\/staging.waveexpeditions.com\\\/es\\\/\",\"logo\":{\"@type\":\"ImageObject\",\"inLanguage\":\"es\",\"@id\":\"https:\\\/\\\/staging.waveexpeditions.com\\\/es\\\/#\\\/schema\\\/logo\\\/image\\\/\",\"url\":\"https:\\\/\\\/www.staging.waveexpeditions.com\\\/wp-content\\\/uploads\\\/2016\\\/07\\\/logo_foot.png\",\"contentUrl\":\"https:\\\/\\\/www.staging.waveexpeditions.com\\\/wp-content\\\/uploads\\\/2016\\\/07\\\/logo_foot.png\",\"width\":503,\"height\":172,\"caption\":\"WAVE Rafting\"},\"image\":{\"@id\":\"https:\\\/\\\/staging.waveexpeditions.com\\\/es\\\/#\\\/schema\\\/logo\\\/image\\\/\"},\"sameAs\":[\"https:\\\/\\\/www.facebook.com\\\/waveexp\\\/\",\"https:\\\/\\\/x.com\\\/waveexpeditions\",\"https:\\\/\\\/www.instagram.com\\\/wave.expeditions\\\/\"]}]}<\/script>\n<!-- \/ Yoast SEO plugin. -->","yoast_head_json":{"title":"Tour Privado Safari Natural en balsa en Arenal","description":"Tour Privado Safari Natural en balsa en Arenal Disponer de su propio transporte y de un gu\u00eda tur\u00edstico privado le dar\u00e1 la flexibilidad necesaria para disfrutar plenamente. Reserve ahora","robots":{"index":"noindex","follow":"follow","max-snippet":"max-snippet:-1","max-image-preview":"max-image-preview:large","max-video-preview":"max-video-preview:-1"},"og_locale":"es_ES","og_type":"article","og_title":"Tour Privado Safari Natural en balsa en Arenal","og_description":"Tour Privado Safari Natural en balsa en Arenal Disponer de su propio transporte y de un gu\u00eda tur\u00edstico privado le dar\u00e1 la flexibilidad necesaria para disfrutar plenamente. Reserve ahora","og_url":"https:\/\/staging.waveexpeditions.com\/es\/producto\/tour-privado-safari-natural-flotador-en-arenal\/","og_site_name":"WAVE Rafting","article_publisher":"https:\/\/www.facebook.com\/waveexp\/","article_modified_time":"2024-02-22T15:58:49+00:00","og_image":[{"width":2048,"height":2048,"url":"https:\/\/staging.waveexpeditions.com\/wp-content\/uploads\/2025\/10\/Diseno-sin-titulo-7.webp","type":"image\/webp"}],"twitter_card":"summary_large_image","twitter_site":"@waveexpeditions","twitter_misc":{"Tiempo de lectura":"2 minutos"},"schema":{"@context":"https:\/\/schema.org","@graph":[{"@type":"WebPage","@id":"https:\/\/staging.waveexpeditions.com\/es\/producto\/tour-privado-safari-natural-flotador-en-arenal\/","url":"https:\/\/staging.waveexpeditions.com\/es\/producto\/tour-privado-safari-natural-flotador-en-arenal\/","name":"Tour Privado Safari Natural en balsa en Arenal","isPartOf":{"@id":"https:\/\/staging.waveexpeditions.com\/es\/#website"},"primaryImageOfPage":{"@id":"https:\/\/staging.waveexpeditions.com\/es\/producto\/tour-privado-safari-natural-flotador-en-arenal\/#primaryimage"},"image":{"@id":"https:\/\/staging.waveexpeditions.com\/es\/producto\/tour-privado-safari-natural-flotador-en-arenal\/#primaryimage"},"thumbnailUrl":"https:\/\/staging.waveexpeditions.com\/wp-content\/uploads\/2025\/10\/Diseno-sin-titulo-7.webp","datePublished":"2016-09-06T22:05:22+00:00","dateModified":"2024-02-22T15:58:49+00:00","description":"Tour Privado Safari Natural en balsa en Arenal Disponer de su propio transporte y de un gu\u00eda tur\u00edstico privado le dar\u00e1 la flexibilidad necesaria para disfrutar plenamente. Reserve ahora","breadcrumb":{"@id":"https:\/\/staging.waveexpeditions.com\/es\/producto\/tour-privado-safari-natural-flotador-en-arenal\/#breadcrumb"},"inLanguage":"es","potentialAction":[{"@type":"ReadAction","target":["https:\/\/staging.waveexpeditions.com\/es\/producto\/tour-privado-safari-natural-flotador-en-arenal\/"]}]},{"@type":"ImageObject","inLanguage":"es","@id":"https:\/\/staging.waveexpeditions.com\/es\/producto\/tour-privado-safari-natural-flotador-en-arenal\/#primaryimage","url":"https:\/\/staging.waveexpeditions.com\/wp-content\/uploads\/2025\/10\/Diseno-sin-titulo-7.webp","contentUrl":"https:\/\/staging.waveexpeditions.com\/wp-content\/uploads\/2025\/10\/Diseno-sin-titulo-7.webp","width":2048,"height":2048,"caption":"Peaceful river exploration with Wave Rafting\u2014perfect for wildlife lovers and families on a private safari float in Arenal."},{"@type":"BreadcrumbList","@id":"https:\/\/staging.waveexpeditions.com\/es\/producto\/tour-privado-safari-natural-flotador-en-arenal\/#breadcrumb","itemListElement":[{"@type":"ListItem","position":1,"name":"Home","item":"https:\/\/staging.waveexpeditions.com\/es\/wave-rafting-costa-rica\/"},{"@type":"ListItem","position":2,"name":"Productos","item":"https:\/\/staging.waveexpeditions.com\/es\/shop\/"},{"@type":"ListItem","position":3,"name":"Tour Privado Safari Natural en balsa en Arenal"}]},{"@type":"WebSite","@id":"https:\/\/staging.waveexpeditions.com\/es\/#website","url":"https:\/\/staging.waveexpeditions.com\/es\/","name":"WAVE Rafting","description":"Rafting Costa Rica","publisher":{"@id":"https:\/\/staging.waveexpeditions.com\/es\/#organization"},"potentialAction":[{"@type":"SearchAction","target":{"@type":"EntryPoint","urlTemplate":"https:\/\/staging.waveexpeditions.com\/es\/?s={search_term_string}"},"query-input":{"@type":"PropertyValueSpecification","valueRequired":true,"valueName":"search_term_string"}}],"inLanguage":"es"},{"@type":"Organization","@id":"https:\/\/staging.waveexpeditions.com\/es\/#organization","name":"WAVE Rafting","url":"https:\/\/staging.waveexpeditions.com\/es\/","logo":{"@type":"ImageObject","inLanguage":"es","@id":"https:\/\/staging.waveexpeditions.com\/es\/#\/schema\/logo\/image\/","url":"https:\/\/www.staging.waveexpeditions.com\/wp-content\/uploads\/2016\/07\/logo_foot.png","contentUrl":"https:\/\/www.staging.waveexpeditions.com\/wp-content\/uploads\/2016\/07\/logo_foot.png","width":503,"height":172,"caption":"WAVE Rafting"},"image":{"@id":"https:\/\/staging.waveexpeditions.com\/es\/#\/schema\/logo\/image\/"},"sameAs":["https:\/\/www.facebook.com\/waveexp\/","https:\/\/x.com\/waveexpeditions","https:\/\/www.instagram.com\/wave.expeditions\/"]}]}},"_links":{"self":[{"href":"https:\/\/staging.waveexpeditions.com\/es\/wp-json\/wp\/v2\/product\/47417","targetHints":{"allow":["GET"]}}],"collection":[{"href":"https:\/\/staging.waveexpeditions.com\/es\/wp-json\/wp\/v2\/product"}],"about":[{"href":"https:\/\/staging.waveexpeditions.com\/es\/wp-json\/wp\/v2\/types\/product"}],"wp:featuredmedia":[{"embeddable":true,"href":"https:\/\/staging.waveexpeditions.com\/es\/wp-json\/wp\/v2\/media\/54666"}],"wp:attachment":[{"href":"https:\/\/staging.waveexpeditions.com\/es\/wp-json\/wp\/v2\/media?parent=47417"}],"wp:term":[{"taxonomy":"product_brand","embeddable":true,"href":"https:\/\/staging.waveexpeditions.com\/es\/wp-json\/wp\/v2\/product_brand?post=47417"},{"taxonomy":"product_cat","embeddable":true,"href":"https:\/\/staging.waveexpeditions.com\/es\/wp-json\/wp\/v2\/product_cat?post=47417"},{"taxonomy":"product_tag","embeddable":true,"href":"https:\/\/staging.waveexpeditions.com\/es\/wp-json\/wp\/v2\/product_tag?post=47417"}],"curies":[{"name":"wp","href":"https:\/\/api.w.org\/{rel}","templated":true}]}}