{"id":47420,"date":"2016-08-11T16:16:26","date_gmt":"2016-08-11T22:16:26","guid":{"rendered":"https:\/\/www.waveexpeditions.com\/staging-wave-2-0\/product\/combo-de-rafting-y-aventura-de-rapel-en-cascada\/"},"modified":"2024-02-23T12:26:43","modified_gmt":"2024-02-23T18:26:43","slug":"combo-de-rafting-y-aventura-de-rapel-en-catarata","status":"publish","type":"product","link":"https:\/\/staging.waveexpeditions.com\/es\/producto\/combo-de-rafting-y-aventura-de-rapel-en-catarata\/","title":{"rendered":"Combo de Rafting y Aventura de Rapel en Catarata"},"content":{"rendered":"<p><strong>La combinaci\u00f3n de aventuras de rafting y rappel en catarata de pura adrenalina en Arenal<\/strong> seguramente ser\u00e1 el punto culminante de tus vacaciones en Costa Rica.<\/p>\n<p>Te recogeremos en tu hotel y nos dirigiremos hacia el \u00e1rea donde comenzaremos la primera aventura. Este tour familiar comienza con una caminata de 30 minutos en veh\u00edculo 4&#215;4 hacia las afueras de La Fortuna, a la sombra del majestuoso Volc\u00e1n Arenal. Despu\u00e9s de equiparse y recibir una breve charla de seguridad, el grupo emprende una corta caminata por un sendero a trav\u00e9s de la selva tropical. Al llegar, comienza el descenso por la primera catarata hacia el espectacular ca\u00f1\u00f3n debajo. Escala el costado de la pared del ca\u00f1\u00f3n, cruza el ca\u00f1\u00f3n en tirolesa y descienda hasta el fondo del ca\u00f1\u00f3n. Despu\u00e9s de una corta caminata fuera del sendero del ca\u00f1\u00f3n, sube de nuevo al veh\u00edculo 4&#215;4 que espera para dirigirse hacia la segunda aventura del d\u00eda: rafting en aguas blancas.<\/p>\n<p>Disfruta de dos horas de emocionante rafting en aguas blancas a lo largo del hermoso r\u00edo tropical, enfrentando r\u00e1pidos de nivel 2 y 3. Disfruta de un refrescante ba\u00f1o y revital\u00edzate con frutas tropicales frescas y una bebida fr\u00eda. Al final del recorrido en balsa, disfrutar\u00e1s de un delicioso almuerzo costarricense. \u00a1Este es un gran viaje llueva o haga sol! Si el clima de Costa Rica no coopera y tienes un comienzo lluvioso en tu d\u00eda, esta aventura es perfecta porque de todas formas te mojar\u00e1s.<\/p>\n<p>\u00bfEntonces por qu\u00e9 esperar? \u00a1Reserva hoy mismo tu <strong>combinaci\u00f3n de aventuras de rafting y rappel en catarata!<\/strong><\/p>\n","protected":false},"excerpt":{"rendered":"<p>Un combo de aguas bravas y barranquismo lleno de adrenalina que sin duda ser\u00e1 lo m\u00e1s divertido de sus vacaciones.<\/p>\n","protected":false},"featured_media":52377,"template":"","meta":{"_acf_changed":false,"_crdt_document":"","_monsterinsights_skip_tracking":false,"_monsterinsights_sitenote_active":false,"_monsterinsights_sitenote_note":"","_monsterinsights_sitenote_category":0,"_joinchat":[]},"product_brand":[],"product_cat":[446,444],"product_tag":[333],"class_list":{"0":"post-47420","1":"product","2":"type-product","3":"status-publish","4":"has-post-thumbnail","6":"product_cat-combos-de-aventura","7":"product_cat-tours-es","8":"product_tag-la-fortuna-es","10":"first","11":"instock","12":"virtual","13":"sold-individually","14":"taxable","15":"purchasable","16":"product-type-booking"},"booking_location":"","booking_location_type":"","booking_duration":1,"booking_duration_unit":"day","booking_buffer":0,"booking_cost":0,"booking_resources":[],"exclude_global_add_ons":false,"addons":[{"name":"Can\u2019t find the date or time you want?","type":"heading","position":0,"required":false,"title_format":"heading","default":"","description_enable":true,"description":"No worries, we can help! <a style=\"color:#00ad67\" href=\"https:\/\/wa.me\/+50624797262\" target=\"_blank\">WhatsApp Us<\/a> or <a style=\"color:#0a5ca7\" href=\"mailto:info@waveexpeditions.com\" target=\"_blank\">Email US<\/a>","placeholder_enable":false,"placeholder":"","display":"select","restrictions_type":"any_text","adjust_price":false,"price":"","price_type":"flat_fee","restrictions":false,"min":"0","max":"0","options":[],"id":1740565927},{"name":"Pick Up Place- La Fortuna Hotels","type":"custom_text","position":0,"required":true,"title_format":"heading","default":"","description_enable":true,"description":"Please write the name of your Hotel.\r\nHotels outside of the regular route may have an extra charge.","placeholder_enable":false,"placeholder":"","display":"select","restrictions_type":"only_letters","adjust_price":false,"price":"","price_type":"flat_fee","restrictions":false,"min":"0","max":"0","options":[],"id":1689060866},{"name":"Drop Off - Next destination Hotel","type":"custom_text","position":1,"required":true,"title_format":"heading","default":"","description_enable":true,"description":"Please write the name of your Hotel. \r\nHotels outside of the regular route may have an extra charge.","placeholder_enable":false,"placeholder":"","display":"select","restrictions_type":"only_letters","adjust_price":false,"price":"","price_type":"flat_fee","restrictions":false,"min":"0","max":"0","options":[],"id":1689060867},{"name":"PICK UP LOCATION","type":"multiple_choice","position":0,"required":true,"title_format":"heading","default":"","description_enable":false,"description":"","placeholder_enable":false,"placeholder":"","display":"select","restrictions_type":"any_text","adjust_price":false,"price":"","price_type":"flat_fee","restrictions":false,"min":"0","max":"0","options":[{"label":"Arenal Hotels","price":"","price_type":"quantity_based","image":0,"visibility":true},{"label":"Manuel Antonio Hotels","price":"","price_type":"quantity_based","image":0,"visibility":true}],"id":1689066623},{"name":"DROP OFF LOCATION","type":"multiple_choice","position":0,"required":true,"title_format":"heading","default":"","description_enable":false,"description":"","placeholder_enable":false,"placeholder":"","display":"select","restrictions_type":"any_text","adjust_price":false,"price":"","price_type":"","restrictions":false,"min":"0","max":"0","options":[{"label":"Arenal Hotels","price":"","price_type":"quantity_based","image":0,"visibility":true},{"label":"San Jose Hotels","price":"","price_type":"quantity_based","image":0,"visibility":true}]},{"name":"Please provide hotel drop off name","type":"heading","position":0,"required":false,"title_format":"label","default":"","description_enable":true,"description":"Some hotels may be are out of our normal drop off range. If your hotel is out of our drop off route, additional charges may apply.","placeholder_enable":false,"placeholder":"","display":"select","restrictions_type":"any_text","adjust_price":false,"price":"","price_type":"","restrictions":false,"min":"0","max":"0","options":[]},{"name":"Please provide hotel drop off name","type":"custom_text","position":0,"required":true,"title_format":"hide","default":"","description_enable":false,"description":"","placeholder_enable":false,"placeholder":"","display":"select","restrictions_type":"any_text","adjust_price":false,"price":"","price_type":"quantity_based","restrictions":true,"min":"","max":"30","options":[]},{"name":"Please provide hotel pick up name","type":"heading","position":0,"required":false,"title_format":"label","default":"","description_enable":true,"description":"Some hotels may be are out of our normal pick up range. If your hotel is out of our pick up route, additional charges may apply.","placeholder_enable":false,"placeholder":"","display":"select","restrictions_type":"any_text","adjust_price":false,"price":"","price_type":"","restrictions":false,"min":"0","max":"0","options":[]},{"name":"Please provide hotel pick up name","type":"custom_text","position":0,"required":true,"title_format":"hide","default":"","description_enable":false,"description":"","placeholder_enable":false,"placeholder":"","display":"select","restrictions_type":"any_text","adjust_price":false,"price":"","price_type":"quantity_based","restrictions":true,"min":"","max":"30","options":[]},{"name":"Rent a GoPro","type":"multiple_choice","position":0,"required":false,"title_format":"label","default":"","description_enable":true,"description":"Only available for the Rafting Tour","placeholder_enable":false,"placeholder":"","display":"select","restrictions_type":"any_text","adjust_price":true,"price":"30","price_type":"flat_fee","restrictions":true,"min":"0","max":"5","options":[{"label":"1","price":"30","price_type":"flat_fee","image":0,"visibility":true},{"label":"2","price":"60","price_type":"flat_fee","image":0,"visibility":true},{"label":"3","price":"90","price_type":"flat_fee","image":0,"visibility":true},{"label":"4","price":"120","price_type":"flat_fee","image":0,"visibility":true},{"label":"5","price":"150","price_type":"flat_fee","image":0,"visibility":true}],"id":1739958656}],"acf":[],"yoast_head":"<!-- This site is optimized with the Yoast SEO plugin v27.5 - https:\/\/yoast.com\/product\/yoast-seo-wordpress\/ -->\n<title>Combo de Rafting y Aventura de Rapel en Cataratas<\/title>\n<meta name=\"description\" content=\"Combo de aventura de rafting y rappel en cataratas Descienda en rappel por cataratas tropicales antes de remar por divertidos r\u00e1pidos de clase II-III. Reserve hoy\" \/>\n<meta name=\"robots\" content=\"noindex, follow, max-snippet:-1, max-image-preview:large, max-video-preview:-1\" \/>\n<meta property=\"og:locale\" content=\"es_ES\" \/>\n<meta property=\"og:type\" content=\"article\" \/>\n<meta property=\"og:title\" content=\"Combo de Rafting y Aventura de Rapel en Cataratas\" \/>\n<meta property=\"og:description\" content=\"Combo de aventura de rafting y rappel en cataratas Descienda en rappel por cataratas tropicales antes de remar por divertidos r\u00e1pidos de clase II-III. Reserve hoy\" \/>\n<meta property=\"og:url\" content=\"https:\/\/staging.waveexpeditions.com\/es\/producto\/combo-de-rafting-y-aventura-de-rapel-en-catarata\/\" \/>\n<meta property=\"og:site_name\" content=\"WAVE Rafting\" \/>\n<meta property=\"article:publisher\" content=\"https:\/\/www.facebook.com\/waveexp\/\" \/>\n<meta property=\"article:modified_time\" content=\"2024-02-23T18:26:43+00:00\" \/>\n<meta property=\"og:image\" content=\"https:\/\/staging.waveexpeditions.com\/wp-content\/uploads\/2016\/08\/Rafting-Pure-Trek-Canyoning-1.webp\" \/>\n\t<meta property=\"og:image:width\" content=\"2048\" \/>\n\t<meta property=\"og:image:height\" content=\"2048\" \/>\n\t<meta property=\"og:image:type\" content=\"image\/webp\" \/>\n<meta name=\"twitter:card\" content=\"summary_large_image\" \/>\n<meta name=\"twitter:site\" content=\"@waveexpeditions\" \/>\n<meta name=\"twitter:label1\" content=\"Tiempo de lectura\" \/>\n\t<meta name=\"twitter:data1\" content=\"2 minutos\" \/>\n<script type=\"application\/ld+json\" class=\"yoast-schema-graph\">{\"@context\":\"https:\\\/\\\/schema.org\",\"@graph\":[{\"@type\":\"WebPage\",\"@id\":\"https:\\\/\\\/staging.waveexpeditions.com\\\/es\\\/producto\\\/combo-de-rafting-y-aventura-de-rapel-en-catarata\\\/\",\"url\":\"https:\\\/\\\/staging.waveexpeditions.com\\\/es\\\/producto\\\/combo-de-rafting-y-aventura-de-rapel-en-catarata\\\/\",\"name\":\"Combo de Rafting y Aventura de Rapel en Cataratas\",\"isPartOf\":{\"@id\":\"https:\\\/\\\/staging.waveexpeditions.com\\\/es\\\/#website\"},\"primaryImageOfPage\":{\"@id\":\"https:\\\/\\\/staging.waveexpeditions.com\\\/es\\\/producto\\\/combo-de-rafting-y-aventura-de-rapel-en-catarata\\\/#primaryimage\"},\"image\":{\"@id\":\"https:\\\/\\\/staging.waveexpeditions.com\\\/es\\\/producto\\\/combo-de-rafting-y-aventura-de-rapel-en-catarata\\\/#primaryimage\"},\"thumbnailUrl\":\"https:\\\/\\\/staging.waveexpeditions.com\\\/wp-content\\\/uploads\\\/2016\\\/08\\\/Rafting-Pure-Trek-Canyoning-1.webp\",\"datePublished\":\"2016-08-11T22:16:26+00:00\",\"dateModified\":\"2024-02-23T18:26:43+00:00\",\"description\":\"Combo de aventura de rafting y rappel en cataratas Descienda en rappel por cataratas tropicales antes de remar por divertidos r\u00e1pidos de clase II-III. Reserve hoy\",\"breadcrumb\":{\"@id\":\"https:\\\/\\\/staging.waveexpeditions.com\\\/es\\\/producto\\\/combo-de-rafting-y-aventura-de-rapel-en-catarata\\\/#breadcrumb\"},\"inLanguage\":\"es\",\"potentialAction\":[{\"@type\":\"ReadAction\",\"target\":[\"https:\\\/\\\/staging.waveexpeditions.com\\\/es\\\/producto\\\/combo-de-rafting-y-aventura-de-rapel-en-catarata\\\/\"]}]},{\"@type\":\"ImageObject\",\"inLanguage\":\"es\",\"@id\":\"https:\\\/\\\/staging.waveexpeditions.com\\\/es\\\/producto\\\/combo-de-rafting-y-aventura-de-rapel-en-catarata\\\/#primaryimage\",\"url\":\"https:\\\/\\\/staging.waveexpeditions.com\\\/wp-content\\\/uploads\\\/2016\\\/08\\\/Rafting-Pure-Trek-Canyoning-1.webp\",\"contentUrl\":\"https:\\\/\\\/staging.waveexpeditions.com\\\/wp-content\\\/uploads\\\/2016\\\/08\\\/Rafting-Pure-Trek-Canyoning-1.webp\",\"width\":2048,\"height\":2048,\"caption\":\"Adventure seekers enjoying a waterfall rappelling tour in the Costa Rican rainforest\"},{\"@type\":\"BreadcrumbList\",\"@id\":\"https:\\\/\\\/staging.waveexpeditions.com\\\/es\\\/producto\\\/combo-de-rafting-y-aventura-de-rapel-en-catarata\\\/#breadcrumb\",\"itemListElement\":[{\"@type\":\"ListItem\",\"position\":1,\"name\":\"Home\",\"item\":\"https:\\\/\\\/staging.waveexpeditions.com\\\/es\\\/wave-rafting-costa-rica\\\/\"},{\"@type\":\"ListItem\",\"position\":2,\"name\":\"Productos\",\"item\":\"https:\\\/\\\/staging.waveexpeditions.com\\\/es\\\/shop\\\/\"},{\"@type\":\"ListItem\",\"position\":3,\"name\":\"Combo de Rafting y Aventura de Rapel en Catarata\"}]},{\"@type\":\"WebSite\",\"@id\":\"https:\\\/\\\/staging.waveexpeditions.com\\\/es\\\/#website\",\"url\":\"https:\\\/\\\/staging.waveexpeditions.com\\\/es\\\/\",\"name\":\"WAVE Rafting\",\"description\":\"Rafting Costa Rica\",\"publisher\":{\"@id\":\"https:\\\/\\\/staging.waveexpeditions.com\\\/es\\\/#organization\"},\"potentialAction\":[{\"@type\":\"SearchAction\",\"target\":{\"@type\":\"EntryPoint\",\"urlTemplate\":\"https:\\\/\\\/staging.waveexpeditions.com\\\/es\\\/?s={search_term_string}\"},\"query-input\":{\"@type\":\"PropertyValueSpecification\",\"valueRequired\":true,\"valueName\":\"search_term_string\"}}],\"inLanguage\":\"es\"},{\"@type\":\"Organization\",\"@id\":\"https:\\\/\\\/staging.waveexpeditions.com\\\/es\\\/#organization\",\"name\":\"WAVE Rafting\",\"url\":\"https:\\\/\\\/staging.waveexpeditions.com\\\/es\\\/\",\"logo\":{\"@type\":\"ImageObject\",\"inLanguage\":\"es\",\"@id\":\"https:\\\/\\\/staging.waveexpeditions.com\\\/es\\\/#\\\/schema\\\/logo\\\/image\\\/\",\"url\":\"https:\\\/\\\/www.staging.waveexpeditions.com\\\/wp-content\\\/uploads\\\/2016\\\/07\\\/logo_foot.png\",\"contentUrl\":\"https:\\\/\\\/www.staging.waveexpeditions.com\\\/wp-content\\\/uploads\\\/2016\\\/07\\\/logo_foot.png\",\"width\":503,\"height\":172,\"caption\":\"WAVE Rafting\"},\"image\":{\"@id\":\"https:\\\/\\\/staging.waveexpeditions.com\\\/es\\\/#\\\/schema\\\/logo\\\/image\\\/\"},\"sameAs\":[\"https:\\\/\\\/www.facebook.com\\\/waveexp\\\/\",\"https:\\\/\\\/x.com\\\/waveexpeditions\",\"https:\\\/\\\/www.instagram.com\\\/wave.expeditions\\\/\"]}]}<\/script>\n<!-- \/ Yoast SEO plugin. -->","yoast_head_json":{"title":"Combo de Rafting y Aventura de Rapel en Cataratas","description":"Combo de aventura de rafting y rappel en cataratas Descienda en rappel por cataratas tropicales antes de remar por divertidos r\u00e1pidos de clase II-III. Reserve hoy","robots":{"index":"noindex","follow":"follow","max-snippet":"max-snippet:-1","max-image-preview":"max-image-preview:large","max-video-preview":"max-video-preview:-1"},"og_locale":"es_ES","og_type":"article","og_title":"Combo de Rafting y Aventura de Rapel en Cataratas","og_description":"Combo de aventura de rafting y rappel en cataratas Descienda en rappel por cataratas tropicales antes de remar por divertidos r\u00e1pidos de clase II-III. Reserve hoy","og_url":"https:\/\/staging.waveexpeditions.com\/es\/producto\/combo-de-rafting-y-aventura-de-rapel-en-catarata\/","og_site_name":"WAVE Rafting","article_publisher":"https:\/\/www.facebook.com\/waveexp\/","article_modified_time":"2024-02-23T18:26:43+00:00","og_image":[{"width":2048,"height":2048,"url":"https:\/\/staging.waveexpeditions.com\/wp-content\/uploads\/2016\/08\/Rafting-Pure-Trek-Canyoning-1.webp","type":"image\/webp"}],"twitter_card":"summary_large_image","twitter_site":"@waveexpeditions","twitter_misc":{"Tiempo de lectura":"2 minutos"},"schema":{"@context":"https:\/\/schema.org","@graph":[{"@type":"WebPage","@id":"https:\/\/staging.waveexpeditions.com\/es\/producto\/combo-de-rafting-y-aventura-de-rapel-en-catarata\/","url":"https:\/\/staging.waveexpeditions.com\/es\/producto\/combo-de-rafting-y-aventura-de-rapel-en-catarata\/","name":"Combo de Rafting y Aventura de Rapel en Cataratas","isPartOf":{"@id":"https:\/\/staging.waveexpeditions.com\/es\/#website"},"primaryImageOfPage":{"@id":"https:\/\/staging.waveexpeditions.com\/es\/producto\/combo-de-rafting-y-aventura-de-rapel-en-catarata\/#primaryimage"},"image":{"@id":"https:\/\/staging.waveexpeditions.com\/es\/producto\/combo-de-rafting-y-aventura-de-rapel-en-catarata\/#primaryimage"},"thumbnailUrl":"https:\/\/staging.waveexpeditions.com\/wp-content\/uploads\/2016\/08\/Rafting-Pure-Trek-Canyoning-1.webp","datePublished":"2016-08-11T22:16:26+00:00","dateModified":"2024-02-23T18:26:43+00:00","description":"Combo de aventura de rafting y rappel en cataratas Descienda en rappel por cataratas tropicales antes de remar por divertidos r\u00e1pidos de clase II-III. Reserve hoy","breadcrumb":{"@id":"https:\/\/staging.waveexpeditions.com\/es\/producto\/combo-de-rafting-y-aventura-de-rapel-en-catarata\/#breadcrumb"},"inLanguage":"es","potentialAction":[{"@type":"ReadAction","target":["https:\/\/staging.waveexpeditions.com\/es\/producto\/combo-de-rafting-y-aventura-de-rapel-en-catarata\/"]}]},{"@type":"ImageObject","inLanguage":"es","@id":"https:\/\/staging.waveexpeditions.com\/es\/producto\/combo-de-rafting-y-aventura-de-rapel-en-catarata\/#primaryimage","url":"https:\/\/staging.waveexpeditions.com\/wp-content\/uploads\/2016\/08\/Rafting-Pure-Trek-Canyoning-1.webp","contentUrl":"https:\/\/staging.waveexpeditions.com\/wp-content\/uploads\/2016\/08\/Rafting-Pure-Trek-Canyoning-1.webp","width":2048,"height":2048,"caption":"Adventure seekers enjoying a waterfall rappelling tour in the Costa Rican rainforest"},{"@type":"BreadcrumbList","@id":"https:\/\/staging.waveexpeditions.com\/es\/producto\/combo-de-rafting-y-aventura-de-rapel-en-catarata\/#breadcrumb","itemListElement":[{"@type":"ListItem","position":1,"name":"Home","item":"https:\/\/staging.waveexpeditions.com\/es\/wave-rafting-costa-rica\/"},{"@type":"ListItem","position":2,"name":"Productos","item":"https:\/\/staging.waveexpeditions.com\/es\/shop\/"},{"@type":"ListItem","position":3,"name":"Combo de Rafting y Aventura de Rapel en Catarata"}]},{"@type":"WebSite","@id":"https:\/\/staging.waveexpeditions.com\/es\/#website","url":"https:\/\/staging.waveexpeditions.com\/es\/","name":"WAVE Rafting","description":"Rafting Costa Rica","publisher":{"@id":"https:\/\/staging.waveexpeditions.com\/es\/#organization"},"potentialAction":[{"@type":"SearchAction","target":{"@type":"EntryPoint","urlTemplate":"https:\/\/staging.waveexpeditions.com\/es\/?s={search_term_string}"},"query-input":{"@type":"PropertyValueSpecification","valueRequired":true,"valueName":"search_term_string"}}],"inLanguage":"es"},{"@type":"Organization","@id":"https:\/\/staging.waveexpeditions.com\/es\/#organization","name":"WAVE Rafting","url":"https:\/\/staging.waveexpeditions.com\/es\/","logo":{"@type":"ImageObject","inLanguage":"es","@id":"https:\/\/staging.waveexpeditions.com\/es\/#\/schema\/logo\/image\/","url":"https:\/\/www.staging.waveexpeditions.com\/wp-content\/uploads\/2016\/07\/logo_foot.png","contentUrl":"https:\/\/www.staging.waveexpeditions.com\/wp-content\/uploads\/2016\/07\/logo_foot.png","width":503,"height":172,"caption":"WAVE Rafting"},"image":{"@id":"https:\/\/staging.waveexpeditions.com\/es\/#\/schema\/logo\/image\/"},"sameAs":["https:\/\/www.facebook.com\/waveexp\/","https:\/\/x.com\/waveexpeditions","https:\/\/www.instagram.com\/wave.expeditions\/"]}]}},"_links":{"self":[{"href":"https:\/\/staging.waveexpeditions.com\/es\/wp-json\/wp\/v2\/product\/47420","targetHints":{"allow":["GET"]}}],"collection":[{"href":"https:\/\/staging.waveexpeditions.com\/es\/wp-json\/wp\/v2\/product"}],"about":[{"href":"https:\/\/staging.waveexpeditions.com\/es\/wp-json\/wp\/v2\/types\/product"}],"wp:featuredmedia":[{"embeddable":true,"href":"https:\/\/staging.waveexpeditions.com\/es\/wp-json\/wp\/v2\/media\/52377"}],"wp:attachment":[{"href":"https:\/\/staging.waveexpeditions.com\/es\/wp-json\/wp\/v2\/media?parent=47420"}],"wp:term":[{"taxonomy":"product_brand","embeddable":true,"href":"https:\/\/staging.waveexpeditions.com\/es\/wp-json\/wp\/v2\/product_brand?post=47420"},{"taxonomy":"product_cat","embeddable":true,"href":"https:\/\/staging.waveexpeditions.com\/es\/wp-json\/wp\/v2\/product_cat?post=47420"},{"taxonomy":"product_tag","embeddable":true,"href":"https:\/\/staging.waveexpeditions.com\/es\/wp-json\/wp\/v2\/product_tag?post=47420"}],"curies":[{"name":"wp","href":"https:\/\/api.w.org\/{rel}","templated":true}]}}