{"id":47422,"date":"2017-05-23T13:56:55","date_gmt":"2024-02-19T17:52:01","guid":{"rendered":"https:\/\/www.waveexpeditions.com\/staging-wave-2-0\/product\/safari-flotador-y-tortillero-la-fortuna-costa-rica\/"},"modified":"2024-02-23T14:56:09","modified_gmt":"2024-02-23T20:56:09","slug":"safari-flotador-y-tortillero-la-fortuna-costa-rica","status":"publish","type":"product","link":"https:\/\/staging.waveexpeditions.com\/es\/producto\/safari-flotador-y-tortillero-la-fortuna-costa-rica\/","title":{"rendered":"Safari Flotante + Elaboraci\u00f3n de Tortillas | La Fortuna Costa Rica"},"content":{"rendered":"<p>Su d\u00eda de aventura e inmersi\u00f3n cultural en nuestro  <strong>Safari Flotante + Elaboraci\u00f3n de Tortillas<\/strong>  comienza en las Pe\u00f1as Blancas  <a href=\"\/?p=47423\">Safari Flotante<\/a>  el lugar perfecto para que todos, desde los m\u00e1s peque\u00f1os hasta los m\u00e1s mayores amantes de la naturaleza de su grupo, se acerquen lo suficiente para escuchar los sonidos de la fauna salvaje.<\/p>\n<p>Tras un corto trayecto en coche desde La Fortuna hasta el embarcadero del r\u00edo, su gu\u00eda le proporcionar\u00e1 chalecos salvavidas y le ayudar\u00e1 a subir a la balsa para su descenso de dos horas por las Pe\u00f1as Blancas. Su gu\u00eda compartir\u00e1 su amor por Costa Rica y los conocimientos e historia que conocen por haber vivido en la regi\u00f3n.<\/p>\n<p>En esta relajante flotada por el r\u00edo Pe\u00f1as Blancas, se mover\u00e1 lenta y sigilosamente para no perturbar el ambiente, lo que mejora enormemente sus posibilidades de ver la abundante vida que habita este r\u00edo. Monos, el murci\u00e9lago narigudo, iguanas, lagartijas de Jesucristo, b\u00fahos y mucho m\u00e1s residen a lo largo de las orillas del r\u00edo Pe\u00f1as Blancas.<\/p>\n<p>Despu\u00e9s de regresar al muelle, partir\u00e1 hacia la Experiencia de Elaboraci\u00f3n de Tortillas de Do\u00f1a Mara, y visitar\u00e1 a una familia local. Este tiempo en casa de Do\u00f1a Maras le permitir\u00e1 comprender mejor el significado de &#8220;Pura Vida&#8221; (vida pura) que experimentan los costarricenses rurales. \u00a1Esta aut\u00e9ntica experiencia cultural deber\u00eda formar parte de la visita de todo el mundo a Costa Rica!<\/p>\n<p>Le daremos la bienvenida con una bebida tropical (pi\u00f1a, naranja y agua de coco) en el &#8220;rancho&#8221; (como un gazebo) y disfrutar\u00e1 de un delicioso almuerzo t\u00edpico preparado en la r\u00fastica cocina de le\u00f1a de Do\u00f1a Mara. Mientras se cocina el almuerzo, tendr\u00e1 la oportunidad de probar suerte haciendo tortillas con &#8220;masa&#8221; de ma\u00edz reci\u00e9n molida. Aprender\u00e1 a aplanar la masa en c\u00edrculos perfectos, listos para cocinar &#8211; y lo mejor &#8211; \u00a1podr\u00e1 disfrutar de las tortillas caseras frescas servidas con el almuerzo!<\/p>\n<p>Se anima a los hu\u00e9spedes a que practiquen su espa\u00f1ol y aprendan sobre la cultura costarricense mientras almuerzan con la familia.<br \/>\nAl final de la excursi\u00f3n, su ch\u00f3fer le llevar\u00e1 de vuelta a su hotel de la zona de La Fortuna.<\/p>\n<p>\u00bfPor qu\u00e9 esperar? Reserve hoy mismo su<strong> safari flotante y elaboraci\u00f3n de tortillas<\/strong>.<\/p>\n","protected":false},"excerpt":{"rendered":"<p>Su d\u00eda de aventura e inmersi\u00f3n cultural comienza en el Safari Flotante en el r\u00edo Pe\u00f1as Blancas.<\/p>\n","protected":false},"featured_media":52416,"template":"","meta":{"_acf_changed":false,"_crdt_document":"","_monsterinsights_skip_tracking":false,"_monsterinsights_sitenote_active":false,"_monsterinsights_sitenote_note":"","_monsterinsights_sitenote_category":0,"_joinchat":[]},"product_brand":[],"product_cat":[444,454],"product_tag":[333],"class_list":{"0":"post-47422","1":"product","2":"type-product","3":"status-publish","4":"has-post-thumbnail","6":"product_cat-tours-es","7":"product_cat-tours-de-naturaleza-la-fortuna-costa-rica","8":"product_tag-la-fortuna-es","10":"first","11":"instock","12":"virtual","13":"sold-individually","14":"taxable","15":"purchasable","16":"product-type-booking"},"booking_location":"","booking_location_type":"","booking_duration":1,"booking_duration_unit":"day","booking_buffer":0,"booking_cost":0,"booking_resources":[],"exclude_global_add_ons":false,"addons":[{"name":"Can\u2019t find the date or time you want?","type":"heading","position":0,"required":false,"title_format":"heading","default":"","description_enable":true,"description":"No worries, we can help! <a style=\"color:#00ad67\" href=\"https:\/\/wa.me\/+50624797262\" target=\"_blank\">WhatsApp Us<\/a> or <a style=\"color:#0a5ca7\" href=\"mailto:info@waveexpeditions.com\" target=\"_blank\">Email US<\/a>","placeholder_enable":false,"placeholder":"","display":"select","restrictions_type":"any_text","adjust_price":false,"price":"","price_type":"flat_fee","restrictions":false,"min":"0","max":"0","options":[],"id":1740565927},{"name":"Pick Up Place- La Fortuna Hotels","type":"custom_text","position":0,"required":true,"title_format":"heading","default":"","description_enable":true,"description":"Please write the name of your Hotel.\r\nHotels outside of the regular route may have an extra charge.","placeholder_enable":false,"placeholder":"","display":"select","restrictions_type":"only_letters","adjust_price":false,"price":"","price_type":"flat_fee","restrictions":false,"min":"0","max":"0","options":[],"id":1689060866},{"name":"Drop Off - Next destination Hotel","type":"custom_text","position":1,"required":true,"title_format":"heading","default":"","description_enable":true,"description":"Please write the name of your Hotel. \r\nHotels outside of the regular route may have an extra charge.","placeholder_enable":false,"placeholder":"","display":"select","restrictions_type":"only_letters","adjust_price":false,"price":"","price_type":"flat_fee","restrictions":false,"min":"0","max":"0","options":[],"id":1689060867},{"name":"PICK UP LOCATION","type":"multiple_choice","position":0,"required":true,"title_format":"heading","default":"","description_enable":false,"description":"","placeholder_enable":false,"placeholder":"","display":"select","restrictions_type":"any_text","adjust_price":false,"price":"","price_type":"flat_fee","restrictions":false,"min":"0","max":"0","options":[{"label":"Arenal Hotels","price":"","price_type":"quantity_based","image":0,"visibility":true},{"label":"Manuel Antonio Hotels","price":"","price_type":"quantity_based","image":0,"visibility":true}],"id":1689066623},{"name":"DROP OFF LOCATION","type":"multiple_choice","position":0,"required":true,"title_format":"heading","default":"","description_enable":false,"description":"","placeholder_enable":false,"placeholder":"","display":"select","restrictions_type":"any_text","adjust_price":false,"price":"","price_type":"","restrictions":false,"min":"0","max":"0","options":[{"label":"Arenal Hotels","price":"","price_type":"quantity_based","image":0,"visibility":true},{"label":"San Jose Hotels","price":"","price_type":"quantity_based","image":0,"visibility":true}]},{"name":"Please provide hotel drop off name","type":"heading","position":0,"required":false,"title_format":"label","default":"","description_enable":true,"description":"Some hotels may be are out of our normal drop off range. If your hotel is out of our drop off route, additional charges may apply.","placeholder_enable":false,"placeholder":"","display":"select","restrictions_type":"any_text","adjust_price":false,"price":"","price_type":"","restrictions":false,"min":"0","max":"0","options":[]},{"name":"Please provide hotel drop off name","type":"custom_text","position":0,"required":true,"title_format":"hide","default":"","description_enable":false,"description":"","placeholder_enable":false,"placeholder":"","display":"select","restrictions_type":"any_text","adjust_price":false,"price":"","price_type":"quantity_based","restrictions":true,"min":"","max":"30","options":[]},{"name":"Please provide hotel pick up name","type":"heading","position":0,"required":false,"title_format":"label","default":"","description_enable":true,"description":"Some hotels may be are out of our normal pick up range. If your hotel is out of our pick up route, additional charges may apply.","placeholder_enable":false,"placeholder":"","display":"select","restrictions_type":"any_text","adjust_price":false,"price":"","price_type":"","restrictions":false,"min":"0","max":"0","options":[]},{"name":"Please provide hotel pick up name","type":"custom_text","position":0,"required":true,"title_format":"hide","default":"","description_enable":false,"description":"","placeholder_enable":false,"placeholder":"","display":"select","restrictions_type":"any_text","adjust_price":false,"price":"","price_type":"quantity_based","restrictions":true,"min":"","max":"30","options":[]},{"name":"Rent a GoPro","type":"multiple_choice","position":0,"required":false,"title_format":"label","default":"","description_enable":true,"description":"Only available for the Rafting Tour","placeholder_enable":false,"placeholder":"","display":"select","restrictions_type":"any_text","adjust_price":true,"price":"30","price_type":"flat_fee","restrictions":true,"min":"0","max":"5","options":[{"label":"1","price":"30","price_type":"flat_fee","image":0,"visibility":true},{"label":"2","price":"60","price_type":"flat_fee","image":0,"visibility":true},{"label":"3","price":"90","price_type":"flat_fee","image":0,"visibility":true},{"label":"4","price":"120","price_type":"flat_fee","image":0,"visibility":true},{"label":"5","price":"150","price_type":"flat_fee","image":0,"visibility":true}],"id":1739958656}],"acf":[],"yoast_head":"<!-- This site is optimized with the Yoast SEO plugin v27.5 - https:\/\/yoast.com\/product\/yoast-seo-wordpress\/ -->\n<title>Safari Flotante + Elaboraci\u00f3n de Tortillas<\/title>\n<meta name=\"description\" content=\"Su d\u00eda de aventura e inmersi\u00f3n cultural en nuestro Safari Flotante + Elaboraci\u00f3n de Tortillas comienza en el r\u00edo Pe\u00f1as Blancas. \u00a1Reserve hoy mismo!\" \/>\n<meta name=\"robots\" content=\"noindex, follow, max-snippet:-1, max-image-preview:large, max-video-preview:-1\" \/>\n<meta property=\"og:locale\" content=\"es_ES\" \/>\n<meta property=\"og:type\" content=\"article\" \/>\n<meta property=\"og:title\" content=\"Safari Flotante + Elaboraci\u00f3n de Tortillas\" \/>\n<meta property=\"og:description\" content=\"Su d\u00eda de aventura e inmersi\u00f3n cultural en nuestro Safari Flotante + Elaboraci\u00f3n de Tortillas comienza en el r\u00edo Pe\u00f1as Blancas. \u00a1Reserve hoy mismo!\" \/>\n<meta property=\"og:url\" content=\"https:\/\/staging.waveexpeditions.com\/es\/producto\/safari-flotador-y-tortillero-la-fortuna-costa-rica\/\" \/>\n<meta property=\"og:site_name\" content=\"WAVE Rafting\" \/>\n<meta property=\"article:publisher\" content=\"https:\/\/www.facebook.com\/waveexp\/\" \/>\n<meta property=\"article:modified_time\" content=\"2024-02-23T20:56:09+00:00\" \/>\n<meta property=\"og:image\" content=\"https:\/\/staging.waveexpeditions.com\/wp-content\/uploads\/2025\/04\/Safari-Float-and-Tortilla-Making.webp\" \/>\n\t<meta property=\"og:image:width\" content=\"2040\" \/>\n\t<meta property=\"og:image:height\" content=\"2040\" \/>\n\t<meta property=\"og:image:type\" content=\"image\/webp\" \/>\n<meta name=\"twitter:card\" content=\"summary_large_image\" \/>\n<meta name=\"twitter:site\" content=\"@waveexpeditions\" \/>\n<meta name=\"twitter:label1\" content=\"Tiempo de lectura\" \/>\n\t<meta name=\"twitter:data1\" content=\"2 minutos\" \/>\n<script type=\"application\/ld+json\" class=\"yoast-schema-graph\">{\"@context\":\"https:\\\/\\\/schema.org\",\"@graph\":[{\"@type\":\"WebPage\",\"@id\":\"https:\\\/\\\/staging.waveexpeditions.com\\\/es\\\/producto\\\/safari-flotador-y-tortillero-la-fortuna-costa-rica\\\/\",\"url\":\"https:\\\/\\\/staging.waveexpeditions.com\\\/es\\\/producto\\\/safari-flotador-y-tortillero-la-fortuna-costa-rica\\\/\",\"name\":\"Safari Flotante + Elaboraci\u00f3n de Tortillas\",\"isPartOf\":{\"@id\":\"https:\\\/\\\/staging.waveexpeditions.com\\\/es\\\/#website\"},\"primaryImageOfPage\":{\"@id\":\"https:\\\/\\\/staging.waveexpeditions.com\\\/es\\\/producto\\\/safari-flotador-y-tortillero-la-fortuna-costa-rica\\\/#primaryimage\"},\"image\":{\"@id\":\"https:\\\/\\\/staging.waveexpeditions.com\\\/es\\\/producto\\\/safari-flotador-y-tortillero-la-fortuna-costa-rica\\\/#primaryimage\"},\"thumbnailUrl\":\"https:\\\/\\\/staging.waveexpeditions.com\\\/wp-content\\\/uploads\\\/2025\\\/04\\\/Safari-Float-and-Tortilla-Making.webp\",\"datePublished\":\"2024-02-19T17:52:01+00:00\",\"dateModified\":\"2024-02-23T20:56:09+00:00\",\"description\":\"Su d\u00eda de aventura e inmersi\u00f3n cultural en nuestro Safari Flotante + Elaboraci\u00f3n de Tortillas comienza en el r\u00edo Pe\u00f1as Blancas. \u00a1Reserve hoy mismo!\",\"breadcrumb\":{\"@id\":\"https:\\\/\\\/staging.waveexpeditions.com\\\/es\\\/producto\\\/safari-flotador-y-tortillero-la-fortuna-costa-rica\\\/#breadcrumb\"},\"inLanguage\":\"es\",\"potentialAction\":[{\"@type\":\"ReadAction\",\"target\":[\"https:\\\/\\\/staging.waveexpeditions.com\\\/es\\\/producto\\\/safari-flotador-y-tortillero-la-fortuna-costa-rica\\\/\"]}]},{\"@type\":\"ImageObject\",\"inLanguage\":\"es\",\"@id\":\"https:\\\/\\\/staging.waveexpeditions.com\\\/es\\\/producto\\\/safari-flotador-y-tortillero-la-fortuna-costa-rica\\\/#primaryimage\",\"url\":\"https:\\\/\\\/staging.waveexpeditions.com\\\/wp-content\\\/uploads\\\/2025\\\/04\\\/Safari-Float-and-Tortilla-Making.webp\",\"contentUrl\":\"https:\\\/\\\/staging.waveexpeditions.com\\\/wp-content\\\/uploads\\\/2025\\\/04\\\/Safari-Float-and-Tortilla-Making.webp\",\"width\":2040,\"height\":2040,\"caption\":\"Float, cook, and share a typical meal with a Costa Rican family after the tour.\"},{\"@type\":\"BreadcrumbList\",\"@id\":\"https:\\\/\\\/staging.waveexpeditions.com\\\/es\\\/producto\\\/safari-flotador-y-tortillero-la-fortuna-costa-rica\\\/#breadcrumb\",\"itemListElement\":[{\"@type\":\"ListItem\",\"position\":1,\"name\":\"Home\",\"item\":\"https:\\\/\\\/staging.waveexpeditions.com\\\/es\\\/wave-rafting-costa-rica\\\/\"},{\"@type\":\"ListItem\",\"position\":2,\"name\":\"Productos\",\"item\":\"https:\\\/\\\/staging.waveexpeditions.com\\\/es\\\/shop\\\/\"},{\"@type\":\"ListItem\",\"position\":3,\"name\":\"Safari Flotante + Elaboraci\u00f3n de Tortillas | La Fortuna Costa Rica\"}]},{\"@type\":\"WebSite\",\"@id\":\"https:\\\/\\\/staging.waveexpeditions.com\\\/es\\\/#website\",\"url\":\"https:\\\/\\\/staging.waveexpeditions.com\\\/es\\\/\",\"name\":\"WAVE Rafting\",\"description\":\"Rafting Costa Rica\",\"publisher\":{\"@id\":\"https:\\\/\\\/staging.waveexpeditions.com\\\/es\\\/#organization\"},\"potentialAction\":[{\"@type\":\"SearchAction\",\"target\":{\"@type\":\"EntryPoint\",\"urlTemplate\":\"https:\\\/\\\/staging.waveexpeditions.com\\\/es\\\/?s={search_term_string}\"},\"query-input\":{\"@type\":\"PropertyValueSpecification\",\"valueRequired\":true,\"valueName\":\"search_term_string\"}}],\"inLanguage\":\"es\"},{\"@type\":\"Organization\",\"@id\":\"https:\\\/\\\/staging.waveexpeditions.com\\\/es\\\/#organization\",\"name\":\"WAVE Rafting\",\"url\":\"https:\\\/\\\/staging.waveexpeditions.com\\\/es\\\/\",\"logo\":{\"@type\":\"ImageObject\",\"inLanguage\":\"es\",\"@id\":\"https:\\\/\\\/staging.waveexpeditions.com\\\/es\\\/#\\\/schema\\\/logo\\\/image\\\/\",\"url\":\"https:\\\/\\\/www.staging.waveexpeditions.com\\\/wp-content\\\/uploads\\\/2016\\\/07\\\/logo_foot.png\",\"contentUrl\":\"https:\\\/\\\/www.staging.waveexpeditions.com\\\/wp-content\\\/uploads\\\/2016\\\/07\\\/logo_foot.png\",\"width\":503,\"height\":172,\"caption\":\"WAVE Rafting\"},\"image\":{\"@id\":\"https:\\\/\\\/staging.waveexpeditions.com\\\/es\\\/#\\\/schema\\\/logo\\\/image\\\/\"},\"sameAs\":[\"https:\\\/\\\/www.facebook.com\\\/waveexp\\\/\",\"https:\\\/\\\/x.com\\\/waveexpeditions\",\"https:\\\/\\\/www.instagram.com\\\/wave.expeditions\\\/\"]}]}<\/script>\n<!-- \/ Yoast SEO plugin. -->","yoast_head_json":{"title":"Safari Flotante + Elaboraci\u00f3n de Tortillas","description":"Su d\u00eda de aventura e inmersi\u00f3n cultural en nuestro Safari Flotante + Elaboraci\u00f3n de Tortillas comienza en el r\u00edo Pe\u00f1as Blancas. \u00a1Reserve hoy mismo!","robots":{"index":"noindex","follow":"follow","max-snippet":"max-snippet:-1","max-image-preview":"max-image-preview:large","max-video-preview":"max-video-preview:-1"},"og_locale":"es_ES","og_type":"article","og_title":"Safari Flotante + Elaboraci\u00f3n de Tortillas","og_description":"Su d\u00eda de aventura e inmersi\u00f3n cultural en nuestro Safari Flotante + Elaboraci\u00f3n de Tortillas comienza en el r\u00edo Pe\u00f1as Blancas. \u00a1Reserve hoy mismo!","og_url":"https:\/\/staging.waveexpeditions.com\/es\/producto\/safari-flotador-y-tortillero-la-fortuna-costa-rica\/","og_site_name":"WAVE Rafting","article_publisher":"https:\/\/www.facebook.com\/waveexp\/","article_modified_time":"2024-02-23T20:56:09+00:00","og_image":[{"width":2040,"height":2040,"url":"https:\/\/staging.waveexpeditions.com\/wp-content\/uploads\/2025\/04\/Safari-Float-and-Tortilla-Making.webp","type":"image\/webp"}],"twitter_card":"summary_large_image","twitter_site":"@waveexpeditions","twitter_misc":{"Tiempo de lectura":"2 minutos"},"schema":{"@context":"https:\/\/schema.org","@graph":[{"@type":"WebPage","@id":"https:\/\/staging.waveexpeditions.com\/es\/producto\/safari-flotador-y-tortillero-la-fortuna-costa-rica\/","url":"https:\/\/staging.waveexpeditions.com\/es\/producto\/safari-flotador-y-tortillero-la-fortuna-costa-rica\/","name":"Safari Flotante + Elaboraci\u00f3n de Tortillas","isPartOf":{"@id":"https:\/\/staging.waveexpeditions.com\/es\/#website"},"primaryImageOfPage":{"@id":"https:\/\/staging.waveexpeditions.com\/es\/producto\/safari-flotador-y-tortillero-la-fortuna-costa-rica\/#primaryimage"},"image":{"@id":"https:\/\/staging.waveexpeditions.com\/es\/producto\/safari-flotador-y-tortillero-la-fortuna-costa-rica\/#primaryimage"},"thumbnailUrl":"https:\/\/staging.waveexpeditions.com\/wp-content\/uploads\/2025\/04\/Safari-Float-and-Tortilla-Making.webp","datePublished":"2024-02-19T17:52:01+00:00","dateModified":"2024-02-23T20:56:09+00:00","description":"Su d\u00eda de aventura e inmersi\u00f3n cultural en nuestro Safari Flotante + Elaboraci\u00f3n de Tortillas comienza en el r\u00edo Pe\u00f1as Blancas. \u00a1Reserve hoy mismo!","breadcrumb":{"@id":"https:\/\/staging.waveexpeditions.com\/es\/producto\/safari-flotador-y-tortillero-la-fortuna-costa-rica\/#breadcrumb"},"inLanguage":"es","potentialAction":[{"@type":"ReadAction","target":["https:\/\/staging.waveexpeditions.com\/es\/producto\/safari-flotador-y-tortillero-la-fortuna-costa-rica\/"]}]},{"@type":"ImageObject","inLanguage":"es","@id":"https:\/\/staging.waveexpeditions.com\/es\/producto\/safari-flotador-y-tortillero-la-fortuna-costa-rica\/#primaryimage","url":"https:\/\/staging.waveexpeditions.com\/wp-content\/uploads\/2025\/04\/Safari-Float-and-Tortilla-Making.webp","contentUrl":"https:\/\/staging.waveexpeditions.com\/wp-content\/uploads\/2025\/04\/Safari-Float-and-Tortilla-Making.webp","width":2040,"height":2040,"caption":"Float, cook, and share a typical meal with a Costa Rican family after the tour."},{"@type":"BreadcrumbList","@id":"https:\/\/staging.waveexpeditions.com\/es\/producto\/safari-flotador-y-tortillero-la-fortuna-costa-rica\/#breadcrumb","itemListElement":[{"@type":"ListItem","position":1,"name":"Home","item":"https:\/\/staging.waveexpeditions.com\/es\/wave-rafting-costa-rica\/"},{"@type":"ListItem","position":2,"name":"Productos","item":"https:\/\/staging.waveexpeditions.com\/es\/shop\/"},{"@type":"ListItem","position":3,"name":"Safari Flotante + Elaboraci\u00f3n de Tortillas | La Fortuna Costa Rica"}]},{"@type":"WebSite","@id":"https:\/\/staging.waveexpeditions.com\/es\/#website","url":"https:\/\/staging.waveexpeditions.com\/es\/","name":"WAVE Rafting","description":"Rafting Costa Rica","publisher":{"@id":"https:\/\/staging.waveexpeditions.com\/es\/#organization"},"potentialAction":[{"@type":"SearchAction","target":{"@type":"EntryPoint","urlTemplate":"https:\/\/staging.waveexpeditions.com\/es\/?s={search_term_string}"},"query-input":{"@type":"PropertyValueSpecification","valueRequired":true,"valueName":"search_term_string"}}],"inLanguage":"es"},{"@type":"Organization","@id":"https:\/\/staging.waveexpeditions.com\/es\/#organization","name":"WAVE Rafting","url":"https:\/\/staging.waveexpeditions.com\/es\/","logo":{"@type":"ImageObject","inLanguage":"es","@id":"https:\/\/staging.waveexpeditions.com\/es\/#\/schema\/logo\/image\/","url":"https:\/\/www.staging.waveexpeditions.com\/wp-content\/uploads\/2016\/07\/logo_foot.png","contentUrl":"https:\/\/www.staging.waveexpeditions.com\/wp-content\/uploads\/2016\/07\/logo_foot.png","width":503,"height":172,"caption":"WAVE Rafting"},"image":{"@id":"https:\/\/staging.waveexpeditions.com\/es\/#\/schema\/logo\/image\/"},"sameAs":["https:\/\/www.facebook.com\/waveexp\/","https:\/\/x.com\/waveexpeditions","https:\/\/www.instagram.com\/wave.expeditions\/"]}]}},"_links":{"self":[{"href":"https:\/\/staging.waveexpeditions.com\/es\/wp-json\/wp\/v2\/product\/47422","targetHints":{"allow":["GET"]}}],"collection":[{"href":"https:\/\/staging.waveexpeditions.com\/es\/wp-json\/wp\/v2\/product"}],"about":[{"href":"https:\/\/staging.waveexpeditions.com\/es\/wp-json\/wp\/v2\/types\/product"}],"wp:featuredmedia":[{"embeddable":true,"href":"https:\/\/staging.waveexpeditions.com\/es\/wp-json\/wp\/v2\/media\/52416"}],"wp:attachment":[{"href":"https:\/\/staging.waveexpeditions.com\/es\/wp-json\/wp\/v2\/media?parent=47422"}],"wp:term":[{"taxonomy":"product_brand","embeddable":true,"href":"https:\/\/staging.waveexpeditions.com\/es\/wp-json\/wp\/v2\/product_brand?post=47422"},{"taxonomy":"product_cat","embeddable":true,"href":"https:\/\/staging.waveexpeditions.com\/es\/wp-json\/wp\/v2\/product_cat?post=47422"},{"taxonomy":"product_tag","embeddable":true,"href":"https:\/\/staging.waveexpeditions.com\/es\/wp-json\/wp\/v2\/product_tag?post=47422"}],"curies":[{"name":"wp","href":"https:\/\/api.w.org\/{rel}","templated":true}]}}