{"id":47424,"date":"2016-09-06T15:57:12","date_gmt":"2016-09-06T21:57:12","guid":{"rendered":"https:\/\/www.waveexpeditions.com\/staging-wave-2-0\/product\/tour-privado-rafting-en-el-rio-sarapiqui-clase-iii-y-iv\/"},"modified":"2024-11-12T05:12:04","modified_gmt":"2024-11-12T11:12:04","slug":"tour-privado-rafting-en-el-rio-sarapiqui-clase-iii-y-iv","status":"publish","type":"product","link":"https:\/\/staging.waveexpeditions.com\/es\/producto\/tour-privado-rafting-en-el-rio-sarapiqui-clase-iii-y-iv\/","title":{"rendered":"Tour Privado &#8211; Rafting en el R\u00edo Sarapiqu\u00ed Clase III y IV"},"content":{"rendered":"<p>Experimente la emoci\u00f3n de las aguas bravas sin la gran multitud. Este Tour Privado &#8211; Rafting Clase III &amp; IV desde Arenal es ideal para grupos peque\u00f1os o familias que desean un viaje \u00edntimo m\u00e1s personalizado exclusivo para su grupo<\/p>\n<p>Costa Rica es conocida por su rafting de categor\u00eda mundial y las clases II y IV del r\u00edo Sarapiqu\u00ed no le decepcionar\u00e1n.<\/p>\n<p>Su excursi\u00f3n de aventura de rafting en Costa Rica comienza con un recorrido panor\u00e1mico de 1 hora y 10 minutos a trav\u00e9s de plantaciones de papaya, pi\u00f1a y yuca por diversos pueblos hasta llegar a La Virgen de Sarapiqu\u00ed.<\/p>\n<p>Una vez que llegue al punto de encuentro, los h\u00e1biles y experimentados gu\u00edas de Wave Rafting repasar\u00e1n el procedimiento y las normas de seguridad para prepararle para sus responsabilidades de remada. Una vez que conozca las normas y demuestre que est\u00e1 familiarizado con los comandos, estar\u00e1 listo para iniciar su recorrido por Costa Rica.<\/p>\n<p>El r\u00edo Sarapiqu\u00ed desciende a trav\u00e9s de una vegetaci\u00f3n espectacular, por lo que entre los r\u00e1pidos podr\u00e1 contemplar monos tucanes y otras especies de la fauna costarricense. A mitad de camino har\u00e1 una pausa mientras sus gu\u00edas le preparan unos deliciosa merienda de fruta tropical en la orilla del r\u00edo, para que pueda reponer fuerzas, rodeado de la serena y majestuosa belleza de la selva tropical.<\/p>\n<p>Luego de la fruta, es hora de lanzarse de nuevo a los r\u00e1pidos para vivir m\u00e1s emociones llenas de adrenalina<\/p>\n<p>Una vez finalizada la actividad de r\u00edo, le recibir\u00e1n con una bebida fr\u00eda y una toalla seca. A poca distancia, se cambiar\u00e1 de ropa seca y disfrutar\u00e1 de un delicioso almuerzo t\u00edpico costarricense, donde podr\u00e1 contar la aventura compartida con sus compa\u00f1eros de balsa.<\/p>\n<p>Su excursi\u00f3n de rafting con Wave ser\u00e1 sin duda uno de los momentos culminantes de su viaje por Costa Rica. \u00a1Pura Vida!<\/p>\n<p><strong>Edad m\u00ednima:<\/strong> 12 a\u00f1os<\/p>\n","protected":false},"excerpt":{"rendered":"<p>Experimente la emoci\u00f3n del rafting en aguas bravas. Costa Rica es conocida por su rafting de categor\u00eda mundial y los r\u00e1pidos de clase III-IV del R\u00edo Sarapiqu\u00ed no le decepcionar\u00e1n. Alimentado por las aguas del volc\u00e1n Po\u00e1s, recorrer\u00e1 en balsa 13 km (9 millas) a trav\u00e9s de paisajes espectaculares en su viaje lleno de adrenalina por los continuos r\u00e1pidos de aguas bravas. Esta excursi\u00f3n requiere un m\u00ednimo de 4 personas.<\/p>\n","protected":false},"featured_media":54664,"template":"","meta":{"_acf_changed":false,"_crdt_document":"","_monsterinsights_skip_tracking":false,"_monsterinsights_sitenote_active":false,"_monsterinsights_sitenote_note":"","_monsterinsights_sitenote_category":0,"_joinchat":[]},"product_brand":[],"product_cat":[444,462],"product_tag":[333],"class_list":{"0":"post-47424","1":"product","2":"type-product","3":"status-publish","4":"has-post-thumbnail","6":"product_cat-tours-es","7":"product_cat-visitas-privadas","8":"product_tag-la-fortuna-es","10":"first","11":"instock","12":"virtual","13":"sold-individually","14":"taxable","15":"purchasable","16":"product-type-booking"},"booking_location":"","booking_location_type":"","booking_duration":1,"booking_duration_unit":"day","booking_buffer":0,"booking_cost":0,"booking_resources":[],"exclude_global_add_ons":false,"addons":[{"name":"Can\u2019t find the date or time you want?","type":"heading","position":0,"required":false,"title_format":"heading","default":"","description_enable":true,"description":"No worries, we can help! <a style=\"color:#00ad67\" href=\"https:\/\/wa.me\/+50624797262\" target=\"_blank\">WhatsApp Us<\/a> or <a style=\"color:#0a5ca7\" href=\"mailto:info@waveexpeditions.com\" target=\"_blank\">Email US<\/a>","placeholder_enable":false,"placeholder":"","display":"select","restrictions_type":"any_text","adjust_price":false,"price":"","price_type":"flat_fee","restrictions":false,"min":"0","max":"0","options":[],"id":1740565927},{"name":"Pick Up Place- La Fortuna Hotels","type":"custom_text","position":0,"required":true,"title_format":"heading","default":"","description_enable":true,"description":"Please write the name of your Hotel.\r\nHotels outside of the regular route may have an extra charge.","placeholder_enable":false,"placeholder":"","display":"select","restrictions_type":"only_letters","adjust_price":false,"price":"","price_type":"flat_fee","restrictions":false,"min":"0","max":"0","options":[],"id":1689060866},{"name":"Drop Off - Next destination Hotel","type":"custom_text","position":1,"required":true,"title_format":"heading","default":"","description_enable":true,"description":"Please write the name of your Hotel. \r\nHotels outside of the regular route may have an extra charge.","placeholder_enable":false,"placeholder":"","display":"select","restrictions_type":"only_letters","adjust_price":false,"price":"","price_type":"flat_fee","restrictions":false,"min":"0","max":"0","options":[],"id":1689060867},{"name":"PICK UP LOCATION","type":"multiple_choice","position":0,"required":true,"title_format":"heading","default":"","description_enable":false,"description":"","placeholder_enable":false,"placeholder":"","display":"select","restrictions_type":"any_text","adjust_price":false,"price":"","price_type":"flat_fee","restrictions":false,"min":"0","max":"0","options":[{"label":"Arenal Hotels","price":"","price_type":"quantity_based","image":0,"visibility":true},{"label":"Manuel Antonio Hotels","price":"","price_type":"quantity_based","image":0,"visibility":true}],"id":1689066623},{"name":"DROP OFF LOCATION","type":"multiple_choice","position":0,"required":true,"title_format":"heading","default":"","description_enable":false,"description":"","placeholder_enable":false,"placeholder":"","display":"select","restrictions_type":"any_text","adjust_price":false,"price":"","price_type":"","restrictions":false,"min":"0","max":"0","options":[{"label":"Arenal Hotels","price":"","price_type":"quantity_based","image":0,"visibility":true},{"label":"San Jose Hotels","price":"","price_type":"quantity_based","image":0,"visibility":true}]},{"name":"Please provide hotel drop off name","type":"heading","position":0,"required":false,"title_format":"label","default":"","description_enable":true,"description":"Some hotels may be are out of our normal drop off range. If your hotel is out of our drop off route, additional charges may apply.","placeholder_enable":false,"placeholder":"","display":"select","restrictions_type":"any_text","adjust_price":false,"price":"","price_type":"","restrictions":false,"min":"0","max":"0","options":[]},{"name":"Please provide hotel drop off name","type":"custom_text","position":0,"required":true,"title_format":"hide","default":"","description_enable":false,"description":"","placeholder_enable":false,"placeholder":"","display":"select","restrictions_type":"any_text","adjust_price":false,"price":"","price_type":"quantity_based","restrictions":true,"min":"","max":"30","options":[]},{"name":"Please provide hotel pick up name","type":"heading","position":0,"required":false,"title_format":"label","default":"","description_enable":true,"description":"Some hotels may be are out of our normal pick up range. If your hotel is out of our pick up route, additional charges may apply.","placeholder_enable":false,"placeholder":"","display":"select","restrictions_type":"any_text","adjust_price":false,"price":"","price_type":"","restrictions":false,"min":"0","max":"0","options":[]},{"name":"Please provide hotel pick up name","type":"custom_text","position":0,"required":true,"title_format":"hide","default":"","description_enable":false,"description":"","placeholder_enable":false,"placeholder":"","display":"select","restrictions_type":"any_text","adjust_price":false,"price":"","price_type":"quantity_based","restrictions":true,"min":"","max":"30","options":[]},{"name":"Rent a GoPro","type":"multiple_choice","position":0,"required":false,"title_format":"label","default":"","description_enable":true,"description":"Only available for the Rafting Tour","placeholder_enable":false,"placeholder":"","display":"select","restrictions_type":"any_text","adjust_price":true,"price":"30","price_type":"flat_fee","restrictions":true,"min":"0","max":"5","options":[{"label":"1","price":"30","price_type":"flat_fee","image":0,"visibility":true},{"label":"2","price":"60","price_type":"flat_fee","image":0,"visibility":true},{"label":"3","price":"90","price_type":"flat_fee","image":0,"visibility":true},{"label":"4","price":"120","price_type":"flat_fee","image":0,"visibility":true},{"label":"5","price":"150","price_type":"flat_fee","image":0,"visibility":true}],"id":1739958656}],"acf":[],"yoast_head":"<!-- This site is optimized with the Yoast SEO plugin v27.5 - https:\/\/yoast.com\/product\/yoast-seo-wordpress\/ -->\n<title>Tour Privado - Rafting R\u00edo Sarapiqu\u00ed Clase III y IV<\/title>\n<meta name=\"description\" content=\"Tour de Rafting Clase III y IV en r\u00edo Sarapiqu\u00ed desde Arenal. Costa Rica es conocida por su rafting de categor\u00eda mundial y las clases II y IV del r\u00edo Sarapiqu\u00ed no le decepcionar\u00e1n.\" \/>\n<meta name=\"robots\" content=\"noindex, follow, max-snippet:-1, max-image-preview:large, max-video-preview:-1\" \/>\n<meta property=\"og:locale\" content=\"es_ES\" \/>\n<meta property=\"og:type\" content=\"article\" \/>\n<meta property=\"og:title\" content=\"Tour Privado - Rafting R\u00edo Sarapiqu\u00ed Clase III y IV\" \/>\n<meta property=\"og:description\" content=\"Tour de Rafting Clase III y IV en r\u00edo Sarapiqu\u00ed desde Arenal. Costa Rica es conocida por su rafting de categor\u00eda mundial y las clases II y IV del r\u00edo Sarapiqu\u00ed no le decepcionar\u00e1n.\" \/>\n<meta property=\"og:url\" content=\"https:\/\/staging.waveexpeditions.com\/es\/producto\/tour-privado-rafting-en-el-rio-sarapiqui-clase-iii-y-iv\/\" \/>\n<meta property=\"og:site_name\" content=\"WAVE Rafting\" \/>\n<meta property=\"article:publisher\" content=\"https:\/\/www.facebook.com\/waveexp\/\" \/>\n<meta property=\"article:modified_time\" content=\"2024-11-12T11:12:04+00:00\" \/>\n<meta property=\"og:image\" content=\"https:\/\/staging.waveexpeditions.com\/wp-content\/uploads\/2025\/10\/Diseno-sin-titulo-6.webp\" \/>\n\t<meta property=\"og:image:width\" content=\"2048\" \/>\n\t<meta property=\"og:image:height\" content=\"2048\" \/>\n\t<meta property=\"og:image:type\" content=\"image\/webp\" \/>\n<meta name=\"twitter:card\" content=\"summary_large_image\" \/>\n<meta name=\"twitter:site\" content=\"@waveexpeditions\" \/>\n<meta name=\"twitter:label1\" content=\"Tiempo de lectura\" \/>\n\t<meta name=\"twitter:data1\" content=\"2 minutos\" \/>\n<script type=\"application\/ld+json\" class=\"yoast-schema-graph\">{\"@context\":\"https:\\\/\\\/schema.org\",\"@graph\":[{\"@type\":\"WebPage\",\"@id\":\"https:\\\/\\\/staging.waveexpeditions.com\\\/es\\\/producto\\\/tour-privado-rafting-en-el-rio-sarapiqui-clase-iii-y-iv\\\/\",\"url\":\"https:\\\/\\\/staging.waveexpeditions.com\\\/es\\\/producto\\\/tour-privado-rafting-en-el-rio-sarapiqui-clase-iii-y-iv\\\/\",\"name\":\"Tour Privado - Rafting R\u00edo Sarapiqu\u00ed Clase III y IV\",\"isPartOf\":{\"@id\":\"https:\\\/\\\/staging.waveexpeditions.com\\\/es\\\/#website\"},\"primaryImageOfPage\":{\"@id\":\"https:\\\/\\\/staging.waveexpeditions.com\\\/es\\\/producto\\\/tour-privado-rafting-en-el-rio-sarapiqui-clase-iii-y-iv\\\/#primaryimage\"},\"image\":{\"@id\":\"https:\\\/\\\/staging.waveexpeditions.com\\\/es\\\/producto\\\/tour-privado-rafting-en-el-rio-sarapiqui-clase-iii-y-iv\\\/#primaryimage\"},\"thumbnailUrl\":\"https:\\\/\\\/staging.waveexpeditions.com\\\/wp-content\\\/uploads\\\/2025\\\/10\\\/Diseno-sin-titulo-6.webp\",\"datePublished\":\"2016-09-06T21:57:12+00:00\",\"dateModified\":\"2024-11-12T11:12:04+00:00\",\"description\":\"Tour de Rafting Clase III y IV en r\u00edo Sarapiqu\u00ed desde Arenal. Costa Rica es conocida por su rafting de categor\u00eda mundial y las clases II y IV del r\u00edo Sarapiqu\u00ed no le decepcionar\u00e1n.\",\"breadcrumb\":{\"@id\":\"https:\\\/\\\/staging.waveexpeditions.com\\\/es\\\/producto\\\/tour-privado-rafting-en-el-rio-sarapiqui-clase-iii-y-iv\\\/#breadcrumb\"},\"inLanguage\":\"es\",\"potentialAction\":[{\"@type\":\"ReadAction\",\"target\":[\"https:\\\/\\\/staging.waveexpeditions.com\\\/es\\\/producto\\\/tour-privado-rafting-en-el-rio-sarapiqui-clase-iii-y-iv\\\/\"]}]},{\"@type\":\"ImageObject\",\"inLanguage\":\"es\",\"@id\":\"https:\\\/\\\/staging.waveexpeditions.com\\\/es\\\/producto\\\/tour-privado-rafting-en-el-rio-sarapiqui-clase-iii-y-iv\\\/#primaryimage\",\"url\":\"https:\\\/\\\/staging.waveexpeditions.com\\\/wp-content\\\/uploads\\\/2025\\\/10\\\/Diseno-sin-titulo-6.webp\",\"contentUrl\":\"https:\\\/\\\/staging.waveexpeditions.com\\\/wp-content\\\/uploads\\\/2025\\\/10\\\/Diseno-sin-titulo-6.webp\",\"width\":2048,\"height\":2048,\"caption\":\"A personalized whitewater rafting experience\u2014just your group, your guide, and the adventure of a lifetime with Wave Rafting.\"},{\"@type\":\"BreadcrumbList\",\"@id\":\"https:\\\/\\\/staging.waveexpeditions.com\\\/es\\\/producto\\\/tour-privado-rafting-en-el-rio-sarapiqui-clase-iii-y-iv\\\/#breadcrumb\",\"itemListElement\":[{\"@type\":\"ListItem\",\"position\":1,\"name\":\"Home\",\"item\":\"https:\\\/\\\/staging.waveexpeditions.com\\\/es\\\/wave-rafting-costa-rica\\\/\"},{\"@type\":\"ListItem\",\"position\":2,\"name\":\"Productos\",\"item\":\"https:\\\/\\\/staging.waveexpeditions.com\\\/es\\\/shop\\\/\"},{\"@type\":\"ListItem\",\"position\":3,\"name\":\"Tour Privado &#8211; Rafting en el R\u00edo Sarapiqu\u00ed Clase III y IV\"}]},{\"@type\":\"WebSite\",\"@id\":\"https:\\\/\\\/staging.waveexpeditions.com\\\/es\\\/#website\",\"url\":\"https:\\\/\\\/staging.waveexpeditions.com\\\/es\\\/\",\"name\":\"WAVE Rafting\",\"description\":\"Rafting Costa Rica\",\"publisher\":{\"@id\":\"https:\\\/\\\/staging.waveexpeditions.com\\\/es\\\/#organization\"},\"potentialAction\":[{\"@type\":\"SearchAction\",\"target\":{\"@type\":\"EntryPoint\",\"urlTemplate\":\"https:\\\/\\\/staging.waveexpeditions.com\\\/es\\\/?s={search_term_string}\"},\"query-input\":{\"@type\":\"PropertyValueSpecification\",\"valueRequired\":true,\"valueName\":\"search_term_string\"}}],\"inLanguage\":\"es\"},{\"@type\":\"Organization\",\"@id\":\"https:\\\/\\\/staging.waveexpeditions.com\\\/es\\\/#organization\",\"name\":\"WAVE Rafting\",\"url\":\"https:\\\/\\\/staging.waveexpeditions.com\\\/es\\\/\",\"logo\":{\"@type\":\"ImageObject\",\"inLanguage\":\"es\",\"@id\":\"https:\\\/\\\/staging.waveexpeditions.com\\\/es\\\/#\\\/schema\\\/logo\\\/image\\\/\",\"url\":\"https:\\\/\\\/www.staging.waveexpeditions.com\\\/wp-content\\\/uploads\\\/2016\\\/07\\\/logo_foot.png\",\"contentUrl\":\"https:\\\/\\\/www.staging.waveexpeditions.com\\\/wp-content\\\/uploads\\\/2016\\\/07\\\/logo_foot.png\",\"width\":503,\"height\":172,\"caption\":\"WAVE Rafting\"},\"image\":{\"@id\":\"https:\\\/\\\/staging.waveexpeditions.com\\\/es\\\/#\\\/schema\\\/logo\\\/image\\\/\"},\"sameAs\":[\"https:\\\/\\\/www.facebook.com\\\/waveexp\\\/\",\"https:\\\/\\\/x.com\\\/waveexpeditions\",\"https:\\\/\\\/www.instagram.com\\\/wave.expeditions\\\/\"]}]}<\/script>\n<!-- \/ Yoast SEO plugin. -->","yoast_head_json":{"title":"Tour Privado - Rafting R\u00edo Sarapiqu\u00ed Clase III y IV","description":"Tour de Rafting Clase III y IV en r\u00edo Sarapiqu\u00ed desde Arenal. Costa Rica es conocida por su rafting de categor\u00eda mundial y las clases II y IV del r\u00edo Sarapiqu\u00ed no le decepcionar\u00e1n.","robots":{"index":"noindex","follow":"follow","max-snippet":"max-snippet:-1","max-image-preview":"max-image-preview:large","max-video-preview":"max-video-preview:-1"},"og_locale":"es_ES","og_type":"article","og_title":"Tour Privado - Rafting R\u00edo Sarapiqu\u00ed Clase III y IV","og_description":"Tour de Rafting Clase III y IV en r\u00edo Sarapiqu\u00ed desde Arenal. Costa Rica es conocida por su rafting de categor\u00eda mundial y las clases II y IV del r\u00edo Sarapiqu\u00ed no le decepcionar\u00e1n.","og_url":"https:\/\/staging.waveexpeditions.com\/es\/producto\/tour-privado-rafting-en-el-rio-sarapiqui-clase-iii-y-iv\/","og_site_name":"WAVE Rafting","article_publisher":"https:\/\/www.facebook.com\/waveexp\/","article_modified_time":"2024-11-12T11:12:04+00:00","og_image":[{"width":2048,"height":2048,"url":"https:\/\/staging.waveexpeditions.com\/wp-content\/uploads\/2025\/10\/Diseno-sin-titulo-6.webp","type":"image\/webp"}],"twitter_card":"summary_large_image","twitter_site":"@waveexpeditions","twitter_misc":{"Tiempo de lectura":"2 minutos"},"schema":{"@context":"https:\/\/schema.org","@graph":[{"@type":"WebPage","@id":"https:\/\/staging.waveexpeditions.com\/es\/producto\/tour-privado-rafting-en-el-rio-sarapiqui-clase-iii-y-iv\/","url":"https:\/\/staging.waveexpeditions.com\/es\/producto\/tour-privado-rafting-en-el-rio-sarapiqui-clase-iii-y-iv\/","name":"Tour Privado - Rafting R\u00edo Sarapiqu\u00ed Clase III y IV","isPartOf":{"@id":"https:\/\/staging.waveexpeditions.com\/es\/#website"},"primaryImageOfPage":{"@id":"https:\/\/staging.waveexpeditions.com\/es\/producto\/tour-privado-rafting-en-el-rio-sarapiqui-clase-iii-y-iv\/#primaryimage"},"image":{"@id":"https:\/\/staging.waveexpeditions.com\/es\/producto\/tour-privado-rafting-en-el-rio-sarapiqui-clase-iii-y-iv\/#primaryimage"},"thumbnailUrl":"https:\/\/staging.waveexpeditions.com\/wp-content\/uploads\/2025\/10\/Diseno-sin-titulo-6.webp","datePublished":"2016-09-06T21:57:12+00:00","dateModified":"2024-11-12T11:12:04+00:00","description":"Tour de Rafting Clase III y IV en r\u00edo Sarapiqu\u00ed desde Arenal. Costa Rica es conocida por su rafting de categor\u00eda mundial y las clases II y IV del r\u00edo Sarapiqu\u00ed no le decepcionar\u00e1n.","breadcrumb":{"@id":"https:\/\/staging.waveexpeditions.com\/es\/producto\/tour-privado-rafting-en-el-rio-sarapiqui-clase-iii-y-iv\/#breadcrumb"},"inLanguage":"es","potentialAction":[{"@type":"ReadAction","target":["https:\/\/staging.waveexpeditions.com\/es\/producto\/tour-privado-rafting-en-el-rio-sarapiqui-clase-iii-y-iv\/"]}]},{"@type":"ImageObject","inLanguage":"es","@id":"https:\/\/staging.waveexpeditions.com\/es\/producto\/tour-privado-rafting-en-el-rio-sarapiqui-clase-iii-y-iv\/#primaryimage","url":"https:\/\/staging.waveexpeditions.com\/wp-content\/uploads\/2025\/10\/Diseno-sin-titulo-6.webp","contentUrl":"https:\/\/staging.waveexpeditions.com\/wp-content\/uploads\/2025\/10\/Diseno-sin-titulo-6.webp","width":2048,"height":2048,"caption":"A personalized whitewater rafting experience\u2014just your group, your guide, and the adventure of a lifetime with Wave Rafting."},{"@type":"BreadcrumbList","@id":"https:\/\/staging.waveexpeditions.com\/es\/producto\/tour-privado-rafting-en-el-rio-sarapiqui-clase-iii-y-iv\/#breadcrumb","itemListElement":[{"@type":"ListItem","position":1,"name":"Home","item":"https:\/\/staging.waveexpeditions.com\/es\/wave-rafting-costa-rica\/"},{"@type":"ListItem","position":2,"name":"Productos","item":"https:\/\/staging.waveexpeditions.com\/es\/shop\/"},{"@type":"ListItem","position":3,"name":"Tour Privado &#8211; Rafting en el R\u00edo Sarapiqu\u00ed Clase III y IV"}]},{"@type":"WebSite","@id":"https:\/\/staging.waveexpeditions.com\/es\/#website","url":"https:\/\/staging.waveexpeditions.com\/es\/","name":"WAVE Rafting","description":"Rafting Costa Rica","publisher":{"@id":"https:\/\/staging.waveexpeditions.com\/es\/#organization"},"potentialAction":[{"@type":"SearchAction","target":{"@type":"EntryPoint","urlTemplate":"https:\/\/staging.waveexpeditions.com\/es\/?s={search_term_string}"},"query-input":{"@type":"PropertyValueSpecification","valueRequired":true,"valueName":"search_term_string"}}],"inLanguage":"es"},{"@type":"Organization","@id":"https:\/\/staging.waveexpeditions.com\/es\/#organization","name":"WAVE Rafting","url":"https:\/\/staging.waveexpeditions.com\/es\/","logo":{"@type":"ImageObject","inLanguage":"es","@id":"https:\/\/staging.waveexpeditions.com\/es\/#\/schema\/logo\/image\/","url":"https:\/\/www.staging.waveexpeditions.com\/wp-content\/uploads\/2016\/07\/logo_foot.png","contentUrl":"https:\/\/www.staging.waveexpeditions.com\/wp-content\/uploads\/2016\/07\/logo_foot.png","width":503,"height":172,"caption":"WAVE Rafting"},"image":{"@id":"https:\/\/staging.waveexpeditions.com\/es\/#\/schema\/logo\/image\/"},"sameAs":["https:\/\/www.facebook.com\/waveexp\/","https:\/\/x.com\/waveexpeditions","https:\/\/www.instagram.com\/wave.expeditions\/"]}]}},"_links":{"self":[{"href":"https:\/\/staging.waveexpeditions.com\/es\/wp-json\/wp\/v2\/product\/47424","targetHints":{"allow":["GET"]}}],"collection":[{"href":"https:\/\/staging.waveexpeditions.com\/es\/wp-json\/wp\/v2\/product"}],"about":[{"href":"https:\/\/staging.waveexpeditions.com\/es\/wp-json\/wp\/v2\/types\/product"}],"wp:featuredmedia":[{"embeddable":true,"href":"https:\/\/staging.waveexpeditions.com\/es\/wp-json\/wp\/v2\/media\/54664"}],"wp:attachment":[{"href":"https:\/\/staging.waveexpeditions.com\/es\/wp-json\/wp\/v2\/media?parent=47424"}],"wp:term":[{"taxonomy":"product_brand","embeddable":true,"href":"https:\/\/staging.waveexpeditions.com\/es\/wp-json\/wp\/v2\/product_brand?post=47424"},{"taxonomy":"product_cat","embeddable":true,"href":"https:\/\/staging.waveexpeditions.com\/es\/wp-json\/wp\/v2\/product_cat?post=47424"},{"taxonomy":"product_tag","embeddable":true,"href":"https:\/\/staging.waveexpeditions.com\/es\/wp-json\/wp\/v2\/product_tag?post=47424"}],"curies":[{"name":"wp","href":"https:\/\/api.w.org\/{rel}","templated":true}]}}