{"id":47425,"date":"2022-02-02T07:59:51","date_gmt":"2024-02-19T17:52:02","guid":{"rendered":"https:\/\/www.waveexpeditions.com\/staging-wave-2-0\/product\/combo-balsa-termas-ecotermales\/"},"modified":"2026-01-09T09:50:25","modified_gmt":"2026-01-09T15:50:25","slug":"combo-balsa-termas-ecotermales","status":"publish","type":"product","link":"https:\/\/staging.waveexpeditions.com\/es\/producto\/combo-balsa-termas-ecotermales\/","title":{"rendered":"Combo Balsa + Termas Ecotermales"},"content":{"rendered":"<p>Dese un chapuz\u00f3n con esta combinaci\u00f3n perfecta de aventura, naturaleza y relajaci\u00f3n. Este combo de rafting en aguas bravas seguido de una relajante visita a las aguas termales volc\u00e1nicas de Ecotermales es la experiencia perfecta de un d\u00eda en Arenal. Comience el d\u00eda con una divertida excursi\u00f3n por el r\u00edo tropical Balsa, de clase II y III, y pase la tarde relaj\u00e1ndose en las aguas termales volc\u00e1nicas de las termas m\u00e1s emblem\u00e1ticas del Arenal.<\/p>\n<p>Los emocionantes r\u00e1pidos de clase II y III son perfectos para todos, desde principiantes hasta balseros experimentados. Esta aventura familiar de rafting en aguas bravas comienza con un pintoresco recorrido en coche por el valle del Arenal hasta el embarcadero en el r\u00edo Balsa, donde comienza la acci\u00f3n. Conocer\u00e1 a su gu\u00eda, repasar\u00e1 las consignas de seguridad y se equipar\u00e1 antes de dirigirse r\u00edo abajo. Nuestra aventura en aguas bravas lleva a los hu\u00e9spedes a trav\u00e9s de 11 km de hermosos paisajes tropicales. Divi\u00e9rtase navegando por r\u00e1pidos como el de la Roca Magn\u00e9tica y el de los Dragos con un tel\u00f3n de fondo de selva tropical. Est\u00e9 atento a los monos, tucanes y perezosos residentes mientras rema r\u00edo abajo. Un delicioso almuerzo costarricense espera a los hu\u00e9spedes cuando terminemos de remar.<\/p>\n<p>Despu\u00e9s de un d\u00eda lleno de diversi\u00f3n en aguas bravas de alta intensidad en el r\u00edo Balsa, \u00a1una visita nocturna a las hermosas aguas termales naturales es bien merecida! Su cuerpo se lo agradecer\u00e1 mientras se mima con una relajante visita a esta exclusiva joya escondida que combina los beneficios para la salud y el bienestar de las relajantes aguas termales con la incre\u00edble paz y relajaci\u00f3n de los bosques tropicales circundantes del Arenal. Descubra y explore una red de manantiales minerales termales de flujo natural enclavados en una reserva privada de selva tropical. Los hu\u00e9spedes pueden disfrutar de piscinas fluviales y cascadas caudalosas con las aguas termales calentadas por el volc\u00e1n Arenal. Para rematar la velada, del\u00e9itese con una deliciosa cena al aire libre en el restaurante Litos, con sabores costarricenses y rodeado por la selva tropical.<\/p>\n","protected":false},"excerpt":{"rendered":"<p>Dese un chapuz\u00f3n con esta combinaci\u00f3n perfecta de aventura, naturaleza y relajaci\u00f3n. Este combo de rafting en aguas bravas seguido de una relajante visita a las aguas termales volc\u00e1nicas de Ecotermales es la experiencia perfecta de un d\u00eda en Arenal<\/p>\n","protected":false},"featured_media":50323,"template":"","meta":{"_acf_changed":false,"_crdt_document":"","_monsterinsights_skip_tracking":false,"_monsterinsights_sitenote_active":false,"_monsterinsights_sitenote_note":"","_monsterinsights_sitenote_category":0,"_joinchat":[]},"product_brand":[],"product_cat":[],"product_tag":[333],"class_list":{"0":"post-47425","1":"product","2":"type-product","3":"status-publish","4":"has-post-thumbnail","6":"product_tag-la-fortuna-es","8":"first","9":"instock","10":"virtual","11":"sold-individually","12":"taxable","13":"purchasable","14":"product-type-booking"},"booking_location":"","booking_location_type":"","booking_duration":1,"booking_duration_unit":"day","booking_buffer":0,"booking_cost":0,"booking_resources":[],"exclude_global_add_ons":false,"addons":[{"name":"Can\u2019t find the date or time you want?","type":"heading","position":0,"required":false,"title_format":"heading","default":"","description_enable":true,"description":"No worries, we can help! <a style=\"color:#00ad67\" href=\"https:\/\/wa.me\/+50624797262\" target=\"_blank\">WhatsApp Us<\/a> or <a style=\"color:#0a5ca7\" href=\"mailto:info@waveexpeditions.com\" target=\"_blank\">Email US<\/a>","placeholder_enable":false,"placeholder":"","display":"select","restrictions_type":"any_text","adjust_price":false,"price":"","price_type":"flat_fee","restrictions":false,"min":"0","max":"0","options":[],"id":1740565927},{"name":"Pick Up Place- La Fortuna Hotels","type":"custom_text","position":0,"required":true,"title_format":"heading","default":"","description_enable":true,"description":"Please write the name of your Hotel.\r\nHotels outside of the regular route may have an extra charge.","placeholder_enable":false,"placeholder":"","display":"select","restrictions_type":"only_letters","adjust_price":false,"price":"","price_type":"flat_fee","restrictions":false,"min":"0","max":"0","options":[],"id":1689060866},{"name":"Drop Off - Next destination Hotel","type":"custom_text","position":1,"required":true,"title_format":"heading","default":"","description_enable":true,"description":"Please write the name of your Hotel. \r\nHotels outside of the regular route may have an extra charge.","placeholder_enable":false,"placeholder":"","display":"select","restrictions_type":"only_letters","adjust_price":false,"price":"","price_type":"flat_fee","restrictions":false,"min":"0","max":"0","options":[],"id":1689060867},{"name":"PICK UP LOCATION","type":"multiple_choice","position":0,"required":true,"title_format":"heading","default":"","description_enable":false,"description":"","placeholder_enable":false,"placeholder":"","display":"select","restrictions_type":"any_text","adjust_price":false,"price":"","price_type":"flat_fee","restrictions":false,"min":"0","max":"0","options":[{"label":"Arenal Hotels","price":"","price_type":"quantity_based","image":0,"visibility":true},{"label":"Manuel Antonio Hotels","price":"","price_type":"quantity_based","image":0,"visibility":true}],"id":1689066623},{"name":"DROP OFF LOCATION","type":"multiple_choice","position":0,"required":true,"title_format":"heading","default":"","description_enable":false,"description":"","placeholder_enable":false,"placeholder":"","display":"select","restrictions_type":"any_text","adjust_price":false,"price":"","price_type":"","restrictions":false,"min":"0","max":"0","options":[{"label":"Arenal Hotels","price":"","price_type":"quantity_based","image":0,"visibility":true},{"label":"San Jose Hotels","price":"","price_type":"quantity_based","image":0,"visibility":true}]},{"name":"Please provide hotel drop off name","type":"heading","position":0,"required":false,"title_format":"label","default":"","description_enable":true,"description":"Some hotels may be are out of our normal drop off range. If your hotel is out of our drop off route, additional charges may apply.","placeholder_enable":false,"placeholder":"","display":"select","restrictions_type":"any_text","adjust_price":false,"price":"","price_type":"","restrictions":false,"min":"0","max":"0","options":[]},{"name":"Please provide hotel drop off name","type":"custom_text","position":0,"required":true,"title_format":"hide","default":"","description_enable":false,"description":"","placeholder_enable":false,"placeholder":"","display":"select","restrictions_type":"any_text","adjust_price":false,"price":"","price_type":"quantity_based","restrictions":true,"min":"","max":"30","options":[]},{"name":"Please provide hotel pick up name","type":"heading","position":0,"required":false,"title_format":"label","default":"","description_enable":true,"description":"Some hotels may be are out of our normal pick up range. If your hotel is out of our pick up route, additional charges may apply.","placeholder_enable":false,"placeholder":"","display":"select","restrictions_type":"any_text","adjust_price":false,"price":"","price_type":"","restrictions":false,"min":"0","max":"0","options":[]},{"name":"Please provide hotel pick up name","type":"custom_text","position":0,"required":true,"title_format":"hide","default":"","description_enable":false,"description":"","placeholder_enable":false,"placeholder":"","display":"select","restrictions_type":"any_text","adjust_price":false,"price":"","price_type":"quantity_based","restrictions":true,"min":"","max":"30","options":[]},{"name":"Rent a GoPro","type":"multiple_choice","position":0,"required":false,"title_format":"label","default":"","description_enable":true,"description":"Only available for the Rafting Tour","placeholder_enable":false,"placeholder":"","display":"select","restrictions_type":"any_text","adjust_price":true,"price":"30","price_type":"flat_fee","restrictions":true,"min":"0","max":"5","options":[{"label":"1","price":"30","price_type":"flat_fee","image":0,"visibility":true},{"label":"2","price":"60","price_type":"flat_fee","image":0,"visibility":true},{"label":"3","price":"90","price_type":"flat_fee","image":0,"visibility":true},{"label":"4","price":"120","price_type":"flat_fee","image":0,"visibility":true},{"label":"5","price":"150","price_type":"flat_fee","image":0,"visibility":true}],"id":1739958656}],"acf":[],"yoast_head":"<!-- This site is optimized with the Yoast SEO plugin v27.5 - https:\/\/yoast.com\/product\/yoast-seo-wordpress\/ -->\n<title>Combo Balsa + Termas Ecotermales - WAVE Rafting<\/title>\n<meta name=\"description\" content=\"Disfruta del Combo Balsa y Termas Ecotermales. Combina la aventura del rafting y la relajaci\u00f3n en aguas termales en Costa Rica. \u00a1Reserva tu experiencia!\" \/>\n<meta name=\"robots\" content=\"noindex, follow, max-snippet:-1, max-image-preview:large, max-video-preview:-1\" \/>\n<meta property=\"og:locale\" content=\"es_ES\" \/>\n<meta property=\"og:type\" content=\"article\" \/>\n<meta property=\"og:title\" content=\"Combo Balsa + Termas Ecotermales - WAVE Rafting\" \/>\n<meta property=\"og:description\" content=\"Disfruta del Combo Balsa y Termas Ecotermales. Combina la aventura del rafting y la relajaci\u00f3n en aguas termales en Costa Rica. \u00a1Reserva tu experiencia!\" \/>\n<meta property=\"og:url\" content=\"https:\/\/staging.waveexpeditions.com\/es\/producto\/combo-balsa-termas-ecotermales\/\" \/>\n<meta property=\"og:site_name\" content=\"WAVE Rafting\" \/>\n<meta property=\"article:publisher\" content=\"https:\/\/www.facebook.com\/waveexp\/\" \/>\n<meta property=\"article:modified_time\" content=\"2026-01-09T15:50:25+00:00\" \/>\n<meta property=\"og:image\" content=\"https:\/\/staging.waveexpeditions.com\/wp-content\/uploads\/2022\/02\/Combo-Rafting-Ecotermales-.webp\" \/>\n\t<meta property=\"og:image:width\" content=\"1080\" \/>\n\t<meta property=\"og:image:height\" content=\"1080\" \/>\n\t<meta property=\"og:image:type\" content=\"image\/webp\" \/>\n<meta name=\"twitter:card\" content=\"summary_large_image\" \/>\n<meta name=\"twitter:site\" content=\"@waveexpeditions\" \/>\n<meta name=\"twitter:label1\" content=\"Tiempo de lectura\" \/>\n\t<meta name=\"twitter:data1\" content=\"2 minutos\" \/>\n<script type=\"application\/ld+json\" class=\"yoast-schema-graph\">{\"@context\":\"https:\\\/\\\/schema.org\",\"@graph\":[{\"@type\":\"WebPage\",\"@id\":\"https:\\\/\\\/staging.waveexpeditions.com\\\/es\\\/producto\\\/combo-balsa-termas-ecotermales\\\/\",\"url\":\"https:\\\/\\\/staging.waveexpeditions.com\\\/es\\\/producto\\\/combo-balsa-termas-ecotermales\\\/\",\"name\":\"Combo Balsa + Termas Ecotermales - WAVE Rafting\",\"isPartOf\":{\"@id\":\"https:\\\/\\\/staging.waveexpeditions.com\\\/es\\\/#website\"},\"primaryImageOfPage\":{\"@id\":\"https:\\\/\\\/staging.waveexpeditions.com\\\/es\\\/producto\\\/combo-balsa-termas-ecotermales\\\/#primaryimage\"},\"image\":{\"@id\":\"https:\\\/\\\/staging.waveexpeditions.com\\\/es\\\/producto\\\/combo-balsa-termas-ecotermales\\\/#primaryimage\"},\"thumbnailUrl\":\"https:\\\/\\\/staging.waveexpeditions.com\\\/wp-content\\\/uploads\\\/2022\\\/02\\\/Combo-Rafting-Ecotermales-.webp\",\"datePublished\":\"2024-02-19T17:52:02+00:00\",\"dateModified\":\"2026-01-09T15:50:25+00:00\",\"description\":\"Disfruta del Combo Balsa y Termas Ecotermales. Combina la aventura del rafting y la relajaci\u00f3n en aguas termales en Costa Rica. \u00a1Reserva tu experiencia!\",\"breadcrumb\":{\"@id\":\"https:\\\/\\\/staging.waveexpeditions.com\\\/es\\\/producto\\\/combo-balsa-termas-ecotermales\\\/#breadcrumb\"},\"inLanguage\":\"es\",\"potentialAction\":[{\"@type\":\"ReadAction\",\"target\":[\"https:\\\/\\\/staging.waveexpeditions.com\\\/es\\\/producto\\\/combo-balsa-termas-ecotermales\\\/\"]}]},{\"@type\":\"ImageObject\",\"inLanguage\":\"es\",\"@id\":\"https:\\\/\\\/staging.waveexpeditions.com\\\/es\\\/producto\\\/combo-balsa-termas-ecotermales\\\/#primaryimage\",\"url\":\"https:\\\/\\\/staging.waveexpeditions.com\\\/wp-content\\\/uploads\\\/2022\\\/02\\\/Combo-Rafting-Ecotermales-.webp\",\"contentUrl\":\"https:\\\/\\\/staging.waveexpeditions.com\\\/wp-content\\\/uploads\\\/2022\\\/02\\\/Combo-Rafting-Ecotermales-.webp\",\"width\":1080,\"height\":1080,\"caption\":\"Combo Raft + Ecotermales Hot Springs\"},{\"@type\":\"BreadcrumbList\",\"@id\":\"https:\\\/\\\/staging.waveexpeditions.com\\\/es\\\/producto\\\/combo-balsa-termas-ecotermales\\\/#breadcrumb\",\"itemListElement\":[{\"@type\":\"ListItem\",\"position\":1,\"name\":\"Home\",\"item\":\"https:\\\/\\\/staging.waveexpeditions.com\\\/es\\\/wave-rafting-costa-rica\\\/\"},{\"@type\":\"ListItem\",\"position\":2,\"name\":\"Productos\",\"item\":\"https:\\\/\\\/staging.waveexpeditions.com\\\/es\\\/shop\\\/\"},{\"@type\":\"ListItem\",\"position\":3,\"name\":\"Combo Balsa + Termas Ecotermales\"}]},{\"@type\":\"WebSite\",\"@id\":\"https:\\\/\\\/staging.waveexpeditions.com\\\/es\\\/#website\",\"url\":\"https:\\\/\\\/staging.waveexpeditions.com\\\/es\\\/\",\"name\":\"WAVE Rafting\",\"description\":\"Rafting Costa Rica\",\"publisher\":{\"@id\":\"https:\\\/\\\/staging.waveexpeditions.com\\\/es\\\/#organization\"},\"potentialAction\":[{\"@type\":\"SearchAction\",\"target\":{\"@type\":\"EntryPoint\",\"urlTemplate\":\"https:\\\/\\\/staging.waveexpeditions.com\\\/es\\\/?s={search_term_string}\"},\"query-input\":{\"@type\":\"PropertyValueSpecification\",\"valueRequired\":true,\"valueName\":\"search_term_string\"}}],\"inLanguage\":\"es\"},{\"@type\":\"Organization\",\"@id\":\"https:\\\/\\\/staging.waveexpeditions.com\\\/es\\\/#organization\",\"name\":\"WAVE Rafting\",\"url\":\"https:\\\/\\\/staging.waveexpeditions.com\\\/es\\\/\",\"logo\":{\"@type\":\"ImageObject\",\"inLanguage\":\"es\",\"@id\":\"https:\\\/\\\/staging.waveexpeditions.com\\\/es\\\/#\\\/schema\\\/logo\\\/image\\\/\",\"url\":\"https:\\\/\\\/www.staging.waveexpeditions.com\\\/wp-content\\\/uploads\\\/2016\\\/07\\\/logo_foot.png\",\"contentUrl\":\"https:\\\/\\\/www.staging.waveexpeditions.com\\\/wp-content\\\/uploads\\\/2016\\\/07\\\/logo_foot.png\",\"width\":503,\"height\":172,\"caption\":\"WAVE Rafting\"},\"image\":{\"@id\":\"https:\\\/\\\/staging.waveexpeditions.com\\\/es\\\/#\\\/schema\\\/logo\\\/image\\\/\"},\"sameAs\":[\"https:\\\/\\\/www.facebook.com\\\/waveexp\\\/\",\"https:\\\/\\\/x.com\\\/waveexpeditions\",\"https:\\\/\\\/www.instagram.com\\\/wave.expeditions\\\/\"]}]}<\/script>\n<!-- \/ Yoast SEO plugin. -->","yoast_head_json":{"title":"Combo Balsa + Termas Ecotermales - WAVE Rafting","description":"Disfruta del Combo Balsa y Termas Ecotermales. Combina la aventura del rafting y la relajaci\u00f3n en aguas termales en Costa Rica. \u00a1Reserva tu experiencia!","robots":{"index":"noindex","follow":"follow","max-snippet":"max-snippet:-1","max-image-preview":"max-image-preview:large","max-video-preview":"max-video-preview:-1"},"og_locale":"es_ES","og_type":"article","og_title":"Combo Balsa + Termas Ecotermales - WAVE Rafting","og_description":"Disfruta del Combo Balsa y Termas Ecotermales. Combina la aventura del rafting y la relajaci\u00f3n en aguas termales en Costa Rica. \u00a1Reserva tu experiencia!","og_url":"https:\/\/staging.waveexpeditions.com\/es\/producto\/combo-balsa-termas-ecotermales\/","og_site_name":"WAVE Rafting","article_publisher":"https:\/\/www.facebook.com\/waveexp\/","article_modified_time":"2026-01-09T15:50:25+00:00","og_image":[{"width":1080,"height":1080,"url":"https:\/\/staging.waveexpeditions.com\/wp-content\/uploads\/2022\/02\/Combo-Rafting-Ecotermales-.webp","type":"image\/webp"}],"twitter_card":"summary_large_image","twitter_site":"@waveexpeditions","twitter_misc":{"Tiempo de lectura":"2 minutos"},"schema":{"@context":"https:\/\/schema.org","@graph":[{"@type":"WebPage","@id":"https:\/\/staging.waveexpeditions.com\/es\/producto\/combo-balsa-termas-ecotermales\/","url":"https:\/\/staging.waveexpeditions.com\/es\/producto\/combo-balsa-termas-ecotermales\/","name":"Combo Balsa + Termas Ecotermales - WAVE Rafting","isPartOf":{"@id":"https:\/\/staging.waveexpeditions.com\/es\/#website"},"primaryImageOfPage":{"@id":"https:\/\/staging.waveexpeditions.com\/es\/producto\/combo-balsa-termas-ecotermales\/#primaryimage"},"image":{"@id":"https:\/\/staging.waveexpeditions.com\/es\/producto\/combo-balsa-termas-ecotermales\/#primaryimage"},"thumbnailUrl":"https:\/\/staging.waveexpeditions.com\/wp-content\/uploads\/2022\/02\/Combo-Rafting-Ecotermales-.webp","datePublished":"2024-02-19T17:52:02+00:00","dateModified":"2026-01-09T15:50:25+00:00","description":"Disfruta del Combo Balsa y Termas Ecotermales. Combina la aventura del rafting y la relajaci\u00f3n en aguas termales en Costa Rica. \u00a1Reserva tu experiencia!","breadcrumb":{"@id":"https:\/\/staging.waveexpeditions.com\/es\/producto\/combo-balsa-termas-ecotermales\/#breadcrumb"},"inLanguage":"es","potentialAction":[{"@type":"ReadAction","target":["https:\/\/staging.waveexpeditions.com\/es\/producto\/combo-balsa-termas-ecotermales\/"]}]},{"@type":"ImageObject","inLanguage":"es","@id":"https:\/\/staging.waveexpeditions.com\/es\/producto\/combo-balsa-termas-ecotermales\/#primaryimage","url":"https:\/\/staging.waveexpeditions.com\/wp-content\/uploads\/2022\/02\/Combo-Rafting-Ecotermales-.webp","contentUrl":"https:\/\/staging.waveexpeditions.com\/wp-content\/uploads\/2022\/02\/Combo-Rafting-Ecotermales-.webp","width":1080,"height":1080,"caption":"Combo Raft + Ecotermales Hot Springs"},{"@type":"BreadcrumbList","@id":"https:\/\/staging.waveexpeditions.com\/es\/producto\/combo-balsa-termas-ecotermales\/#breadcrumb","itemListElement":[{"@type":"ListItem","position":1,"name":"Home","item":"https:\/\/staging.waveexpeditions.com\/es\/wave-rafting-costa-rica\/"},{"@type":"ListItem","position":2,"name":"Productos","item":"https:\/\/staging.waveexpeditions.com\/es\/shop\/"},{"@type":"ListItem","position":3,"name":"Combo Balsa + Termas Ecotermales"}]},{"@type":"WebSite","@id":"https:\/\/staging.waveexpeditions.com\/es\/#website","url":"https:\/\/staging.waveexpeditions.com\/es\/","name":"WAVE Rafting","description":"Rafting Costa Rica","publisher":{"@id":"https:\/\/staging.waveexpeditions.com\/es\/#organization"},"potentialAction":[{"@type":"SearchAction","target":{"@type":"EntryPoint","urlTemplate":"https:\/\/staging.waveexpeditions.com\/es\/?s={search_term_string}"},"query-input":{"@type":"PropertyValueSpecification","valueRequired":true,"valueName":"search_term_string"}}],"inLanguage":"es"},{"@type":"Organization","@id":"https:\/\/staging.waveexpeditions.com\/es\/#organization","name":"WAVE Rafting","url":"https:\/\/staging.waveexpeditions.com\/es\/","logo":{"@type":"ImageObject","inLanguage":"es","@id":"https:\/\/staging.waveexpeditions.com\/es\/#\/schema\/logo\/image\/","url":"https:\/\/www.staging.waveexpeditions.com\/wp-content\/uploads\/2016\/07\/logo_foot.png","contentUrl":"https:\/\/www.staging.waveexpeditions.com\/wp-content\/uploads\/2016\/07\/logo_foot.png","width":503,"height":172,"caption":"WAVE Rafting"},"image":{"@id":"https:\/\/staging.waveexpeditions.com\/es\/#\/schema\/logo\/image\/"},"sameAs":["https:\/\/www.facebook.com\/waveexp\/","https:\/\/x.com\/waveexpeditions","https:\/\/www.instagram.com\/wave.expeditions\/"]}]}},"_links":{"self":[{"href":"https:\/\/staging.waveexpeditions.com\/es\/wp-json\/wp\/v2\/product\/47425","targetHints":{"allow":["GET"]}}],"collection":[{"href":"https:\/\/staging.waveexpeditions.com\/es\/wp-json\/wp\/v2\/product"}],"about":[{"href":"https:\/\/staging.waveexpeditions.com\/es\/wp-json\/wp\/v2\/types\/product"}],"wp:featuredmedia":[{"embeddable":true,"href":"https:\/\/staging.waveexpeditions.com\/es\/wp-json\/wp\/v2\/media\/50323"}],"wp:attachment":[{"href":"https:\/\/staging.waveexpeditions.com\/es\/wp-json\/wp\/v2\/media?parent=47425"}],"wp:term":[{"taxonomy":"product_brand","embeddable":true,"href":"https:\/\/staging.waveexpeditions.com\/es\/wp-json\/wp\/v2\/product_brand?post=47425"},{"taxonomy":"product_cat","embeddable":true,"href":"https:\/\/staging.waveexpeditions.com\/es\/wp-json\/wp\/v2\/product_cat?post=47425"},{"taxonomy":"product_tag","embeddable":true,"href":"https:\/\/staging.waveexpeditions.com\/es\/wp-json\/wp\/v2\/product_tag?post=47425"}],"curies":[{"name":"wp","href":"https:\/\/api.w.org\/{rel}","templated":true}]}}