{"id":47426,"date":"2017-05-23T11:15:13","date_gmt":"2024-02-19T17:52:02","guid":{"rendered":"https:\/\/www.waveexpeditions.com\/staging-wave-2-0\/product\/safari-natural-flotador-y-tour-de-chocolate-la-fortuna-costa-rica\/"},"modified":"2024-02-22T12:35:27","modified_gmt":"2024-02-22T18:35:27","slug":"safari-natural-flotador-y-tour-de-chocolate-la-fortuna-costa-rica","status":"publish","type":"product","link":"https:\/\/staging.waveexpeditions.com\/es\/producto\/safari-natural-flotador-y-tour-de-chocolate-la-fortuna-costa-rica\/","title":{"rendered":"Safari en balsa y Tour de Chocolate en La Fortuna"},"content":{"rendered":"<p>Prep\u00e1rese para un d\u00eda de aventura y dulce indulgencia en un Safari Natural en balsa y Ruta del Chocolate, que comienza con un <a href=\"https:\/\/www.staging.waveexpeditions.com\/es\/producto\/safari-en-flotador-por-la-naturaleza-desde-la-fortuna-arenal\/\">Safari en balsa<\/a> por las Pe\u00f1as Blancas. Se trata de una maravillosa excursi\u00f3n por el r\u00edo para los m\u00e1s j\u00f3venes hasta los m\u00e1s mayores amantes de la naturaleza de su grupo. El dise\u00f1o de las balsas le permite acercarse a las orillas mientras observa la vida salvaje, la flora y la fauna.<\/p>\n<p>Le recogeremos en su hotel de la zona de La Fortuna, y tomaremos un corto trayecto en coche hasta el muelle a lo largo del r\u00edo Pe\u00f1as Blancas. Su experto y amable gu\u00eda ayudar\u00e1 a todos con los chalecos salvavidas antes de ayudarles a subir a las balsas. Durante su flotada de dos horas por las Pe\u00f1as Blancas, su gu\u00eda compartir\u00e1 la historia de la regi\u00f3n y su amor por Costa Rica.<\/p>\n<p>Avanzar\u00e1 a un ritmo pausado por el r\u00edo Pe\u00f1as Blancas para mejorar sus oportunidades de avistar la abundante vida que habita en este r\u00edo. Monos, el murci\u00e9lago narigudo, iguanas, lagartijas de Jesucristo, b\u00fahos y mucho m\u00e1s residen a lo largo de las orillas del r\u00edo Pe\u00f1as Blancas.<\/p>\n<p>Tras regresar al muelle, partir\u00e1 hacia el Tour del Chocolate Dulce, donde conocer\u00e1 la historia del chocolate desde su descubrimiento y a trav\u00e9s del proceso de elaboraci\u00f3n del chocolate en las deliciosas formas que disfrutamos comiendo ahora. Durante este descubrimiento pr\u00e1ctico, participar\u00e1 en la producci\u00f3n, la recolecci\u00f3n del cacao, las t\u00e9cnicas de secado y la molienda de las semillas.<\/p>\n<p>Al final de la visita, \u00a1tendr\u00e1 la oportunidad de probar un poco del chocolate gourmet de alta calidad! Dulce d\u00eda, sin duda.<\/p>\n<p>\u00bfPor qu\u00e9 esperar? Reserve hoy mismo su<strong> excursi\u00f3n de Safari y Chocolate<\/strong>.<\/p>\n","protected":false},"excerpt":{"rendered":"<p>Una dulce y adrenal\u00ednica excursi\u00f3n en balsa por la naturaleza combinado con la excursi\u00f3n de chocolate que sin duda har\u00e1 que sus vacaciones comiencen de la mejor manera.<\/p>\n","protected":false},"featured_media":52420,"template":"","meta":{"_acf_changed":false,"_crdt_document":"","_monsterinsights_skip_tracking":false,"_monsterinsights_sitenote_active":false,"_monsterinsights_sitenote_note":"","_monsterinsights_sitenote_category":0,"_joinchat":[]},"product_brand":[],"product_cat":[444,454],"product_tag":[333],"class_list":{"0":"post-47426","1":"product","2":"type-product","3":"status-publish","4":"has-post-thumbnail","6":"product_cat-tours-es","7":"product_cat-tours-de-naturaleza-la-fortuna-costa-rica","8":"product_tag-la-fortuna-es","10":"first","11":"instock","12":"virtual","13":"sold-individually","14":"taxable","15":"purchasable","16":"product-type-booking"},"booking_location":"","booking_location_type":"","booking_duration":1,"booking_duration_unit":"day","booking_buffer":0,"booking_cost":0,"booking_resources":[],"exclude_global_add_ons":false,"addons":[{"name":"Can\u2019t find the date or time you want?","type":"heading","position":0,"required":false,"title_format":"heading","default":"","description_enable":true,"description":"No worries, we can help! <a style=\"color:#00ad67\" href=\"https:\/\/wa.me\/+50624797262\" target=\"_blank\">WhatsApp Us<\/a> or <a style=\"color:#0a5ca7\" href=\"mailto:info@waveexpeditions.com\" target=\"_blank\">Email US<\/a>","placeholder_enable":false,"placeholder":"","display":"select","restrictions_type":"any_text","adjust_price":false,"price":"","price_type":"flat_fee","restrictions":false,"min":"0","max":"0","options":[],"id":1740565927},{"name":"Pick Up Place- La Fortuna Hotels","type":"custom_text","position":0,"required":true,"title_format":"heading","default":"","description_enable":true,"description":"Please write the name of your Hotel.\r\nHotels outside of the regular route may have an extra charge.","placeholder_enable":false,"placeholder":"","display":"select","restrictions_type":"only_letters","adjust_price":false,"price":"","price_type":"flat_fee","restrictions":false,"min":"0","max":"0","options":[],"id":1689060866},{"name":"Drop Off - Next destination Hotel","type":"custom_text","position":1,"required":true,"title_format":"heading","default":"","description_enable":true,"description":"Please write the name of your Hotel. \r\nHotels outside of the regular route may have an extra charge.","placeholder_enable":false,"placeholder":"","display":"select","restrictions_type":"only_letters","adjust_price":false,"price":"","price_type":"flat_fee","restrictions":false,"min":"0","max":"0","options":[],"id":1689060867},{"name":"PICK UP LOCATION","type":"multiple_choice","position":0,"required":true,"title_format":"heading","default":"","description_enable":false,"description":"","placeholder_enable":false,"placeholder":"","display":"select","restrictions_type":"any_text","adjust_price":false,"price":"","price_type":"flat_fee","restrictions":false,"min":"0","max":"0","options":[{"label":"Arenal Hotels","price":"","price_type":"quantity_based","image":0,"visibility":true},{"label":"Manuel Antonio Hotels","price":"","price_type":"quantity_based","image":0,"visibility":true}],"id":1689066623},{"name":"DROP OFF LOCATION","type":"multiple_choice","position":0,"required":true,"title_format":"heading","default":"","description_enable":false,"description":"","placeholder_enable":false,"placeholder":"","display":"select","restrictions_type":"any_text","adjust_price":false,"price":"","price_type":"","restrictions":false,"min":"0","max":"0","options":[{"label":"Arenal Hotels","price":"","price_type":"quantity_based","image":0,"visibility":true},{"label":"San Jose Hotels","price":"","price_type":"quantity_based","image":0,"visibility":true}]},{"name":"Please provide hotel drop off name","type":"heading","position":0,"required":false,"title_format":"label","default":"","description_enable":true,"description":"Some hotels may be are out of our normal drop off range. If your hotel is out of our drop off route, additional charges may apply.","placeholder_enable":false,"placeholder":"","display":"select","restrictions_type":"any_text","adjust_price":false,"price":"","price_type":"","restrictions":false,"min":"0","max":"0","options":[]},{"name":"Please provide hotel drop off name","type":"custom_text","position":0,"required":true,"title_format":"hide","default":"","description_enable":false,"description":"","placeholder_enable":false,"placeholder":"","display":"select","restrictions_type":"any_text","adjust_price":false,"price":"","price_type":"quantity_based","restrictions":true,"min":"","max":"30","options":[]},{"name":"Please provide hotel pick up name","type":"heading","position":0,"required":false,"title_format":"label","default":"","description_enable":true,"description":"Some hotels may be are out of our normal pick up range. If your hotel is out of our pick up route, additional charges may apply.","placeholder_enable":false,"placeholder":"","display":"select","restrictions_type":"any_text","adjust_price":false,"price":"","price_type":"","restrictions":false,"min":"0","max":"0","options":[]},{"name":"Please provide hotel pick up name","type":"custom_text","position":0,"required":true,"title_format":"hide","default":"","description_enable":false,"description":"","placeholder_enable":false,"placeholder":"","display":"select","restrictions_type":"any_text","adjust_price":false,"price":"","price_type":"quantity_based","restrictions":true,"min":"","max":"30","options":[]},{"name":"Rent a GoPro","type":"multiple_choice","position":0,"required":false,"title_format":"label","default":"","description_enable":true,"description":"Only available for the Rafting Tour","placeholder_enable":false,"placeholder":"","display":"select","restrictions_type":"any_text","adjust_price":true,"price":"30","price_type":"flat_fee","restrictions":true,"min":"0","max":"5","options":[{"label":"1","price":"30","price_type":"flat_fee","image":0,"visibility":true},{"label":"2","price":"60","price_type":"flat_fee","image":0,"visibility":true},{"label":"3","price":"90","price_type":"flat_fee","image":0,"visibility":true},{"label":"4","price":"120","price_type":"flat_fee","image":0,"visibility":true},{"label":"5","price":"150","price_type":"flat_fee","image":0,"visibility":true}],"id":1739958656}],"acf":[],"yoast_head":"<!-- This site is optimized with the Yoast SEO plugin v27.5 - https:\/\/yoast.com\/product\/yoast-seo-wordpress\/ -->\n<title>Safari Natural en balsa y Tour de Chocolate en La Fortuna<\/title>\n<meta name=\"description\" content=\"Durante su excursi\u00f3n de Safari y Chocolate, su gu\u00eda compartir\u00e1 con usted la historia de la regi\u00f3n y su amor por Costa Rica. Reserve ahora\" \/>\n<meta name=\"robots\" content=\"noindex, follow, max-snippet:-1, max-image-preview:large, max-video-preview:-1\" \/>\n<meta property=\"og:locale\" content=\"es_ES\" \/>\n<meta property=\"og:type\" content=\"article\" \/>\n<meta property=\"og:title\" content=\"Safari Natural en balsa y Tour de Chocolate en La Fortuna\" \/>\n<meta property=\"og:description\" content=\"Durante su excursi\u00f3n de Safari y Chocolate, su gu\u00eda compartir\u00e1 con usted la historia de la regi\u00f3n y su amor por Costa Rica. Reserve ahora\" \/>\n<meta property=\"og:url\" content=\"https:\/\/staging.waveexpeditions.com\/es\/producto\/safari-natural-flotador-y-tour-de-chocolate-la-fortuna-costa-rica\/\" \/>\n<meta property=\"og:site_name\" content=\"WAVE Rafting\" \/>\n<meta property=\"article:publisher\" content=\"https:\/\/www.facebook.com\/waveexp\/\" \/>\n<meta property=\"article:modified_time\" content=\"2024-02-22T18:35:27+00:00\" \/>\n<meta property=\"og:image\" content=\"https:\/\/staging.waveexpeditions.com\/wp-content\/uploads\/2025\/04\/Nature-Safari-Float-and-Chocolate-Tour.webp\" \/>\n\t<meta property=\"og:image:width\" content=\"1600\" \/>\n\t<meta property=\"og:image:height\" content=\"1600\" \/>\n\t<meta property=\"og:image:type\" content=\"image\/webp\" \/>\n<meta name=\"twitter:card\" content=\"summary_large_image\" \/>\n<meta name=\"twitter:site\" content=\"@waveexpeditions\" \/>\n<meta name=\"twitter:label1\" content=\"Tiempo de lectura\" \/>\n\t<meta name=\"twitter:data1\" content=\"2 minutos\" \/>\n<script type=\"application\/ld+json\" class=\"yoast-schema-graph\">{\"@context\":\"https:\\\/\\\/schema.org\",\"@graph\":[{\"@type\":\"WebPage\",\"@id\":\"https:\\\/\\\/staging.waveexpeditions.com\\\/es\\\/producto\\\/safari-natural-flotador-y-tour-de-chocolate-la-fortuna-costa-rica\\\/\",\"url\":\"https:\\\/\\\/staging.waveexpeditions.com\\\/es\\\/producto\\\/safari-natural-flotador-y-tour-de-chocolate-la-fortuna-costa-rica\\\/\",\"name\":\"Safari Natural en balsa y Tour de Chocolate en La Fortuna\",\"isPartOf\":{\"@id\":\"https:\\\/\\\/staging.waveexpeditions.com\\\/es\\\/#website\"},\"primaryImageOfPage\":{\"@id\":\"https:\\\/\\\/staging.waveexpeditions.com\\\/es\\\/producto\\\/safari-natural-flotador-y-tour-de-chocolate-la-fortuna-costa-rica\\\/#primaryimage\"},\"image\":{\"@id\":\"https:\\\/\\\/staging.waveexpeditions.com\\\/es\\\/producto\\\/safari-natural-flotador-y-tour-de-chocolate-la-fortuna-costa-rica\\\/#primaryimage\"},\"thumbnailUrl\":\"https:\\\/\\\/staging.waveexpeditions.com\\\/wp-content\\\/uploads\\\/2025\\\/04\\\/Nature-Safari-Float-and-Chocolate-Tour.webp\",\"datePublished\":\"2024-02-19T17:52:02+00:00\",\"dateModified\":\"2024-02-22T18:35:27+00:00\",\"description\":\"Durante su excursi\u00f3n de Safari y Chocolate, su gu\u00eda compartir\u00e1 con usted la historia de la regi\u00f3n y su amor por Costa Rica. Reserve ahora\",\"breadcrumb\":{\"@id\":\"https:\\\/\\\/staging.waveexpeditions.com\\\/es\\\/producto\\\/safari-natural-flotador-y-tour-de-chocolate-la-fortuna-costa-rica\\\/#breadcrumb\"},\"inLanguage\":\"es\",\"potentialAction\":[{\"@type\":\"ReadAction\",\"target\":[\"https:\\\/\\\/staging.waveexpeditions.com\\\/es\\\/producto\\\/safari-natural-flotador-y-tour-de-chocolate-la-fortuna-costa-rica\\\/\"]}]},{\"@type\":\"ImageObject\",\"inLanguage\":\"es\",\"@id\":\"https:\\\/\\\/staging.waveexpeditions.com\\\/es\\\/producto\\\/safari-natural-flotador-y-tour-de-chocolate-la-fortuna-costa-rica\\\/#primaryimage\",\"url\":\"https:\\\/\\\/staging.waveexpeditions.com\\\/wp-content\\\/uploads\\\/2025\\\/04\\\/Nature-Safari-Float-and-Chocolate-Tour.webp\",\"contentUrl\":\"https:\\\/\\\/staging.waveexpeditions.com\\\/wp-content\\\/uploads\\\/2025\\\/04\\\/Nature-Safari-Float-and-Chocolate-Tour.webp\",\"width\":1600,\"height\":1600,\"caption\":\"Discover the history of cacao and enjoy handcrafted chocolate after your river float.\"},{\"@type\":\"BreadcrumbList\",\"@id\":\"https:\\\/\\\/staging.waveexpeditions.com\\\/es\\\/producto\\\/safari-natural-flotador-y-tour-de-chocolate-la-fortuna-costa-rica\\\/#breadcrumb\",\"itemListElement\":[{\"@type\":\"ListItem\",\"position\":1,\"name\":\"Home\",\"item\":\"https:\\\/\\\/staging.waveexpeditions.com\\\/es\\\/wave-rafting-costa-rica\\\/\"},{\"@type\":\"ListItem\",\"position\":2,\"name\":\"Productos\",\"item\":\"https:\\\/\\\/staging.waveexpeditions.com\\\/es\\\/shop\\\/\"},{\"@type\":\"ListItem\",\"position\":3,\"name\":\"Safari en balsa y Tour de Chocolate en La Fortuna\"}]},{\"@type\":\"WebSite\",\"@id\":\"https:\\\/\\\/staging.waveexpeditions.com\\\/es\\\/#website\",\"url\":\"https:\\\/\\\/staging.waveexpeditions.com\\\/es\\\/\",\"name\":\"WAVE Rafting\",\"description\":\"Rafting Costa Rica\",\"publisher\":{\"@id\":\"https:\\\/\\\/staging.waveexpeditions.com\\\/es\\\/#organization\"},\"potentialAction\":[{\"@type\":\"SearchAction\",\"target\":{\"@type\":\"EntryPoint\",\"urlTemplate\":\"https:\\\/\\\/staging.waveexpeditions.com\\\/es\\\/?s={search_term_string}\"},\"query-input\":{\"@type\":\"PropertyValueSpecification\",\"valueRequired\":true,\"valueName\":\"search_term_string\"}}],\"inLanguage\":\"es\"},{\"@type\":\"Organization\",\"@id\":\"https:\\\/\\\/staging.waveexpeditions.com\\\/es\\\/#organization\",\"name\":\"WAVE Rafting\",\"url\":\"https:\\\/\\\/staging.waveexpeditions.com\\\/es\\\/\",\"logo\":{\"@type\":\"ImageObject\",\"inLanguage\":\"es\",\"@id\":\"https:\\\/\\\/staging.waveexpeditions.com\\\/es\\\/#\\\/schema\\\/logo\\\/image\\\/\",\"url\":\"https:\\\/\\\/www.staging.waveexpeditions.com\\\/wp-content\\\/uploads\\\/2016\\\/07\\\/logo_foot.png\",\"contentUrl\":\"https:\\\/\\\/www.staging.waveexpeditions.com\\\/wp-content\\\/uploads\\\/2016\\\/07\\\/logo_foot.png\",\"width\":503,\"height\":172,\"caption\":\"WAVE Rafting\"},\"image\":{\"@id\":\"https:\\\/\\\/staging.waveexpeditions.com\\\/es\\\/#\\\/schema\\\/logo\\\/image\\\/\"},\"sameAs\":[\"https:\\\/\\\/www.facebook.com\\\/waveexp\\\/\",\"https:\\\/\\\/x.com\\\/waveexpeditions\",\"https:\\\/\\\/www.instagram.com\\\/wave.expeditions\\\/\"]}]}<\/script>\n<!-- \/ Yoast SEO plugin. -->","yoast_head_json":{"title":"Safari Natural en balsa y Tour de Chocolate en La Fortuna","description":"Durante su excursi\u00f3n de Safari y Chocolate, su gu\u00eda compartir\u00e1 con usted la historia de la regi\u00f3n y su amor por Costa Rica. Reserve ahora","robots":{"index":"noindex","follow":"follow","max-snippet":"max-snippet:-1","max-image-preview":"max-image-preview:large","max-video-preview":"max-video-preview:-1"},"og_locale":"es_ES","og_type":"article","og_title":"Safari Natural en balsa y Tour de Chocolate en La Fortuna","og_description":"Durante su excursi\u00f3n de Safari y Chocolate, su gu\u00eda compartir\u00e1 con usted la historia de la regi\u00f3n y su amor por Costa Rica. Reserve ahora","og_url":"https:\/\/staging.waveexpeditions.com\/es\/producto\/safari-natural-flotador-y-tour-de-chocolate-la-fortuna-costa-rica\/","og_site_name":"WAVE Rafting","article_publisher":"https:\/\/www.facebook.com\/waveexp\/","article_modified_time":"2024-02-22T18:35:27+00:00","og_image":[{"width":1600,"height":1600,"url":"https:\/\/staging.waveexpeditions.com\/wp-content\/uploads\/2025\/04\/Nature-Safari-Float-and-Chocolate-Tour.webp","type":"image\/webp"}],"twitter_card":"summary_large_image","twitter_site":"@waveexpeditions","twitter_misc":{"Tiempo de lectura":"2 minutos"},"schema":{"@context":"https:\/\/schema.org","@graph":[{"@type":"WebPage","@id":"https:\/\/staging.waveexpeditions.com\/es\/producto\/safari-natural-flotador-y-tour-de-chocolate-la-fortuna-costa-rica\/","url":"https:\/\/staging.waveexpeditions.com\/es\/producto\/safari-natural-flotador-y-tour-de-chocolate-la-fortuna-costa-rica\/","name":"Safari Natural en balsa y Tour de Chocolate en La Fortuna","isPartOf":{"@id":"https:\/\/staging.waveexpeditions.com\/es\/#website"},"primaryImageOfPage":{"@id":"https:\/\/staging.waveexpeditions.com\/es\/producto\/safari-natural-flotador-y-tour-de-chocolate-la-fortuna-costa-rica\/#primaryimage"},"image":{"@id":"https:\/\/staging.waveexpeditions.com\/es\/producto\/safari-natural-flotador-y-tour-de-chocolate-la-fortuna-costa-rica\/#primaryimage"},"thumbnailUrl":"https:\/\/staging.waveexpeditions.com\/wp-content\/uploads\/2025\/04\/Nature-Safari-Float-and-Chocolate-Tour.webp","datePublished":"2024-02-19T17:52:02+00:00","dateModified":"2024-02-22T18:35:27+00:00","description":"Durante su excursi\u00f3n de Safari y Chocolate, su gu\u00eda compartir\u00e1 con usted la historia de la regi\u00f3n y su amor por Costa Rica. Reserve ahora","breadcrumb":{"@id":"https:\/\/staging.waveexpeditions.com\/es\/producto\/safari-natural-flotador-y-tour-de-chocolate-la-fortuna-costa-rica\/#breadcrumb"},"inLanguage":"es","potentialAction":[{"@type":"ReadAction","target":["https:\/\/staging.waveexpeditions.com\/es\/producto\/safari-natural-flotador-y-tour-de-chocolate-la-fortuna-costa-rica\/"]}]},{"@type":"ImageObject","inLanguage":"es","@id":"https:\/\/staging.waveexpeditions.com\/es\/producto\/safari-natural-flotador-y-tour-de-chocolate-la-fortuna-costa-rica\/#primaryimage","url":"https:\/\/staging.waveexpeditions.com\/wp-content\/uploads\/2025\/04\/Nature-Safari-Float-and-Chocolate-Tour.webp","contentUrl":"https:\/\/staging.waveexpeditions.com\/wp-content\/uploads\/2025\/04\/Nature-Safari-Float-and-Chocolate-Tour.webp","width":1600,"height":1600,"caption":"Discover the history of cacao and enjoy handcrafted chocolate after your river float."},{"@type":"BreadcrumbList","@id":"https:\/\/staging.waveexpeditions.com\/es\/producto\/safari-natural-flotador-y-tour-de-chocolate-la-fortuna-costa-rica\/#breadcrumb","itemListElement":[{"@type":"ListItem","position":1,"name":"Home","item":"https:\/\/staging.waveexpeditions.com\/es\/wave-rafting-costa-rica\/"},{"@type":"ListItem","position":2,"name":"Productos","item":"https:\/\/staging.waveexpeditions.com\/es\/shop\/"},{"@type":"ListItem","position":3,"name":"Safari en balsa y Tour de Chocolate en La Fortuna"}]},{"@type":"WebSite","@id":"https:\/\/staging.waveexpeditions.com\/es\/#website","url":"https:\/\/staging.waveexpeditions.com\/es\/","name":"WAVE Rafting","description":"Rafting Costa Rica","publisher":{"@id":"https:\/\/staging.waveexpeditions.com\/es\/#organization"},"potentialAction":[{"@type":"SearchAction","target":{"@type":"EntryPoint","urlTemplate":"https:\/\/staging.waveexpeditions.com\/es\/?s={search_term_string}"},"query-input":{"@type":"PropertyValueSpecification","valueRequired":true,"valueName":"search_term_string"}}],"inLanguage":"es"},{"@type":"Organization","@id":"https:\/\/staging.waveexpeditions.com\/es\/#organization","name":"WAVE Rafting","url":"https:\/\/staging.waveexpeditions.com\/es\/","logo":{"@type":"ImageObject","inLanguage":"es","@id":"https:\/\/staging.waveexpeditions.com\/es\/#\/schema\/logo\/image\/","url":"https:\/\/www.staging.waveexpeditions.com\/wp-content\/uploads\/2016\/07\/logo_foot.png","contentUrl":"https:\/\/www.staging.waveexpeditions.com\/wp-content\/uploads\/2016\/07\/logo_foot.png","width":503,"height":172,"caption":"WAVE Rafting"},"image":{"@id":"https:\/\/staging.waveexpeditions.com\/es\/#\/schema\/logo\/image\/"},"sameAs":["https:\/\/www.facebook.com\/waveexp\/","https:\/\/x.com\/waveexpeditions","https:\/\/www.instagram.com\/wave.expeditions\/"]}]}},"_links":{"self":[{"href":"https:\/\/staging.waveexpeditions.com\/es\/wp-json\/wp\/v2\/product\/47426","targetHints":{"allow":["GET"]}}],"collection":[{"href":"https:\/\/staging.waveexpeditions.com\/es\/wp-json\/wp\/v2\/product"}],"about":[{"href":"https:\/\/staging.waveexpeditions.com\/es\/wp-json\/wp\/v2\/types\/product"}],"wp:featuredmedia":[{"embeddable":true,"href":"https:\/\/staging.waveexpeditions.com\/es\/wp-json\/wp\/v2\/media\/52420"}],"wp:attachment":[{"href":"https:\/\/staging.waveexpeditions.com\/es\/wp-json\/wp\/v2\/media?parent=47426"}],"wp:term":[{"taxonomy":"product_brand","embeddable":true,"href":"https:\/\/staging.waveexpeditions.com\/es\/wp-json\/wp\/v2\/product_brand?post=47426"},{"taxonomy":"product_cat","embeddable":true,"href":"https:\/\/staging.waveexpeditions.com\/es\/wp-json\/wp\/v2\/product_cat?post=47426"},{"taxonomy":"product_tag","embeddable":true,"href":"https:\/\/staging.waveexpeditions.com\/es\/wp-json\/wp\/v2\/product_tag?post=47426"}],"curies":[{"name":"wp","href":"https:\/\/api.w.org\/{rel}","templated":true}]}}