{"id":47427,"date":"2016-07-27T09:21:01","date_gmt":"2016-07-27T15:21:01","guid":{"rendered":"https:\/\/www.waveexpeditions.com\/staging-wave-2-0\/product\/combo-de-rafting-y-tour-de-chocolate-en-el-volcan-arenal\/"},"modified":"2024-11-12T05:03:16","modified_gmt":"2024-11-12T11:03:16","slug":"combo-de-rafting-y-tour-de-chocolate-en-el-volcan-arenal","status":"publish","type":"product","link":"https:\/\/staging.waveexpeditions.com\/es\/producto\/combo-de-rafting-y-tour-de-chocolate-en-el-volcan-arenal\/","title":{"rendered":"Combo de Rafting y Tour de Chocolate en el Volc\u00e1n Arenal"},"content":{"rendered":"<p>Sum\u00e9rgete en los aromas y deliciosos sabores del mundo del chocolate y la adrenalina del rafting con este combo de tour de rafting en aguas bravas y chocolate en Arenal.<\/p>\n<p>Durante tu recorrido de degustaci\u00f3n, descubrir\u00e1s la historia del chocolate, comenzando con el importante papel del chocolate para las poblaciones ind\u00edgenas, su posterior llegada a Europa y finalmente el mercado global.<\/p>\n<p>Ver\u00e1s la transformaci\u00f3n del grano de cacao en productos de chocolate disponibles en el mercado. Mientras participas en la demostraci\u00f3n pr\u00e1ctica del proceso de fabricaci\u00f3n de chocolate, tendr\u00e1s la oportunidad de mezclar chocolate con diferentes ingredientes ex\u00f3ticos como la flor de Jamaica, canela natural, nuez moscada y pimienta de chili. Una vez que hayas probado estas delicias y, con suerte, satisfecho tu gusto por lo dulce, te embarcar\u00e1s en tu pr\u00f3xima aventura: Rafting en aguas bravas clase III.<\/p>\n<p>Una vez que llegues a la orilla del r\u00edo, tu gu\u00eda de r\u00edo te dar\u00e1 una charla de seguridad, te entrenar\u00e1 para remar tu balsa en equipo y te equipar\u00e1 con el equipo de seguridad necesario. Una vez que hayas tenido la oportunidad de practicar tus nuevas habilidades de rafting en el r\u00edo, te lanzar\u00e1s a hasta dos emocionantes horas de acci\u00f3n en aguas blancas de Clase II-III en el pintoresco y tropical R\u00edo Balsa.<\/p>\n<p>Prep\u00e1rate para mojarte y divertirte mientras navegas por r\u00e1pidos como &#8220;Roca Magn\u00e9tica&#8221; y &#8220;Dragas&#8221;. En el camino, har\u00e1s una parada para disfrutar de un ba\u00f1o, algunas frutas tropicales frescas y bebidas fr\u00edas. Al final del tour de rafting, habr\u00e1s ganado el suculento almuerzo t\u00edpico costarricense que se te servir\u00e1 de manera tradicional. Pero esto es m\u00e1s que una simple parada para el almuerzo, es un tour en s\u00ed mismo. Durante tu parada en esta tradicional finca de campo, experimentar\u00e1s el estilo de vida puro y tranquilo de los costarricenses que viven en el campo y entender\u00e1s el significado de <strong>Pura Vida<\/strong>: la Vida Pura.<\/p>\n","protected":false},"excerpt":{"rendered":"<p>Sum\u00e9rjase en los aromas y deliciosos sabores del chocolate y en la adrenalina del rafting.<\/p>\n","protected":false},"featured_media":52373,"template":"","meta":{"_acf_changed":false,"_crdt_document":"","_monsterinsights_skip_tracking":false,"_monsterinsights_sitenote_active":false,"_monsterinsights_sitenote_note":"","_monsterinsights_sitenote_category":0,"_joinchat":[]},"product_brand":[],"product_cat":[446,444],"product_tag":[333],"class_list":{"0":"post-47427","1":"product","2":"type-product","3":"status-publish","4":"has-post-thumbnail","6":"product_cat-combos-de-aventura","7":"product_cat-tours-es","8":"product_tag-la-fortuna-es","10":"first","11":"instock","12":"virtual","13":"sold-individually","14":"taxable","15":"purchasable","16":"product-type-booking"},"booking_location":"","booking_location_type":"","booking_duration":1,"booking_duration_unit":"day","booking_buffer":0,"booking_cost":0,"booking_resources":[],"exclude_global_add_ons":false,"addons":[{"name":"Can\u2019t find the date or time you want?","type":"heading","position":0,"required":false,"title_format":"heading","default":"","description_enable":true,"description":"No worries, we can help! <a style=\"color:#00ad67\" href=\"https:\/\/wa.me\/+50624797262\" target=\"_blank\">WhatsApp Us<\/a> or <a style=\"color:#0a5ca7\" href=\"mailto:info@waveexpeditions.com\" target=\"_blank\">Email US<\/a>","placeholder_enable":false,"placeholder":"","display":"select","restrictions_type":"any_text","adjust_price":false,"price":"","price_type":"flat_fee","restrictions":false,"min":"0","max":"0","options":[],"id":1740565927},{"name":"Pick Up Place- La Fortuna Hotels","type":"custom_text","position":0,"required":true,"title_format":"heading","default":"","description_enable":true,"description":"Please write the name of your Hotel.\r\nHotels outside of the regular route may have an extra charge.","placeholder_enable":false,"placeholder":"","display":"select","restrictions_type":"only_letters","adjust_price":false,"price":"","price_type":"flat_fee","restrictions":false,"min":"0","max":"0","options":[],"id":1689060866},{"name":"Drop Off - Next destination Hotel","type":"custom_text","position":1,"required":true,"title_format":"heading","default":"","description_enable":true,"description":"Please write the name of your Hotel. \r\nHotels outside of the regular route may have an extra charge.","placeholder_enable":false,"placeholder":"","display":"select","restrictions_type":"only_letters","adjust_price":false,"price":"","price_type":"flat_fee","restrictions":false,"min":"0","max":"0","options":[],"id":1689060867},{"name":"PICK UP LOCATION","type":"multiple_choice","position":0,"required":true,"title_format":"heading","default":"","description_enable":false,"description":"","placeholder_enable":false,"placeholder":"","display":"select","restrictions_type":"any_text","adjust_price":false,"price":"","price_type":"flat_fee","restrictions":false,"min":"0","max":"0","options":[{"label":"Arenal Hotels","price":"","price_type":"quantity_based","image":0,"visibility":true},{"label":"Manuel Antonio Hotels","price":"","price_type":"quantity_based","image":0,"visibility":true}],"id":1689066623},{"name":"DROP OFF LOCATION","type":"multiple_choice","position":0,"required":true,"title_format":"heading","default":"","description_enable":false,"description":"","placeholder_enable":false,"placeholder":"","display":"select","restrictions_type":"any_text","adjust_price":false,"price":"","price_type":"","restrictions":false,"min":"0","max":"0","options":[{"label":"Arenal Hotels","price":"","price_type":"quantity_based","image":0,"visibility":true},{"label":"San Jose Hotels","price":"","price_type":"quantity_based","image":0,"visibility":true}]},{"name":"Please provide hotel drop off name","type":"heading","position":0,"required":false,"title_format":"label","default":"","description_enable":true,"description":"Some hotels may be are out of our normal drop off range. If your hotel is out of our drop off route, additional charges may apply.","placeholder_enable":false,"placeholder":"","display":"select","restrictions_type":"any_text","adjust_price":false,"price":"","price_type":"","restrictions":false,"min":"0","max":"0","options":[]},{"name":"Please provide hotel drop off name","type":"custom_text","position":0,"required":true,"title_format":"hide","default":"","description_enable":false,"description":"","placeholder_enable":false,"placeholder":"","display":"select","restrictions_type":"any_text","adjust_price":false,"price":"","price_type":"quantity_based","restrictions":true,"min":"","max":"30","options":[]},{"name":"Please provide hotel pick up name","type":"heading","position":0,"required":false,"title_format":"label","default":"","description_enable":true,"description":"Some hotels may be are out of our normal pick up range. If your hotel is out of our pick up route, additional charges may apply.","placeholder_enable":false,"placeholder":"","display":"select","restrictions_type":"any_text","adjust_price":false,"price":"","price_type":"","restrictions":false,"min":"0","max":"0","options":[]},{"name":"Please provide hotel pick up name","type":"custom_text","position":0,"required":true,"title_format":"hide","default":"","description_enable":false,"description":"","placeholder_enable":false,"placeholder":"","display":"select","restrictions_type":"any_text","adjust_price":false,"price":"","price_type":"quantity_based","restrictions":true,"min":"","max":"30","options":[]},{"name":"Rent a GoPro","type":"multiple_choice","position":0,"required":false,"title_format":"label","default":"","description_enable":true,"description":"Only available for the Rafting Tour","placeholder_enable":false,"placeholder":"","display":"select","restrictions_type":"any_text","adjust_price":true,"price":"30","price_type":"flat_fee","restrictions":true,"min":"0","max":"5","options":[{"label":"1","price":"30","price_type":"flat_fee","image":0,"visibility":true},{"label":"2","price":"60","price_type":"flat_fee","image":0,"visibility":true},{"label":"3","price":"90","price_type":"flat_fee","image":0,"visibility":true},{"label":"4","price":"120","price_type":"flat_fee","image":0,"visibility":true},{"label":"5","price":"150","price_type":"flat_fee","image":0,"visibility":true}],"id":1739958656}],"acf":[],"yoast_head":"<!-- This site is optimized with the Yoast SEO plugin v27.5 - https:\/\/yoast.com\/product\/yoast-seo-wordpress\/ -->\n<title>Combo de Rafting y Chocolate en Arenal<\/title>\n<meta name=\"description\" content=\"Vive una experiencia \u00fanica en Arenal con nuestro combo de rafting y tour de chocolate. Sabores y adrenalina en un solo tour.\" \/>\n<meta name=\"robots\" content=\"noindex, follow, max-snippet:-1, max-image-preview:large, max-video-preview:-1\" \/>\n<meta property=\"og:locale\" content=\"es_ES\" \/>\n<meta property=\"og:type\" content=\"article\" \/>\n<meta property=\"og:title\" content=\"Combo de Rafting y Chocolate en Arenal\" \/>\n<meta property=\"og:description\" content=\"Vive una experiencia \u00fanica en Arenal con nuestro combo de rafting y tour de chocolate. Sabores y adrenalina en un solo tour.\" \/>\n<meta property=\"og:url\" content=\"https:\/\/staging.waveexpeditions.com\/es\/producto\/combo-de-rafting-y-tour-de-chocolate-en-el-volcan-arenal\/\" \/>\n<meta property=\"og:site_name\" content=\"WAVE Rafting\" \/>\n<meta property=\"article:publisher\" content=\"https:\/\/www.facebook.com\/waveexp\/\" \/>\n<meta property=\"article:modified_time\" content=\"2024-11-12T11:03:16+00:00\" \/>\n<meta property=\"og:image\" content=\"https:\/\/staging.waveexpeditions.com\/wp-content\/uploads\/2016\/07\/Rafting-Chocolate-Tasting-Experience-1.webp\" \/>\n\t<meta property=\"og:image:width\" content=\"2048\" \/>\n\t<meta property=\"og:image:height\" content=\"2048\" \/>\n\t<meta property=\"og:image:type\" content=\"image\/webp\" \/>\n<meta name=\"twitter:card\" content=\"summary_large_image\" \/>\n<meta name=\"twitter:site\" content=\"@waveexpeditions\" \/>\n<meta name=\"twitter:label1\" content=\"Tiempo de lectura\" \/>\n\t<meta name=\"twitter:data1\" content=\"2 minutos\" \/>\n<script type=\"application\/ld+json\" class=\"yoast-schema-graph\">{\"@context\":\"https:\\\/\\\/schema.org\",\"@graph\":[{\"@type\":\"WebPage\",\"@id\":\"https:\\\/\\\/staging.waveexpeditions.com\\\/es\\\/producto\\\/combo-de-rafting-y-tour-de-chocolate-en-el-volcan-arenal\\\/\",\"url\":\"https:\\\/\\\/staging.waveexpeditions.com\\\/es\\\/producto\\\/combo-de-rafting-y-tour-de-chocolate-en-el-volcan-arenal\\\/\",\"name\":\"Combo de Rafting y Chocolate en Arenal\",\"isPartOf\":{\"@id\":\"https:\\\/\\\/staging.waveexpeditions.com\\\/es\\\/#website\"},\"primaryImageOfPage\":{\"@id\":\"https:\\\/\\\/staging.waveexpeditions.com\\\/es\\\/producto\\\/combo-de-rafting-y-tour-de-chocolate-en-el-volcan-arenal\\\/#primaryimage\"},\"image\":{\"@id\":\"https:\\\/\\\/staging.waveexpeditions.com\\\/es\\\/producto\\\/combo-de-rafting-y-tour-de-chocolate-en-el-volcan-arenal\\\/#primaryimage\"},\"thumbnailUrl\":\"https:\\\/\\\/staging.waveexpeditions.com\\\/wp-content\\\/uploads\\\/2016\\\/07\\\/Rafting-Chocolate-Tasting-Experience-1.webp\",\"datePublished\":\"2016-07-27T15:21:01+00:00\",\"dateModified\":\"2024-11-12T11:03:16+00:00\",\"description\":\"Vive una experiencia \u00fanica en Arenal con nuestro combo de rafting y tour de chocolate. Sabores y adrenalina en un solo tour.\",\"breadcrumb\":{\"@id\":\"https:\\\/\\\/staging.waveexpeditions.com\\\/es\\\/producto\\\/combo-de-rafting-y-tour-de-chocolate-en-el-volcan-arenal\\\/#breadcrumb\"},\"inLanguage\":\"es\",\"potentialAction\":[{\"@type\":\"ReadAction\",\"target\":[\"https:\\\/\\\/staging.waveexpeditions.com\\\/es\\\/producto\\\/combo-de-rafting-y-tour-de-chocolate-en-el-volcan-arenal\\\/\"]}]},{\"@type\":\"ImageObject\",\"inLanguage\":\"es\",\"@id\":\"https:\\\/\\\/staging.waveexpeditions.com\\\/es\\\/producto\\\/combo-de-rafting-y-tour-de-chocolate-en-el-volcan-arenal\\\/#primaryimage\",\"url\":\"https:\\\/\\\/staging.waveexpeditions.com\\\/wp-content\\\/uploads\\\/2016\\\/07\\\/Rafting-Chocolate-Tasting-Experience-1.webp\",\"contentUrl\":\"https:\\\/\\\/staging.waveexpeditions.com\\\/wp-content\\\/uploads\\\/2016\\\/07\\\/Rafting-Chocolate-Tasting-Experience-1.webp\",\"width\":2048,\"height\":2048,\"caption\":\"Discover Costa Rica\u2019s chocolate heritage on a cacao tour with Wave Expeditions\"},{\"@type\":\"BreadcrumbList\",\"@id\":\"https:\\\/\\\/staging.waveexpeditions.com\\\/es\\\/producto\\\/combo-de-rafting-y-tour-de-chocolate-en-el-volcan-arenal\\\/#breadcrumb\",\"itemListElement\":[{\"@type\":\"ListItem\",\"position\":1,\"name\":\"Home\",\"item\":\"https:\\\/\\\/staging.waveexpeditions.com\\\/es\\\/wave-rafting-costa-rica\\\/\"},{\"@type\":\"ListItem\",\"position\":2,\"name\":\"Productos\",\"item\":\"https:\\\/\\\/staging.waveexpeditions.com\\\/es\\\/shop\\\/\"},{\"@type\":\"ListItem\",\"position\":3,\"name\":\"Combo de Rafting y Tour de Chocolate en el Volc\u00e1n Arenal\"}]},{\"@type\":\"WebSite\",\"@id\":\"https:\\\/\\\/staging.waveexpeditions.com\\\/es\\\/#website\",\"url\":\"https:\\\/\\\/staging.waveexpeditions.com\\\/es\\\/\",\"name\":\"WAVE Rafting\",\"description\":\"Rafting Costa Rica\",\"publisher\":{\"@id\":\"https:\\\/\\\/staging.waveexpeditions.com\\\/es\\\/#organization\"},\"potentialAction\":[{\"@type\":\"SearchAction\",\"target\":{\"@type\":\"EntryPoint\",\"urlTemplate\":\"https:\\\/\\\/staging.waveexpeditions.com\\\/es\\\/?s={search_term_string}\"},\"query-input\":{\"@type\":\"PropertyValueSpecification\",\"valueRequired\":true,\"valueName\":\"search_term_string\"}}],\"inLanguage\":\"es\"},{\"@type\":\"Organization\",\"@id\":\"https:\\\/\\\/staging.waveexpeditions.com\\\/es\\\/#organization\",\"name\":\"WAVE Rafting\",\"url\":\"https:\\\/\\\/staging.waveexpeditions.com\\\/es\\\/\",\"logo\":{\"@type\":\"ImageObject\",\"inLanguage\":\"es\",\"@id\":\"https:\\\/\\\/staging.waveexpeditions.com\\\/es\\\/#\\\/schema\\\/logo\\\/image\\\/\",\"url\":\"https:\\\/\\\/www.staging.waveexpeditions.com\\\/wp-content\\\/uploads\\\/2016\\\/07\\\/logo_foot.png\",\"contentUrl\":\"https:\\\/\\\/www.staging.waveexpeditions.com\\\/wp-content\\\/uploads\\\/2016\\\/07\\\/logo_foot.png\",\"width\":503,\"height\":172,\"caption\":\"WAVE Rafting\"},\"image\":{\"@id\":\"https:\\\/\\\/staging.waveexpeditions.com\\\/es\\\/#\\\/schema\\\/logo\\\/image\\\/\"},\"sameAs\":[\"https:\\\/\\\/www.facebook.com\\\/waveexp\\\/\",\"https:\\\/\\\/x.com\\\/waveexpeditions\",\"https:\\\/\\\/www.instagram.com\\\/wave.expeditions\\\/\"]}]}<\/script>\n<!-- \/ Yoast SEO plugin. -->","yoast_head_json":{"title":"Combo de Rafting y Chocolate en Arenal","description":"Vive una experiencia \u00fanica en Arenal con nuestro combo de rafting y tour de chocolate. Sabores y adrenalina en un solo tour.","robots":{"index":"noindex","follow":"follow","max-snippet":"max-snippet:-1","max-image-preview":"max-image-preview:large","max-video-preview":"max-video-preview:-1"},"og_locale":"es_ES","og_type":"article","og_title":"Combo de Rafting y Chocolate en Arenal","og_description":"Vive una experiencia \u00fanica en Arenal con nuestro combo de rafting y tour de chocolate. Sabores y adrenalina en un solo tour.","og_url":"https:\/\/staging.waveexpeditions.com\/es\/producto\/combo-de-rafting-y-tour-de-chocolate-en-el-volcan-arenal\/","og_site_name":"WAVE Rafting","article_publisher":"https:\/\/www.facebook.com\/waveexp\/","article_modified_time":"2024-11-12T11:03:16+00:00","og_image":[{"width":2048,"height":2048,"url":"https:\/\/staging.waveexpeditions.com\/wp-content\/uploads\/2016\/07\/Rafting-Chocolate-Tasting-Experience-1.webp","type":"image\/webp"}],"twitter_card":"summary_large_image","twitter_site":"@waveexpeditions","twitter_misc":{"Tiempo de lectura":"2 minutos"},"schema":{"@context":"https:\/\/schema.org","@graph":[{"@type":"WebPage","@id":"https:\/\/staging.waveexpeditions.com\/es\/producto\/combo-de-rafting-y-tour-de-chocolate-en-el-volcan-arenal\/","url":"https:\/\/staging.waveexpeditions.com\/es\/producto\/combo-de-rafting-y-tour-de-chocolate-en-el-volcan-arenal\/","name":"Combo de Rafting y Chocolate en Arenal","isPartOf":{"@id":"https:\/\/staging.waveexpeditions.com\/es\/#website"},"primaryImageOfPage":{"@id":"https:\/\/staging.waveexpeditions.com\/es\/producto\/combo-de-rafting-y-tour-de-chocolate-en-el-volcan-arenal\/#primaryimage"},"image":{"@id":"https:\/\/staging.waveexpeditions.com\/es\/producto\/combo-de-rafting-y-tour-de-chocolate-en-el-volcan-arenal\/#primaryimage"},"thumbnailUrl":"https:\/\/staging.waveexpeditions.com\/wp-content\/uploads\/2016\/07\/Rafting-Chocolate-Tasting-Experience-1.webp","datePublished":"2016-07-27T15:21:01+00:00","dateModified":"2024-11-12T11:03:16+00:00","description":"Vive una experiencia \u00fanica en Arenal con nuestro combo de rafting y tour de chocolate. Sabores y adrenalina en un solo tour.","breadcrumb":{"@id":"https:\/\/staging.waveexpeditions.com\/es\/producto\/combo-de-rafting-y-tour-de-chocolate-en-el-volcan-arenal\/#breadcrumb"},"inLanguage":"es","potentialAction":[{"@type":"ReadAction","target":["https:\/\/staging.waveexpeditions.com\/es\/producto\/combo-de-rafting-y-tour-de-chocolate-en-el-volcan-arenal\/"]}]},{"@type":"ImageObject","inLanguage":"es","@id":"https:\/\/staging.waveexpeditions.com\/es\/producto\/combo-de-rafting-y-tour-de-chocolate-en-el-volcan-arenal\/#primaryimage","url":"https:\/\/staging.waveexpeditions.com\/wp-content\/uploads\/2016\/07\/Rafting-Chocolate-Tasting-Experience-1.webp","contentUrl":"https:\/\/staging.waveexpeditions.com\/wp-content\/uploads\/2016\/07\/Rafting-Chocolate-Tasting-Experience-1.webp","width":2048,"height":2048,"caption":"Discover Costa Rica\u2019s chocolate heritage on a cacao tour with Wave Expeditions"},{"@type":"BreadcrumbList","@id":"https:\/\/staging.waveexpeditions.com\/es\/producto\/combo-de-rafting-y-tour-de-chocolate-en-el-volcan-arenal\/#breadcrumb","itemListElement":[{"@type":"ListItem","position":1,"name":"Home","item":"https:\/\/staging.waveexpeditions.com\/es\/wave-rafting-costa-rica\/"},{"@type":"ListItem","position":2,"name":"Productos","item":"https:\/\/staging.waveexpeditions.com\/es\/shop\/"},{"@type":"ListItem","position":3,"name":"Combo de Rafting y Tour de Chocolate en el Volc\u00e1n Arenal"}]},{"@type":"WebSite","@id":"https:\/\/staging.waveexpeditions.com\/es\/#website","url":"https:\/\/staging.waveexpeditions.com\/es\/","name":"WAVE Rafting","description":"Rafting Costa Rica","publisher":{"@id":"https:\/\/staging.waveexpeditions.com\/es\/#organization"},"potentialAction":[{"@type":"SearchAction","target":{"@type":"EntryPoint","urlTemplate":"https:\/\/staging.waveexpeditions.com\/es\/?s={search_term_string}"},"query-input":{"@type":"PropertyValueSpecification","valueRequired":true,"valueName":"search_term_string"}}],"inLanguage":"es"},{"@type":"Organization","@id":"https:\/\/staging.waveexpeditions.com\/es\/#organization","name":"WAVE Rafting","url":"https:\/\/staging.waveexpeditions.com\/es\/","logo":{"@type":"ImageObject","inLanguage":"es","@id":"https:\/\/staging.waveexpeditions.com\/es\/#\/schema\/logo\/image\/","url":"https:\/\/www.staging.waveexpeditions.com\/wp-content\/uploads\/2016\/07\/logo_foot.png","contentUrl":"https:\/\/www.staging.waveexpeditions.com\/wp-content\/uploads\/2016\/07\/logo_foot.png","width":503,"height":172,"caption":"WAVE Rafting"},"image":{"@id":"https:\/\/staging.waveexpeditions.com\/es\/#\/schema\/logo\/image\/"},"sameAs":["https:\/\/www.facebook.com\/waveexp\/","https:\/\/x.com\/waveexpeditions","https:\/\/www.instagram.com\/wave.expeditions\/"]}]}},"_links":{"self":[{"href":"https:\/\/staging.waveexpeditions.com\/es\/wp-json\/wp\/v2\/product\/47427","targetHints":{"allow":["GET"]}}],"collection":[{"href":"https:\/\/staging.waveexpeditions.com\/es\/wp-json\/wp\/v2\/product"}],"about":[{"href":"https:\/\/staging.waveexpeditions.com\/es\/wp-json\/wp\/v2\/types\/product"}],"wp:featuredmedia":[{"embeddable":true,"href":"https:\/\/staging.waveexpeditions.com\/es\/wp-json\/wp\/v2\/media\/52373"}],"wp:attachment":[{"href":"https:\/\/staging.waveexpeditions.com\/es\/wp-json\/wp\/v2\/media?parent=47427"}],"wp:term":[{"taxonomy":"product_brand","embeddable":true,"href":"https:\/\/staging.waveexpeditions.com\/es\/wp-json\/wp\/v2\/product_brand?post=47427"},{"taxonomy":"product_cat","embeddable":true,"href":"https:\/\/staging.waveexpeditions.com\/es\/wp-json\/wp\/v2\/product_cat?post=47427"},{"taxonomy":"product_tag","embeddable":true,"href":"https:\/\/staging.waveexpeditions.com\/es\/wp-json\/wp\/v2\/product_tag?post=47427"}],"curies":[{"name":"wp","href":"https:\/\/api.w.org\/{rel}","templated":true}]}}