{"id":47428,"date":"2016-09-06T15:55:53","date_gmt":"2016-09-06T21:55:53","guid":{"rendered":"https:\/\/www.waveexpeditions.com\/staging-wave-2-0\/product\/excursion-privada-rafting-en-el-rio-balsa-clase-ii-y-iii\/"},"modified":"2024-09-09T09:22:47","modified_gmt":"2024-09-09T15:22:47","slug":"excursion-privada-rafting-en-el-rio-balsa-clase-ii-y-iii","status":"publish","type":"product","link":"https:\/\/staging.waveexpeditions.com\/es\/producto\/excursion-privada-rafting-en-el-rio-balsa-clase-ii-y-iii\/","title":{"rendered":"Tour Privado de Rafting en el r\u00edo Balsa Clase II y III"},"content":{"rendered":"<p style=\"text-align: justify;\">\u00bfBusca el mejor Rafting de Aguas Blancas Clase II y III de Arenal Costa Rica que ofrezca emoci\u00f3n, pero en un ambiente m\u00e1s privado? Experimente la emoci\u00f3n de las aguas bravas sin la gran multitud. Este Tour Privado &#8211; Rafting Clase II y III desde el Volc\u00e1n Arenal es ideal para grupos peque\u00f1os o familias que desean un viaje \u00edntimo m\u00e1s personalizado exclusivo para su grupo<\/p>\n<p style=\"text-align: justify;\">La aventura de medio d\u00eda en el R\u00edo Balsa proporciona mucha acci\u00f3n y emoci\u00f3n, pero con r\u00e1pidos de clase II-III, los ni\u00f1os de 8 a 12 a\u00f1os pueden venir en esta excursi\u00f3n de aventura familiar en el Volc\u00e1n Arenal.<\/p>\n<p style=\"text-align: justify;\">Su gu\u00eda le recoger\u00e1 en su hotel y se unir\u00e1 a usted en el trayecto de 30 minutos hasta el punto de &#8220;punto de encuentro en el r\u00edo&#8221; \u00a1donde comienza la diversi\u00f3n! Recibir\u00e1 una sesi\u00f3n informativa exhaustiva y una explicaci\u00f3n del equipo y los procedimientos de seguridad.<\/p>\n<p style=\"text-align: justify;\">Una vez que todos hayan tenido tiempo de practicar y repasar las \u00f3rdenes y los &#8220;choca esos cinco&#8221;, se embarcar\u00e1 en el descenso de los r\u00e1pidos. M\u00f3jese y enloquezca en esta excursi\u00f3n de rafting para toda la familia mientras navega por r\u00e1pidos como &#8220;Roca Magn\u00e9tica&#8221; y &#8220;Dragas&#8221; en su recorrido de aventura de 2 horas por el hermoso y tropical r\u00edo Balsa.<\/p>\n<p style=\"text-align: justify;\">Sum\u00e9rjase en el majestuoso follaje de la selva tropical mientras observa monos, perezosos y tucanes mientras practica rafting. Disfrute de un ba\u00f1o, frutas tropicales durante su descanso de la acci\u00f3n. Al final del recorrido, su lugar de almuerzo es una excursi\u00f3n en s\u00ed misma. Se sirve un delicioso almuerzo t\u00edpico en una finca tradicional dise\u00f1ada para que los hu\u00e9spedes experimenten realmente<\/p>\n<p style=\"text-align: justify;\">la apacible vida campestre de Costa Rica. Llegar\u00e1 a comprender el significado del dicho favorito de Costa Rica, &#8220;\u00a1Pura Vida!&#8221; y el mejor rafting de aguas bravas de clase II y III disponible en La Fortuna<\/p>\n","protected":false},"excerpt":{"rendered":"<p>Esta aventura familiar de rafting en aguas bravas es una gran opci\u00f3n para todos los niveles de rafting. Disfrute de 2 horas llenas de diversi\u00f3n en el r\u00edo seguidas de un estupendo almuerzo preparado en la zona. Esta excursi\u00f3n requiere un m\u00ednimo de 4 personas.<\/p>\n","protected":false},"featured_media":54660,"template":"","meta":{"_acf_changed":false,"_crdt_document":"","_monsterinsights_skip_tracking":false,"_monsterinsights_sitenote_active":false,"_monsterinsights_sitenote_note":"","_monsterinsights_sitenote_category":0,"_joinchat":[]},"product_brand":[],"product_cat":[444,462],"product_tag":[333],"class_list":{"0":"post-47428","1":"product","2":"type-product","3":"status-publish","4":"has-post-thumbnail","6":"product_cat-tours-es","7":"product_cat-visitas-privadas","8":"product_tag-la-fortuna-es","10":"first","11":"instock","12":"virtual","13":"sold-individually","14":"taxable","15":"purchasable","16":"product-type-booking"},"booking_location":"","booking_location_type":"","booking_duration":1,"booking_duration_unit":"day","booking_buffer":0,"booking_cost":0,"booking_resources":[],"exclude_global_add_ons":false,"addons":[{"name":"Can\u2019t find the date or time you want?","type":"heading","position":0,"required":false,"title_format":"heading","default":"","description_enable":true,"description":"No worries, we can help! <a style=\"color:#00ad67\" href=\"https:\/\/wa.me\/+50624797262\" target=\"_blank\">WhatsApp Us<\/a> or <a style=\"color:#0a5ca7\" href=\"mailto:info@waveexpeditions.com\" target=\"_blank\">Email US<\/a>","placeholder_enable":false,"placeholder":"","display":"select","restrictions_type":"any_text","adjust_price":false,"price":"","price_type":"flat_fee","restrictions":false,"min":"0","max":"0","options":[],"id":1740565927},{"name":"Pick Up Place- La Fortuna Hotels","type":"custom_text","position":0,"required":true,"title_format":"heading","default":"","description_enable":true,"description":"Please write the name of your Hotel.\r\nHotels outside of the regular route may have an extra charge.","placeholder_enable":false,"placeholder":"","display":"select","restrictions_type":"only_letters","adjust_price":false,"price":"","price_type":"flat_fee","restrictions":false,"min":"0","max":"0","options":[],"id":1689060866},{"name":"Drop Off - Next destination Hotel","type":"custom_text","position":1,"required":true,"title_format":"heading","default":"","description_enable":true,"description":"Please write the name of your Hotel. \r\nHotels outside of the regular route may have an extra charge.","placeholder_enable":false,"placeholder":"","display":"select","restrictions_type":"only_letters","adjust_price":false,"price":"","price_type":"flat_fee","restrictions":false,"min":"0","max":"0","options":[],"id":1689060867},{"name":"PICK UP LOCATION","type":"multiple_choice","position":0,"required":true,"title_format":"heading","default":"","description_enable":false,"description":"","placeholder_enable":false,"placeholder":"","display":"select","restrictions_type":"any_text","adjust_price":false,"price":"","price_type":"flat_fee","restrictions":false,"min":"0","max":"0","options":[{"label":"Arenal Hotels","price":"","price_type":"quantity_based","image":0,"visibility":true},{"label":"Manuel Antonio Hotels","price":"","price_type":"quantity_based","image":0,"visibility":true}],"id":1689066623},{"name":"DROP OFF LOCATION","type":"multiple_choice","position":0,"required":true,"title_format":"heading","default":"","description_enable":false,"description":"","placeholder_enable":false,"placeholder":"","display":"select","restrictions_type":"any_text","adjust_price":false,"price":"","price_type":"","restrictions":false,"min":"0","max":"0","options":[{"label":"Arenal Hotels","price":"","price_type":"quantity_based","image":0,"visibility":true},{"label":"San Jose Hotels","price":"","price_type":"quantity_based","image":0,"visibility":true}]},{"name":"Please provide hotel drop off name","type":"heading","position":0,"required":false,"title_format":"label","default":"","description_enable":true,"description":"Some hotels may be are out of our normal drop off range. If your hotel is out of our drop off route, additional charges may apply.","placeholder_enable":false,"placeholder":"","display":"select","restrictions_type":"any_text","adjust_price":false,"price":"","price_type":"","restrictions":false,"min":"0","max":"0","options":[]},{"name":"Please provide hotel drop off name","type":"custom_text","position":0,"required":true,"title_format":"hide","default":"","description_enable":false,"description":"","placeholder_enable":false,"placeholder":"","display":"select","restrictions_type":"any_text","adjust_price":false,"price":"","price_type":"quantity_based","restrictions":true,"min":"","max":"30","options":[]},{"name":"Please provide hotel pick up name","type":"heading","position":0,"required":false,"title_format":"label","default":"","description_enable":true,"description":"Some hotels may be are out of our normal pick up range. If your hotel is out of our pick up route, additional charges may apply.","placeholder_enable":false,"placeholder":"","display":"select","restrictions_type":"any_text","adjust_price":false,"price":"","price_type":"","restrictions":false,"min":"0","max":"0","options":[]},{"name":"Please provide hotel pick up name","type":"custom_text","position":0,"required":true,"title_format":"hide","default":"","description_enable":false,"description":"","placeholder_enable":false,"placeholder":"","display":"select","restrictions_type":"any_text","adjust_price":false,"price":"","price_type":"quantity_based","restrictions":true,"min":"","max":"30","options":[]},{"name":"Rent a GoPro","type":"multiple_choice","position":0,"required":false,"title_format":"label","default":"","description_enable":true,"description":"Only available for the Rafting Tour","placeholder_enable":false,"placeholder":"","display":"select","restrictions_type":"any_text","adjust_price":true,"price":"30","price_type":"flat_fee","restrictions":true,"min":"0","max":"5","options":[{"label":"1","price":"30","price_type":"flat_fee","image":0,"visibility":true},{"label":"2","price":"60","price_type":"flat_fee","image":0,"visibility":true},{"label":"3","price":"90","price_type":"flat_fee","image":0,"visibility":true},{"label":"4","price":"120","price_type":"flat_fee","image":0,"visibility":true},{"label":"5","price":"150","price_type":"flat_fee","image":0,"visibility":true}],"id":1739958656}],"acf":[],"yoast_head":"<!-- This site is optimized with the Yoast SEO plugin v27.5 - https:\/\/yoast.com\/product\/yoast-seo-wordpress\/ -->\n<title>Rafting Clase II y III desde Arenal<\/title>\n<meta name=\"description\" content=\"Disfruta de una excursi\u00f3n privada de rafting en el r\u00edo Balsa Clase II y III. Una aventura personalizada llena de emoci\u00f3n en Costa Rica. \u00a1Reserva ahora!\" \/>\n<meta name=\"robots\" content=\"noindex, follow, max-snippet:-1, max-image-preview:large, max-video-preview:-1\" \/>\n<meta property=\"og:locale\" content=\"es_ES\" \/>\n<meta property=\"og:type\" content=\"article\" \/>\n<meta property=\"og:title\" content=\"Rafting Clase II y III desde Arenal\" \/>\n<meta property=\"og:description\" content=\"Disfruta de una excursi\u00f3n privada de rafting en el r\u00edo Balsa Clase II y III. Una aventura personalizada llena de emoci\u00f3n en Costa Rica. \u00a1Reserva ahora!\" \/>\n<meta property=\"og:url\" content=\"https:\/\/staging.waveexpeditions.com\/es\/producto\/excursion-privada-rafting-en-el-rio-balsa-clase-ii-y-iii\/\" \/>\n<meta property=\"og:site_name\" content=\"WAVE Rafting\" \/>\n<meta property=\"article:publisher\" content=\"https:\/\/www.facebook.com\/waveexp\/\" \/>\n<meta property=\"article:modified_time\" content=\"2024-09-09T15:22:47+00:00\" \/>\n<meta property=\"og:image\" content=\"https:\/\/staging.waveexpeditions.com\/wp-content\/uploads\/2025\/10\/Diseno-sin-titulo-5.webp\" \/>\n\t<meta property=\"og:image:width\" content=\"2048\" \/>\n\t<meta property=\"og:image:height\" content=\"2048\" \/>\n\t<meta property=\"og:image:type\" content=\"image\/webp\" \/>\n<meta name=\"twitter:card\" content=\"summary_large_image\" \/>\n<meta name=\"twitter:site\" content=\"@waveexpeditions\" \/>\n<meta name=\"twitter:label1\" content=\"Tiempo de lectura\" \/>\n\t<meta name=\"twitter:data1\" content=\"2 minutos\" \/>\n<script type=\"application\/ld+json\" class=\"yoast-schema-graph\">{\"@context\":\"https:\\\/\\\/schema.org\",\"@graph\":[{\"@type\":\"WebPage\",\"@id\":\"https:\\\/\\\/staging.waveexpeditions.com\\\/es\\\/producto\\\/excursion-privada-rafting-en-el-rio-balsa-clase-ii-y-iii\\\/\",\"url\":\"https:\\\/\\\/staging.waveexpeditions.com\\\/es\\\/producto\\\/excursion-privada-rafting-en-el-rio-balsa-clase-ii-y-iii\\\/\",\"name\":\"Rafting Clase II y III desde Arenal\",\"isPartOf\":{\"@id\":\"https:\\\/\\\/staging.waveexpeditions.com\\\/es\\\/#website\"},\"primaryImageOfPage\":{\"@id\":\"https:\\\/\\\/staging.waveexpeditions.com\\\/es\\\/producto\\\/excursion-privada-rafting-en-el-rio-balsa-clase-ii-y-iii\\\/#primaryimage\"},\"image\":{\"@id\":\"https:\\\/\\\/staging.waveexpeditions.com\\\/es\\\/producto\\\/excursion-privada-rafting-en-el-rio-balsa-clase-ii-y-iii\\\/#primaryimage\"},\"thumbnailUrl\":\"https:\\\/\\\/staging.waveexpeditions.com\\\/wp-content\\\/uploads\\\/2025\\\/10\\\/Diseno-sin-titulo-5.webp\",\"datePublished\":\"2016-09-06T21:55:53+00:00\",\"dateModified\":\"2024-09-09T15:22:47+00:00\",\"description\":\"Disfruta de una excursi\u00f3n privada de rafting en el r\u00edo Balsa Clase II y III. Una aventura personalizada llena de emoci\u00f3n en Costa Rica. \u00a1Reserva ahora!\",\"breadcrumb\":{\"@id\":\"https:\\\/\\\/staging.waveexpeditions.com\\\/es\\\/producto\\\/excursion-privada-rafting-en-el-rio-balsa-clase-ii-y-iii\\\/#breadcrumb\"},\"inLanguage\":\"es\",\"potentialAction\":[{\"@type\":\"ReadAction\",\"target\":[\"https:\\\/\\\/staging.waveexpeditions.com\\\/es\\\/producto\\\/excursion-privada-rafting-en-el-rio-balsa-clase-ii-y-iii\\\/\"]}]},{\"@type\":\"ImageObject\",\"inLanguage\":\"es\",\"@id\":\"https:\\\/\\\/staging.waveexpeditions.com\\\/es\\\/producto\\\/excursion-privada-rafting-en-el-rio-balsa-clase-ii-y-iii\\\/#primaryimage\",\"url\":\"https:\\\/\\\/staging.waveexpeditions.com\\\/wp-content\\\/uploads\\\/2025\\\/10\\\/Diseno-sin-titulo-5.webp\",\"contentUrl\":\"https:\\\/\\\/staging.waveexpeditions.com\\\/wp-content\\\/uploads\\\/2025\\\/10\\\/Diseno-sin-titulo-5.webp\",\"width\":2048,\"height\":2048,\"caption\":\"Rafting fun for all ages\u2014this family enjoys every rapid with Wave Rafting\u2019s expert guides in La Fortuna.\"},{\"@type\":\"BreadcrumbList\",\"@id\":\"https:\\\/\\\/staging.waveexpeditions.com\\\/es\\\/producto\\\/excursion-privada-rafting-en-el-rio-balsa-clase-ii-y-iii\\\/#breadcrumb\",\"itemListElement\":[{\"@type\":\"ListItem\",\"position\":1,\"name\":\"Home\",\"item\":\"https:\\\/\\\/staging.waveexpeditions.com\\\/es\\\/wave-rafting-costa-rica\\\/\"},{\"@type\":\"ListItem\",\"position\":2,\"name\":\"Productos\",\"item\":\"https:\\\/\\\/staging.waveexpeditions.com\\\/es\\\/shop\\\/\"},{\"@type\":\"ListItem\",\"position\":3,\"name\":\"Tour Privado de Rafting en el r\u00edo Balsa Clase II y III\"}]},{\"@type\":\"WebSite\",\"@id\":\"https:\\\/\\\/staging.waveexpeditions.com\\\/es\\\/#website\",\"url\":\"https:\\\/\\\/staging.waveexpeditions.com\\\/es\\\/\",\"name\":\"WAVE Rafting\",\"description\":\"Rafting Costa Rica\",\"publisher\":{\"@id\":\"https:\\\/\\\/staging.waveexpeditions.com\\\/es\\\/#organization\"},\"potentialAction\":[{\"@type\":\"SearchAction\",\"target\":{\"@type\":\"EntryPoint\",\"urlTemplate\":\"https:\\\/\\\/staging.waveexpeditions.com\\\/es\\\/?s={search_term_string}\"},\"query-input\":{\"@type\":\"PropertyValueSpecification\",\"valueRequired\":true,\"valueName\":\"search_term_string\"}}],\"inLanguage\":\"es\"},{\"@type\":\"Organization\",\"@id\":\"https:\\\/\\\/staging.waveexpeditions.com\\\/es\\\/#organization\",\"name\":\"WAVE Rafting\",\"url\":\"https:\\\/\\\/staging.waveexpeditions.com\\\/es\\\/\",\"logo\":{\"@type\":\"ImageObject\",\"inLanguage\":\"es\",\"@id\":\"https:\\\/\\\/staging.waveexpeditions.com\\\/es\\\/#\\\/schema\\\/logo\\\/image\\\/\",\"url\":\"https:\\\/\\\/www.staging.waveexpeditions.com\\\/wp-content\\\/uploads\\\/2016\\\/07\\\/logo_foot.png\",\"contentUrl\":\"https:\\\/\\\/www.staging.waveexpeditions.com\\\/wp-content\\\/uploads\\\/2016\\\/07\\\/logo_foot.png\",\"width\":503,\"height\":172,\"caption\":\"WAVE Rafting\"},\"image\":{\"@id\":\"https:\\\/\\\/staging.waveexpeditions.com\\\/es\\\/#\\\/schema\\\/logo\\\/image\\\/\"},\"sameAs\":[\"https:\\\/\\\/www.facebook.com\\\/waveexp\\\/\",\"https:\\\/\\\/x.com\\\/waveexpeditions\",\"https:\\\/\\\/www.instagram.com\\\/wave.expeditions\\\/\"]}]}<\/script>\n<!-- \/ Yoast SEO plugin. -->","yoast_head_json":{"title":"Rafting Clase II y III desde Arenal","description":"Disfruta de una excursi\u00f3n privada de rafting en el r\u00edo Balsa Clase II y III. Una aventura personalizada llena de emoci\u00f3n en Costa Rica. \u00a1Reserva ahora!","robots":{"index":"noindex","follow":"follow","max-snippet":"max-snippet:-1","max-image-preview":"max-image-preview:large","max-video-preview":"max-video-preview:-1"},"og_locale":"es_ES","og_type":"article","og_title":"Rafting Clase II y III desde Arenal","og_description":"Disfruta de una excursi\u00f3n privada de rafting en el r\u00edo Balsa Clase II y III. Una aventura personalizada llena de emoci\u00f3n en Costa Rica. \u00a1Reserva ahora!","og_url":"https:\/\/staging.waveexpeditions.com\/es\/producto\/excursion-privada-rafting-en-el-rio-balsa-clase-ii-y-iii\/","og_site_name":"WAVE Rafting","article_publisher":"https:\/\/www.facebook.com\/waveexp\/","article_modified_time":"2024-09-09T15:22:47+00:00","og_image":[{"width":2048,"height":2048,"url":"https:\/\/staging.waveexpeditions.com\/wp-content\/uploads\/2025\/10\/Diseno-sin-titulo-5.webp","type":"image\/webp"}],"twitter_card":"summary_large_image","twitter_site":"@waveexpeditions","twitter_misc":{"Tiempo de lectura":"2 minutos"},"schema":{"@context":"https:\/\/schema.org","@graph":[{"@type":"WebPage","@id":"https:\/\/staging.waveexpeditions.com\/es\/producto\/excursion-privada-rafting-en-el-rio-balsa-clase-ii-y-iii\/","url":"https:\/\/staging.waveexpeditions.com\/es\/producto\/excursion-privada-rafting-en-el-rio-balsa-clase-ii-y-iii\/","name":"Rafting Clase II y III desde Arenal","isPartOf":{"@id":"https:\/\/staging.waveexpeditions.com\/es\/#website"},"primaryImageOfPage":{"@id":"https:\/\/staging.waveexpeditions.com\/es\/producto\/excursion-privada-rafting-en-el-rio-balsa-clase-ii-y-iii\/#primaryimage"},"image":{"@id":"https:\/\/staging.waveexpeditions.com\/es\/producto\/excursion-privada-rafting-en-el-rio-balsa-clase-ii-y-iii\/#primaryimage"},"thumbnailUrl":"https:\/\/staging.waveexpeditions.com\/wp-content\/uploads\/2025\/10\/Diseno-sin-titulo-5.webp","datePublished":"2016-09-06T21:55:53+00:00","dateModified":"2024-09-09T15:22:47+00:00","description":"Disfruta de una excursi\u00f3n privada de rafting en el r\u00edo Balsa Clase II y III. Una aventura personalizada llena de emoci\u00f3n en Costa Rica. \u00a1Reserva ahora!","breadcrumb":{"@id":"https:\/\/staging.waveexpeditions.com\/es\/producto\/excursion-privada-rafting-en-el-rio-balsa-clase-ii-y-iii\/#breadcrumb"},"inLanguage":"es","potentialAction":[{"@type":"ReadAction","target":["https:\/\/staging.waveexpeditions.com\/es\/producto\/excursion-privada-rafting-en-el-rio-balsa-clase-ii-y-iii\/"]}]},{"@type":"ImageObject","inLanguage":"es","@id":"https:\/\/staging.waveexpeditions.com\/es\/producto\/excursion-privada-rafting-en-el-rio-balsa-clase-ii-y-iii\/#primaryimage","url":"https:\/\/staging.waveexpeditions.com\/wp-content\/uploads\/2025\/10\/Diseno-sin-titulo-5.webp","contentUrl":"https:\/\/staging.waveexpeditions.com\/wp-content\/uploads\/2025\/10\/Diseno-sin-titulo-5.webp","width":2048,"height":2048,"caption":"Rafting fun for all ages\u2014this family enjoys every rapid with Wave Rafting\u2019s expert guides in La Fortuna."},{"@type":"BreadcrumbList","@id":"https:\/\/staging.waveexpeditions.com\/es\/producto\/excursion-privada-rafting-en-el-rio-balsa-clase-ii-y-iii\/#breadcrumb","itemListElement":[{"@type":"ListItem","position":1,"name":"Home","item":"https:\/\/staging.waveexpeditions.com\/es\/wave-rafting-costa-rica\/"},{"@type":"ListItem","position":2,"name":"Productos","item":"https:\/\/staging.waveexpeditions.com\/es\/shop\/"},{"@type":"ListItem","position":3,"name":"Tour Privado de Rafting en el r\u00edo Balsa Clase II y III"}]},{"@type":"WebSite","@id":"https:\/\/staging.waveexpeditions.com\/es\/#website","url":"https:\/\/staging.waveexpeditions.com\/es\/","name":"WAVE Rafting","description":"Rafting Costa Rica","publisher":{"@id":"https:\/\/staging.waveexpeditions.com\/es\/#organization"},"potentialAction":[{"@type":"SearchAction","target":{"@type":"EntryPoint","urlTemplate":"https:\/\/staging.waveexpeditions.com\/es\/?s={search_term_string}"},"query-input":{"@type":"PropertyValueSpecification","valueRequired":true,"valueName":"search_term_string"}}],"inLanguage":"es"},{"@type":"Organization","@id":"https:\/\/staging.waveexpeditions.com\/es\/#organization","name":"WAVE Rafting","url":"https:\/\/staging.waveexpeditions.com\/es\/","logo":{"@type":"ImageObject","inLanguage":"es","@id":"https:\/\/staging.waveexpeditions.com\/es\/#\/schema\/logo\/image\/","url":"https:\/\/www.staging.waveexpeditions.com\/wp-content\/uploads\/2016\/07\/logo_foot.png","contentUrl":"https:\/\/www.staging.waveexpeditions.com\/wp-content\/uploads\/2016\/07\/logo_foot.png","width":503,"height":172,"caption":"WAVE Rafting"},"image":{"@id":"https:\/\/staging.waveexpeditions.com\/es\/#\/schema\/logo\/image\/"},"sameAs":["https:\/\/www.facebook.com\/waveexp\/","https:\/\/x.com\/waveexpeditions","https:\/\/www.instagram.com\/wave.expeditions\/"]}]}},"_links":{"self":[{"href":"https:\/\/staging.waveexpeditions.com\/es\/wp-json\/wp\/v2\/product\/47428","targetHints":{"allow":["GET"]}}],"collection":[{"href":"https:\/\/staging.waveexpeditions.com\/es\/wp-json\/wp\/v2\/product"}],"about":[{"href":"https:\/\/staging.waveexpeditions.com\/es\/wp-json\/wp\/v2\/types\/product"}],"wp:featuredmedia":[{"embeddable":true,"href":"https:\/\/staging.waveexpeditions.com\/es\/wp-json\/wp\/v2\/media\/54660"}],"wp:attachment":[{"href":"https:\/\/staging.waveexpeditions.com\/es\/wp-json\/wp\/v2\/media?parent=47428"}],"wp:term":[{"taxonomy":"product_brand","embeddable":true,"href":"https:\/\/staging.waveexpeditions.com\/es\/wp-json\/wp\/v2\/product_brand?post=47428"},{"taxonomy":"product_cat","embeddable":true,"href":"https:\/\/staging.waveexpeditions.com\/es\/wp-json\/wp\/v2\/product_cat?post=47428"},{"taxonomy":"product_tag","embeddable":true,"href":"https:\/\/staging.waveexpeditions.com\/es\/wp-json\/wp\/v2\/product_tag?post=47428"}],"curies":[{"name":"wp","href":"https:\/\/api.w.org\/{rel}","templated":true}]}}