{"id":47429,"date":"2016-12-22T15:14:04","date_gmt":"2016-12-22T21:14:04","guid":{"rendered":"https:\/\/www.waveexpeditions.com\/staging-wave-2-0\/product\/traslado-de-arenal-a-manuel-antonio-con-rafting-clase-ii-iii\/"},"modified":"2024-11-12T05:10:55","modified_gmt":"2024-11-12T11:10:55","slug":"traslado-de-arenal-a-manuel-antonio-con-rafting-clase-ii-iii","status":"publish","type":"product","link":"https:\/\/staging.waveexpeditions.com\/es\/producto\/traslado-de-arenal-a-manuel-antonio-con-rafting-clase-ii-iii\/","title":{"rendered":"Traslado de Arenal a Manuel Antonio con Rafting Clase II-III"},"content":{"rendered":"<p>Le presentamos nuestro emocionante y eficiente tour: <strong>\u00a1Traslado del Volc\u00e1n Arenal a Manuel Antonio y rafting!<\/strong><br \/>\nEsta aventura \u00fanica es perfecta para quienes deseen combinar traslado y aventura en una experiencia asombrosa.<\/p>\n<p>Nuestro servicio de transporte de salida diaria le recoger\u00e1 en el Volc\u00e1n Arenal y le llevar\u00e1 a una emocionante aventura de rafting con r\u00e1pidos de clase II y III en el r\u00edo Balsa. Atraviese los impresionantes paisajes de Costa Rica mientras recorre los r\u00e1pidos y contempla el exquisito entorno.<\/p>\n<p>Al elegir nuestro Rafting Shuttle<strong>,<\/strong> conseguir\u00e1 ahorrar tiempo y maximizar su experiencia de viaje. En lugar de pasar un d\u00eda s\u00f3lo viajando, a\u00f1ada un desv\u00edo lleno de emoci\u00f3n, recuerdos y un gran valor por su dinero.<\/p>\n<p>Tanto si viaja solo, con amigos o en familia, este recorrido es perfecto para los buscadores de aventuras de todos los niveles. \u00danase a nosotros y descubra lo mejor de la naturaleza y la aventura de Costa Rica mientras viaja desde el Volc\u00e1n Arenal hasta Manuel Antonio.<\/p>\n<p>Reserve ya su <strong>traslado del Volc\u00e1n Arenal a Manuel Antonio y su<\/strong> experiencia de rafting y lleve sus vacaciones al siguiente nivel.<\/p>\n","protected":false},"excerpt":{"rendered":"<p>Disfrute del mejor tour de rafting de Costa Rica con rafting en aguas bravas de clase II y III Con nuestras salidas diarias es f\u00e1cil a\u00f1adir aventura a cualquier traslado y experiencia, Costa Rica, \u00a1sin perder el ritmo! Le recogeremos en La Fortuna y se dirigir\u00e1 en a su pr\u00f3ximo destino incluyendo la actividad de rafting y almuerzo en el camino.<\/p>\n","protected":false},"featured_media":54149,"template":"","meta":{"_acf_changed":false,"_crdt_document":"","_monsterinsights_skip_tracking":false,"_monsterinsights_sitenote_active":false,"_monsterinsights_sitenote_note":"","_monsterinsights_sitenote_category":0,"_joinchat":[]},"product_brand":[],"product_cat":[444,448],"product_tag":[333],"class_list":{"0":"post-47429","1":"product","2":"type-product","3":"status-publish","4":"has-post-thumbnail","6":"product_cat-tours-es","7":"product_cat-adventure-shuttle-costa-rica-es","8":"product_tag-la-fortuna-es","10":"first","11":"instock","12":"virtual","13":"sold-individually","14":"taxable","15":"purchasable","16":"product-type-booking"},"booking_location":"","booking_location_type":"","booking_duration":1,"booking_duration_unit":"day","booking_buffer":0,"booking_cost":0,"booking_resources":[],"exclude_global_add_ons":false,"addons":[{"name":"Can\u2019t find the date or time you want?","type":"heading","position":0,"required":false,"title_format":"heading","default":"","description_enable":true,"description":"No worries, we can help! <a style=\"color:#00ad67\" href=\"https:\/\/wa.me\/+50624797262\" target=\"_blank\">WhatsApp Us<\/a> or <a style=\"color:#0a5ca7\" href=\"mailto:info@waveexpeditions.com\" target=\"_blank\">Email US<\/a>","placeholder_enable":false,"placeholder":"","display":"select","restrictions_type":"any_text","adjust_price":false,"price":"","price_type":"flat_fee","restrictions":false,"min":"0","max":"0","options":[],"id":1740565927},{"name":"Pick Up Place- La Fortuna Hotels","type":"custom_text","position":0,"required":true,"title_format":"heading","default":"","description_enable":true,"description":"Please write the name of your Hotel.\r\nHotels outside of the regular route may have an extra charge.","placeholder_enable":false,"placeholder":"","display":"select","restrictions_type":"only_letters","adjust_price":false,"price":"","price_type":"flat_fee","restrictions":false,"min":"0","max":"0","options":[],"id":1689060866},{"name":"Drop Off - Next destination Hotel","type":"custom_text","position":1,"required":true,"title_format":"heading","default":"","description_enable":true,"description":"Please write the name of your Hotel. \r\nHotels outside of the regular route may have an extra charge.","placeholder_enable":false,"placeholder":"","display":"select","restrictions_type":"only_letters","adjust_price":false,"price":"","price_type":"flat_fee","restrictions":false,"min":"0","max":"0","options":[],"id":1689060867},{"name":"PICK UP LOCATION","type":"multiple_choice","position":0,"required":true,"title_format":"heading","default":"","description_enable":false,"description":"","placeholder_enable":false,"placeholder":"","display":"select","restrictions_type":"any_text","adjust_price":false,"price":"","price_type":"flat_fee","restrictions":false,"min":"0","max":"0","options":[{"label":"Arenal Hotels","price":"","price_type":"quantity_based","image":0,"visibility":true},{"label":"Manuel Antonio Hotels","price":"","price_type":"quantity_based","image":0,"visibility":true}],"id":1689066623},{"name":"DROP OFF LOCATION","type":"multiple_choice","position":0,"required":true,"title_format":"heading","default":"","description_enable":false,"description":"","placeholder_enable":false,"placeholder":"","display":"select","restrictions_type":"any_text","adjust_price":false,"price":"","price_type":"","restrictions":false,"min":"0","max":"0","options":[{"label":"Arenal Hotels","price":"","price_type":"quantity_based","image":0,"visibility":true},{"label":"San Jose Hotels","price":"","price_type":"quantity_based","image":0,"visibility":true}]},{"name":"Please provide hotel drop off name","type":"heading","position":0,"required":false,"title_format":"label","default":"","description_enable":true,"description":"Some hotels may be are out of our normal drop off range. If your hotel is out of our drop off route, additional charges may apply.","placeholder_enable":false,"placeholder":"","display":"select","restrictions_type":"any_text","adjust_price":false,"price":"","price_type":"","restrictions":false,"min":"0","max":"0","options":[]},{"name":"Please provide hotel drop off name","type":"custom_text","position":0,"required":true,"title_format":"hide","default":"","description_enable":false,"description":"","placeholder_enable":false,"placeholder":"","display":"select","restrictions_type":"any_text","adjust_price":false,"price":"","price_type":"quantity_based","restrictions":true,"min":"","max":"30","options":[]},{"name":"Please provide hotel pick up name","type":"heading","position":0,"required":false,"title_format":"label","default":"","description_enable":true,"description":"Some hotels may be are out of our normal pick up range. If your hotel is out of our pick up route, additional charges may apply.","placeholder_enable":false,"placeholder":"","display":"select","restrictions_type":"any_text","adjust_price":false,"price":"","price_type":"","restrictions":false,"min":"0","max":"0","options":[]},{"name":"Please provide hotel pick up name","type":"custom_text","position":0,"required":true,"title_format":"hide","default":"","description_enable":false,"description":"","placeholder_enable":false,"placeholder":"","display":"select","restrictions_type":"any_text","adjust_price":false,"price":"","price_type":"quantity_based","restrictions":true,"min":"","max":"30","options":[]},{"name":"Rent a GoPro","type":"multiple_choice","position":0,"required":false,"title_format":"label","default":"","description_enable":true,"description":"Only available for the Rafting Tour","placeholder_enable":false,"placeholder":"","display":"select","restrictions_type":"any_text","adjust_price":true,"price":"30","price_type":"flat_fee","restrictions":true,"min":"0","max":"5","options":[{"label":"1","price":"30","price_type":"flat_fee","image":0,"visibility":true},{"label":"2","price":"60","price_type":"flat_fee","image":0,"visibility":true},{"label":"3","price":"90","price_type":"flat_fee","image":0,"visibility":true},{"label":"4","price":"120","price_type":"flat_fee","image":0,"visibility":true},{"label":"5","price":"150","price_type":"flat_fee","image":0,"visibility":true}],"id":1739958656}],"acf":[],"yoast_head":"<!-- This site is optimized with the Yoast SEO plugin v27.5 - https:\/\/yoast.com\/product\/yoast-seo-wordpress\/ -->\n<title>Arenal a Manuel Antonio con Rafting Clase II-III<\/title>\n<meta name=\"description\" content=\"Reserve ya su traslado del Volc\u00e1n Arenal a Manuel Antonio y su experiencia de rafting y lleve sus vacaciones al siguiente nivel.\" \/>\n<meta name=\"robots\" content=\"noindex, follow, max-snippet:-1, max-image-preview:large, max-video-preview:-1\" \/>\n<meta property=\"og:locale\" content=\"es_ES\" \/>\n<meta property=\"og:type\" content=\"article\" \/>\n<meta property=\"og:title\" content=\"Arenal a Manuel Antonio con Rafting Clase II-III\" \/>\n<meta property=\"og:description\" content=\"Reserve ya su traslado del Volc\u00e1n Arenal a Manuel Antonio y su experiencia de rafting y lleve sus vacaciones al siguiente nivel.\" \/>\n<meta property=\"og:url\" content=\"https:\/\/staging.waveexpeditions.com\/es\/producto\/traslado-de-arenal-a-manuel-antonio-con-rafting-clase-ii-iii\/\" \/>\n<meta property=\"og:site_name\" content=\"WAVE Rafting\" \/>\n<meta property=\"article:publisher\" content=\"https:\/\/www.facebook.com\/waveexp\/\" \/>\n<meta property=\"article:modified_time\" content=\"2024-11-12T11:10:55+00:00\" \/>\n<meta property=\"og:image\" content=\"https:\/\/staging.waveexpeditions.com\/wp-content\/uploads\/2023\/07\/shuttle-costa-rica-van-san-jose-wave.webp\" \/>\n\t<meta property=\"og:image:width\" content=\"2048\" \/>\n\t<meta property=\"og:image:height\" content=\"2048\" \/>\n\t<meta property=\"og:image:type\" content=\"image\/webp\" \/>\n<meta name=\"twitter:card\" content=\"summary_large_image\" \/>\n<meta name=\"twitter:site\" content=\"@waveexpeditions\" \/>\n<meta name=\"twitter:label1\" content=\"Tiempo de lectura\" \/>\n\t<meta name=\"twitter:data1\" content=\"2 minutos\" \/>\n<script type=\"application\/ld+json\" class=\"yoast-schema-graph\">{\"@context\":\"https:\\\/\\\/schema.org\",\"@graph\":[{\"@type\":\"WebPage\",\"@id\":\"https:\\\/\\\/staging.waveexpeditions.com\\\/es\\\/producto\\\/traslado-de-arenal-a-manuel-antonio-con-rafting-clase-ii-iii\\\/\",\"url\":\"https:\\\/\\\/staging.waveexpeditions.com\\\/es\\\/producto\\\/traslado-de-arenal-a-manuel-antonio-con-rafting-clase-ii-iii\\\/\",\"name\":\"Arenal a Manuel Antonio con Rafting Clase II-III\",\"isPartOf\":{\"@id\":\"https:\\\/\\\/staging.waveexpeditions.com\\\/es\\\/#website\"},\"primaryImageOfPage\":{\"@id\":\"https:\\\/\\\/staging.waveexpeditions.com\\\/es\\\/producto\\\/traslado-de-arenal-a-manuel-antonio-con-rafting-clase-ii-iii\\\/#primaryimage\"},\"image\":{\"@id\":\"https:\\\/\\\/staging.waveexpeditions.com\\\/es\\\/producto\\\/traslado-de-arenal-a-manuel-antonio-con-rafting-clase-ii-iii\\\/#primaryimage\"},\"thumbnailUrl\":\"https:\\\/\\\/staging.waveexpeditions.com\\\/wp-content\\\/uploads\\\/2023\\\/07\\\/shuttle-costa-rica-van-san-jose-wave.webp\",\"datePublished\":\"2016-12-22T21:14:04+00:00\",\"dateModified\":\"2024-11-12T11:10:55+00:00\",\"description\":\"Reserve ya su traslado del Volc\u00e1n Arenal a Manuel Antonio y su experiencia de rafting y lleve sus vacaciones al siguiente nivel.\",\"breadcrumb\":{\"@id\":\"https:\\\/\\\/staging.waveexpeditions.com\\\/es\\\/producto\\\/traslado-de-arenal-a-manuel-antonio-con-rafting-clase-ii-iii\\\/#breadcrumb\"},\"inLanguage\":\"es\",\"potentialAction\":[{\"@type\":\"ReadAction\",\"target\":[\"https:\\\/\\\/staging.waveexpeditions.com\\\/es\\\/producto\\\/traslado-de-arenal-a-manuel-antonio-con-rafting-clase-ii-iii\\\/\"]}]},{\"@type\":\"ImageObject\",\"inLanguage\":\"es\",\"@id\":\"https:\\\/\\\/staging.waveexpeditions.com\\\/es\\\/producto\\\/traslado-de-arenal-a-manuel-antonio-con-rafting-clase-ii-iii\\\/#primaryimage\",\"url\":\"https:\\\/\\\/staging.waveexpeditions.com\\\/wp-content\\\/uploads\\\/2023\\\/07\\\/shuttle-costa-rica-van-san-jose-wave.webp\",\"contentUrl\":\"https:\\\/\\\/staging.waveexpeditions.com\\\/wp-content\\\/uploads\\\/2023\\\/07\\\/shuttle-costa-rica-van-san-jose-wave.webp\",\"width\":2048,\"height\":2048,\"caption\":\"Shuttle Costa Rica \u2013 WAVE Transfers from \\\/to San Jose\"},{\"@type\":\"BreadcrumbList\",\"@id\":\"https:\\\/\\\/staging.waveexpeditions.com\\\/es\\\/producto\\\/traslado-de-arenal-a-manuel-antonio-con-rafting-clase-ii-iii\\\/#breadcrumb\",\"itemListElement\":[{\"@type\":\"ListItem\",\"position\":1,\"name\":\"Home\",\"item\":\"https:\\\/\\\/staging.waveexpeditions.com\\\/es\\\/wave-rafting-costa-rica\\\/\"},{\"@type\":\"ListItem\",\"position\":2,\"name\":\"Productos\",\"item\":\"https:\\\/\\\/staging.waveexpeditions.com\\\/es\\\/shop\\\/\"},{\"@type\":\"ListItem\",\"position\":3,\"name\":\"Traslado de Arenal a Manuel Antonio con Rafting Clase II-III\"}]},{\"@type\":\"WebSite\",\"@id\":\"https:\\\/\\\/staging.waveexpeditions.com\\\/es\\\/#website\",\"url\":\"https:\\\/\\\/staging.waveexpeditions.com\\\/es\\\/\",\"name\":\"WAVE Rafting\",\"description\":\"Rafting Costa Rica\",\"publisher\":{\"@id\":\"https:\\\/\\\/staging.waveexpeditions.com\\\/es\\\/#organization\"},\"potentialAction\":[{\"@type\":\"SearchAction\",\"target\":{\"@type\":\"EntryPoint\",\"urlTemplate\":\"https:\\\/\\\/staging.waveexpeditions.com\\\/es\\\/?s={search_term_string}\"},\"query-input\":{\"@type\":\"PropertyValueSpecification\",\"valueRequired\":true,\"valueName\":\"search_term_string\"}}],\"inLanguage\":\"es\"},{\"@type\":\"Organization\",\"@id\":\"https:\\\/\\\/staging.waveexpeditions.com\\\/es\\\/#organization\",\"name\":\"WAVE Rafting\",\"url\":\"https:\\\/\\\/staging.waveexpeditions.com\\\/es\\\/\",\"logo\":{\"@type\":\"ImageObject\",\"inLanguage\":\"es\",\"@id\":\"https:\\\/\\\/staging.waveexpeditions.com\\\/es\\\/#\\\/schema\\\/logo\\\/image\\\/\",\"url\":\"https:\\\/\\\/www.staging.waveexpeditions.com\\\/wp-content\\\/uploads\\\/2016\\\/07\\\/logo_foot.png\",\"contentUrl\":\"https:\\\/\\\/www.staging.waveexpeditions.com\\\/wp-content\\\/uploads\\\/2016\\\/07\\\/logo_foot.png\",\"width\":503,\"height\":172,\"caption\":\"WAVE Rafting\"},\"image\":{\"@id\":\"https:\\\/\\\/staging.waveexpeditions.com\\\/es\\\/#\\\/schema\\\/logo\\\/image\\\/\"},\"sameAs\":[\"https:\\\/\\\/www.facebook.com\\\/waveexp\\\/\",\"https:\\\/\\\/x.com\\\/waveexpeditions\",\"https:\\\/\\\/www.instagram.com\\\/wave.expeditions\\\/\"]}]}<\/script>\n<!-- \/ Yoast SEO plugin. -->","yoast_head_json":{"title":"Arenal a Manuel Antonio con Rafting Clase II-III","description":"Reserve ya su traslado del Volc\u00e1n Arenal a Manuel Antonio y su experiencia de rafting y lleve sus vacaciones al siguiente nivel.","robots":{"index":"noindex","follow":"follow","max-snippet":"max-snippet:-1","max-image-preview":"max-image-preview:large","max-video-preview":"max-video-preview:-1"},"og_locale":"es_ES","og_type":"article","og_title":"Arenal a Manuel Antonio con Rafting Clase II-III","og_description":"Reserve ya su traslado del Volc\u00e1n Arenal a Manuel Antonio y su experiencia de rafting y lleve sus vacaciones al siguiente nivel.","og_url":"https:\/\/staging.waveexpeditions.com\/es\/producto\/traslado-de-arenal-a-manuel-antonio-con-rafting-clase-ii-iii\/","og_site_name":"WAVE Rafting","article_publisher":"https:\/\/www.facebook.com\/waveexp\/","article_modified_time":"2024-11-12T11:10:55+00:00","og_image":[{"width":2048,"height":2048,"url":"https:\/\/staging.waveexpeditions.com\/wp-content\/uploads\/2023\/07\/shuttle-costa-rica-van-san-jose-wave.webp","type":"image\/webp"}],"twitter_card":"summary_large_image","twitter_site":"@waveexpeditions","twitter_misc":{"Tiempo de lectura":"2 minutos"},"schema":{"@context":"https:\/\/schema.org","@graph":[{"@type":"WebPage","@id":"https:\/\/staging.waveexpeditions.com\/es\/producto\/traslado-de-arenal-a-manuel-antonio-con-rafting-clase-ii-iii\/","url":"https:\/\/staging.waveexpeditions.com\/es\/producto\/traslado-de-arenal-a-manuel-antonio-con-rafting-clase-ii-iii\/","name":"Arenal a Manuel Antonio con Rafting Clase II-III","isPartOf":{"@id":"https:\/\/staging.waveexpeditions.com\/es\/#website"},"primaryImageOfPage":{"@id":"https:\/\/staging.waveexpeditions.com\/es\/producto\/traslado-de-arenal-a-manuel-antonio-con-rafting-clase-ii-iii\/#primaryimage"},"image":{"@id":"https:\/\/staging.waveexpeditions.com\/es\/producto\/traslado-de-arenal-a-manuel-antonio-con-rafting-clase-ii-iii\/#primaryimage"},"thumbnailUrl":"https:\/\/staging.waveexpeditions.com\/wp-content\/uploads\/2023\/07\/shuttle-costa-rica-van-san-jose-wave.webp","datePublished":"2016-12-22T21:14:04+00:00","dateModified":"2024-11-12T11:10:55+00:00","description":"Reserve ya su traslado del Volc\u00e1n Arenal a Manuel Antonio y su experiencia de rafting y lleve sus vacaciones al siguiente nivel.","breadcrumb":{"@id":"https:\/\/staging.waveexpeditions.com\/es\/producto\/traslado-de-arenal-a-manuel-antonio-con-rafting-clase-ii-iii\/#breadcrumb"},"inLanguage":"es","potentialAction":[{"@type":"ReadAction","target":["https:\/\/staging.waveexpeditions.com\/es\/producto\/traslado-de-arenal-a-manuel-antonio-con-rafting-clase-ii-iii\/"]}]},{"@type":"ImageObject","inLanguage":"es","@id":"https:\/\/staging.waveexpeditions.com\/es\/producto\/traslado-de-arenal-a-manuel-antonio-con-rafting-clase-ii-iii\/#primaryimage","url":"https:\/\/staging.waveexpeditions.com\/wp-content\/uploads\/2023\/07\/shuttle-costa-rica-van-san-jose-wave.webp","contentUrl":"https:\/\/staging.waveexpeditions.com\/wp-content\/uploads\/2023\/07\/shuttle-costa-rica-van-san-jose-wave.webp","width":2048,"height":2048,"caption":"Shuttle Costa Rica \u2013 WAVE Transfers from \/to San Jose"},{"@type":"BreadcrumbList","@id":"https:\/\/staging.waveexpeditions.com\/es\/producto\/traslado-de-arenal-a-manuel-antonio-con-rafting-clase-ii-iii\/#breadcrumb","itemListElement":[{"@type":"ListItem","position":1,"name":"Home","item":"https:\/\/staging.waveexpeditions.com\/es\/wave-rafting-costa-rica\/"},{"@type":"ListItem","position":2,"name":"Productos","item":"https:\/\/staging.waveexpeditions.com\/es\/shop\/"},{"@type":"ListItem","position":3,"name":"Traslado de Arenal a Manuel Antonio con Rafting Clase II-III"}]},{"@type":"WebSite","@id":"https:\/\/staging.waveexpeditions.com\/es\/#website","url":"https:\/\/staging.waveexpeditions.com\/es\/","name":"WAVE Rafting","description":"Rafting Costa Rica","publisher":{"@id":"https:\/\/staging.waveexpeditions.com\/es\/#organization"},"potentialAction":[{"@type":"SearchAction","target":{"@type":"EntryPoint","urlTemplate":"https:\/\/staging.waveexpeditions.com\/es\/?s={search_term_string}"},"query-input":{"@type":"PropertyValueSpecification","valueRequired":true,"valueName":"search_term_string"}}],"inLanguage":"es"},{"@type":"Organization","@id":"https:\/\/staging.waveexpeditions.com\/es\/#organization","name":"WAVE Rafting","url":"https:\/\/staging.waveexpeditions.com\/es\/","logo":{"@type":"ImageObject","inLanguage":"es","@id":"https:\/\/staging.waveexpeditions.com\/es\/#\/schema\/logo\/image\/","url":"https:\/\/www.staging.waveexpeditions.com\/wp-content\/uploads\/2016\/07\/logo_foot.png","contentUrl":"https:\/\/www.staging.waveexpeditions.com\/wp-content\/uploads\/2016\/07\/logo_foot.png","width":503,"height":172,"caption":"WAVE Rafting"},"image":{"@id":"https:\/\/staging.waveexpeditions.com\/es\/#\/schema\/logo\/image\/"},"sameAs":["https:\/\/www.facebook.com\/waveexp\/","https:\/\/x.com\/waveexpeditions","https:\/\/www.instagram.com\/wave.expeditions\/"]}]}},"_links":{"self":[{"href":"https:\/\/staging.waveexpeditions.com\/es\/wp-json\/wp\/v2\/product\/47429","targetHints":{"allow":["GET"]}}],"collection":[{"href":"https:\/\/staging.waveexpeditions.com\/es\/wp-json\/wp\/v2\/product"}],"about":[{"href":"https:\/\/staging.waveexpeditions.com\/es\/wp-json\/wp\/v2\/types\/product"}],"wp:featuredmedia":[{"embeddable":true,"href":"https:\/\/staging.waveexpeditions.com\/es\/wp-json\/wp\/v2\/media\/54149"}],"wp:attachment":[{"href":"https:\/\/staging.waveexpeditions.com\/es\/wp-json\/wp\/v2\/media?parent=47429"}],"wp:term":[{"taxonomy":"product_brand","embeddable":true,"href":"https:\/\/staging.waveexpeditions.com\/es\/wp-json\/wp\/v2\/product_brand?post=47429"},{"taxonomy":"product_cat","embeddable":true,"href":"https:\/\/staging.waveexpeditions.com\/es\/wp-json\/wp\/v2\/product_cat?post=47429"},{"taxonomy":"product_tag","embeddable":true,"href":"https:\/\/staging.waveexpeditions.com\/es\/wp-json\/wp\/v2\/product_tag?post=47429"}],"curies":[{"name":"wp","href":"https:\/\/api.w.org\/{rel}","templated":true}]}}