{"id":47430,"date":"2021-03-04T16:03:33","date_gmt":"2021-03-04T22:03:33","guid":{"rendered":"https:\/\/www.waveexpeditions.com\/staging-wave-2-0\/product\/rafting-clase-ii-iii\/"},"modified":"2024-02-23T12:40:46","modified_gmt":"2024-02-23T18:40:46","slug":"rafting-clase-ii-iii","status":"publish","type":"product","link":"https:\/\/staging.waveexpeditions.com\/es\/producto\/rafting-clase-ii-iii\/","title":{"rendered":"Rafting Clase II-III"},"content":{"rendered":"<p>Buscando la mejor Rafting Familiar en <a href=\"https:\/\/www.facebook.com\/waveexp\">Arenal Costa Rica<\/a> que ofrezca emoci\u00f3n, pero con r\u00e1pidos de aguas blancas m\u00e1s suaves?<\/p>\n<p>La aventura de medio d\u00eda en el R\u00edo Balsa ofrece mucha acci\u00f3n y emociones, pero con r\u00e1pidos de Clase II-III, \u00a1los ni\u00f1os de 8 a 12 a\u00f1os pueden venir en esta aventura familiar de Rafting en el Volc\u00e1n Arenal!<\/p>\n<p>Su gu\u00eda del r\u00edo lo recoger\u00e1 en su hotel y lo acompa\u00f1ar\u00e1 en el viaje de 30 minutos al lugar de &#8220;inicio&#8221; donde comienza la diversi\u00f3n! Recibir\u00e1 una completa explicaci\u00f3n y demostraci\u00f3n del equipo de seguridad y los procedimientos.<br \/>\nUna vez que todos hayan tenido tiempo para practicar y revisar los comandos y los &#8220;chocafives&#8221;, se embarcar\u00e1n en su viaje por los r\u00e1pidos. \u00a1M\u00f3jese y divi\u00e9rtase en este viaje de rafting familiar mientras navega por r\u00e1pidos como &#8220;Roca Magn\u00e9tica&#8221; y &#8220;Dragas&#8221; en su recorrido de aventura de 2 horas por el hermoso y tropical R\u00edo Balsa.<\/p>\n<p>Contemple la majestuosa vegetaci\u00f3n de la selva mientras observa monos, perezosos y tucanes mientras navega. Disfrute de un ba\u00f1o, frutas tropicales y bebidas fr\u00edas durante su descanso de la acci\u00f3n. Al final del tour, su lugar para almorzar es un tour en s\u00ed mismo. Se sirve un delicioso almuerzo t\u00edpico en una finca de campo tradicional dise\u00f1ada para que los hu\u00e9spedes lo experimenten verdaderamente.<\/p>\n<p><strong>El tour incluye:<\/strong><\/p>\n<ul>\n<li>Transporte hacia y desde la mayor\u00eda de los hoteles de La Fortuna.<\/li>\n<li>Gu\u00edas certificados biling\u00fces.<\/li>\n<li>Frutas y refrigerios en el r\u00edo.<\/li>\n<li>Bebidas heladas<\/li>\n<li>Toallas y almuerzo<\/li>\n<li><strong>Punto de partida:<\/strong><\/li>\n<li><strong>Salidas:<\/strong> Diarias<\/li>\n<li><strong>Inicio del tour:<\/strong> Aproximadamente a las 10:30 am<\/li>\n<li><strong>Fin del tour:<\/strong> Aproximadamente a las 4:30 pm<\/li>\n<li>Recogida disponible en todos los principales hoteles del \u00e1rea de Arenal, Costa Rica.<\/li>\n<\/ul>\n","protected":false},"excerpt":{"rendered":"<p>Esta aventura familiar de rafting en aguas bravas es una gran opci\u00f3n para todos los niveles de rafting. Disfrute de 2 horas de diversi\u00f3n en el r\u00edo seguidas de un estupendo almuerzo preparado en la zona<\/p>\n","protected":false},"featured_media":52353,"template":"","meta":{"_acf_changed":false,"_crdt_document":"","_monsterinsights_skip_tracking":false,"_monsterinsights_sitenote_active":false,"_monsterinsights_sitenote_note":"","_monsterinsights_sitenote_category":0,"_joinchat":[]},"product_brand":[],"product_cat":[449,444],"product_tag":[333],"class_list":{"0":"post-47430","1":"product","2":"type-product","3":"status-publish","4":"has-post-thumbnail","6":"product_cat-rafting-en-aguas-bravas","7":"product_cat-tours-es","8":"product_tag-la-fortuna-es","10":"first","11":"instock","12":"virtual","13":"sold-individually","14":"taxable","15":"purchasable","16":"product-type-booking"},"booking_location":"","booking_location_type":"","booking_duration":1,"booking_duration_unit":"day","booking_buffer":0,"booking_cost":0,"booking_resources":[],"exclude_global_add_ons":false,"addons":[{"name":"Can\u2019t find the date or time you want?","type":"heading","position":0,"required":false,"title_format":"heading","default":"","description_enable":true,"description":"No worries, we can help! <a style=\"color:#00ad67\" href=\"https:\/\/wa.me\/+50624797262\" target=\"_blank\">WhatsApp Us<\/a> or <a style=\"color:#0a5ca7\" href=\"mailto:info@waveexpeditions.com\" target=\"_blank\">Email US<\/a>","placeholder_enable":false,"placeholder":"","display":"select","restrictions_type":"any_text","adjust_price":false,"price":"","price_type":"flat_fee","restrictions":false,"min":"0","max":"0","options":[],"id":1740565927},{"name":"Pick Up Place- La Fortuna Hotels","type":"custom_text","position":0,"required":true,"title_format":"heading","default":"","description_enable":true,"description":"Please write the name of your Hotel.\r\nHotels outside of the regular route may have an extra charge.","placeholder_enable":false,"placeholder":"","display":"select","restrictions_type":"only_letters","adjust_price":false,"price":"","price_type":"flat_fee","restrictions":false,"min":"0","max":"0","options":[],"id":1689060866},{"name":"Drop Off - Next destination Hotel","type":"custom_text","position":1,"required":true,"title_format":"heading","default":"","description_enable":true,"description":"Please write the name of your Hotel. \r\nHotels outside of the regular route may have an extra charge.","placeholder_enable":false,"placeholder":"","display":"select","restrictions_type":"only_letters","adjust_price":false,"price":"","price_type":"flat_fee","restrictions":false,"min":"0","max":"0","options":[],"id":1689060867},{"name":"PICK UP LOCATION","type":"multiple_choice","position":0,"required":true,"title_format":"heading","default":"","description_enable":false,"description":"","placeholder_enable":false,"placeholder":"","display":"select","restrictions_type":"any_text","adjust_price":false,"price":"","price_type":"flat_fee","restrictions":false,"min":"0","max":"0","options":[{"label":"Arenal Hotels","price":"","price_type":"quantity_based","image":0,"visibility":true},{"label":"Manuel Antonio Hotels","price":"","price_type":"quantity_based","image":0,"visibility":true}],"id":1689066623},{"name":"DROP OFF LOCATION","type":"multiple_choice","position":0,"required":true,"title_format":"heading","default":"","description_enable":false,"description":"","placeholder_enable":false,"placeholder":"","display":"select","restrictions_type":"any_text","adjust_price":false,"price":"","price_type":"","restrictions":false,"min":"0","max":"0","options":[{"label":"Arenal Hotels","price":"","price_type":"quantity_based","image":0,"visibility":true},{"label":"San Jose Hotels","price":"","price_type":"quantity_based","image":0,"visibility":true}]},{"name":"Please provide hotel drop off name","type":"heading","position":0,"required":false,"title_format":"label","default":"","description_enable":true,"description":"Some hotels may be are out of our normal drop off range. If your hotel is out of our drop off route, additional charges may apply.","placeholder_enable":false,"placeholder":"","display":"select","restrictions_type":"any_text","adjust_price":false,"price":"","price_type":"","restrictions":false,"min":"0","max":"0","options":[]},{"name":"Please provide hotel drop off name","type":"custom_text","position":0,"required":true,"title_format":"hide","default":"","description_enable":false,"description":"","placeholder_enable":false,"placeholder":"","display":"select","restrictions_type":"any_text","adjust_price":false,"price":"","price_type":"quantity_based","restrictions":true,"min":"","max":"30","options":[]},{"name":"Please provide hotel pick up name","type":"heading","position":0,"required":false,"title_format":"label","default":"","description_enable":true,"description":"Some hotels may be are out of our normal pick up range. If your hotel is out of our pick up route, additional charges may apply.","placeholder_enable":false,"placeholder":"","display":"select","restrictions_type":"any_text","adjust_price":false,"price":"","price_type":"","restrictions":false,"min":"0","max":"0","options":[]},{"name":"Please provide hotel pick up name","type":"custom_text","position":0,"required":true,"title_format":"hide","default":"","description_enable":false,"description":"","placeholder_enable":false,"placeholder":"","display":"select","restrictions_type":"any_text","adjust_price":false,"price":"","price_type":"quantity_based","restrictions":true,"min":"","max":"30","options":[]},{"name":"Rent a GoPro","type":"multiple_choice","position":0,"required":false,"title_format":"label","default":"","description_enable":true,"description":"Only available for the Rafting Tour","placeholder_enable":false,"placeholder":"","display":"select","restrictions_type":"any_text","adjust_price":true,"price":"30","price_type":"flat_fee","restrictions":true,"min":"0","max":"5","options":[{"label":"1","price":"30","price_type":"flat_fee","image":0,"visibility":true},{"label":"2","price":"60","price_type":"flat_fee","image":0,"visibility":true},{"label":"3","price":"90","price_type":"flat_fee","image":0,"visibility":true},{"label":"4","price":"120","price_type":"flat_fee","image":0,"visibility":true},{"label":"5","price":"150","price_type":"flat_fee","image":0,"visibility":true}],"id":1739958656}],"acf":[],"yoast_head":"<!-- This site is optimized with the Yoast SEO plugin v27.5 - https:\/\/yoast.com\/product\/yoast-seo-wordpress\/ -->\n<title>Rafting familiar Clase II y III desde Arenal en Wave Expeditions<\/title>\n<meta name=\"description\" content=\"Nuestro Rafting en Arenal Clase II y III es una aventura familiar dise\u00f1ada para todas las edades en mente, disfrutar de un viaje y hacer un recuerdo familiar inolvidable. Reserve ahora\" \/>\n<meta name=\"robots\" content=\"noindex, follow, max-snippet:-1, max-image-preview:large, max-video-preview:-1\" \/>\n<meta property=\"og:locale\" content=\"es_ES\" \/>\n<meta property=\"og:type\" content=\"article\" \/>\n<meta property=\"og:title\" content=\"Rafting familiar Clase II y III desde Arenal en Wave Expeditions\" \/>\n<meta property=\"og:description\" content=\"Nuestro Rafting en Arenal Clase II y III es una aventura familiar dise\u00f1ada para todas las edades en mente, disfrutar de un viaje y hacer un recuerdo familiar inolvidable. Reserve ahora\" \/>\n<meta property=\"og:url\" content=\"https:\/\/staging.waveexpeditions.com\/es\/producto\/rafting-clase-ii-iii\/\" \/>\n<meta property=\"og:site_name\" content=\"WAVE Rafting\" \/>\n<meta property=\"article:publisher\" content=\"https:\/\/www.facebook.com\/waveexp\/\" \/>\n<meta property=\"article:modified_time\" content=\"2024-02-23T18:40:46+00:00\" \/>\n<meta property=\"og:image\" content=\"https:\/\/staging.waveexpeditions.com\/wp-content\/uploads\/2021\/03\/Rafting-Class-II-III-Balsa-River.webp\" \/>\n\t<meta property=\"og:image:width\" content=\"2048\" \/>\n\t<meta property=\"og:image:height\" content=\"2048\" \/>\n\t<meta property=\"og:image:type\" content=\"image\/webp\" \/>\n<meta name=\"twitter:card\" content=\"summary_large_image\" \/>\n<meta name=\"twitter:site\" content=\"@waveexpeditions\" \/>\n<meta name=\"twitter:label1\" content=\"Tiempo de lectura\" \/>\n\t<meta name=\"twitter:data1\" content=\"2 minutos\" \/>\n<script type=\"application\/ld+json\" class=\"yoast-schema-graph\">{\"@context\":\"https:\\\/\\\/schema.org\",\"@graph\":[{\"@type\":\"WebPage\",\"@id\":\"https:\\\/\\\/staging.waveexpeditions.com\\\/es\\\/producto\\\/rafting-clase-ii-iii\\\/\",\"url\":\"https:\\\/\\\/staging.waveexpeditions.com\\\/es\\\/producto\\\/rafting-clase-ii-iii\\\/\",\"name\":\"Rafting familiar Clase II y III desde Arenal en Wave Expeditions\",\"isPartOf\":{\"@id\":\"https:\\\/\\\/staging.waveexpeditions.com\\\/es\\\/#website\"},\"primaryImageOfPage\":{\"@id\":\"https:\\\/\\\/staging.waveexpeditions.com\\\/es\\\/producto\\\/rafting-clase-ii-iii\\\/#primaryimage\"},\"image\":{\"@id\":\"https:\\\/\\\/staging.waveexpeditions.com\\\/es\\\/producto\\\/rafting-clase-ii-iii\\\/#primaryimage\"},\"thumbnailUrl\":\"https:\\\/\\\/staging.waveexpeditions.com\\\/wp-content\\\/uploads\\\/2021\\\/03\\\/Rafting-Class-II-III-Balsa-River.webp\",\"datePublished\":\"2021-03-04T22:03:33+00:00\",\"dateModified\":\"2024-02-23T18:40:46+00:00\",\"description\":\"Nuestro Rafting en Arenal Clase II y III es una aventura familiar dise\u00f1ada para todas las edades en mente, disfrutar de un viaje y hacer un recuerdo familiar inolvidable. Reserve ahora\",\"breadcrumb\":{\"@id\":\"https:\\\/\\\/staging.waveexpeditions.com\\\/es\\\/producto\\\/rafting-clase-ii-iii\\\/#breadcrumb\"},\"inLanguage\":\"es\",\"potentialAction\":[{\"@type\":\"ReadAction\",\"target\":[\"https:\\\/\\\/staging.waveexpeditions.com\\\/es\\\/producto\\\/rafting-clase-ii-iii\\\/\"]}]},{\"@type\":\"ImageObject\",\"inLanguage\":\"es\",\"@id\":\"https:\\\/\\\/staging.waveexpeditions.com\\\/es\\\/producto\\\/rafting-clase-ii-iii\\\/#primaryimage\",\"url\":\"https:\\\/\\\/staging.waveexpeditions.com\\\/wp-content\\\/uploads\\\/2021\\\/03\\\/Rafting-Class-II-III-Balsa-River.webp\",\"contentUrl\":\"https:\\\/\\\/staging.waveexpeditions.com\\\/wp-content\\\/uploads\\\/2021\\\/03\\\/Rafting-Class-II-III-Balsa-River.webp\",\"width\":2048,\"height\":2048,\"caption\":\"Fun and teamwork on the river with Wave Rafting in La Fortuna, Costa Rica\"},{\"@type\":\"BreadcrumbList\",\"@id\":\"https:\\\/\\\/staging.waveexpeditions.com\\\/es\\\/producto\\\/rafting-clase-ii-iii\\\/#breadcrumb\",\"itemListElement\":[{\"@type\":\"ListItem\",\"position\":1,\"name\":\"Home\",\"item\":\"https:\\\/\\\/staging.waveexpeditions.com\\\/es\\\/wave-rafting-costa-rica\\\/\"},{\"@type\":\"ListItem\",\"position\":2,\"name\":\"Productos\",\"item\":\"https:\\\/\\\/staging.waveexpeditions.com\\\/es\\\/shop\\\/\"},{\"@type\":\"ListItem\",\"position\":3,\"name\":\"Rafting Clase II-III\"}]},{\"@type\":\"WebSite\",\"@id\":\"https:\\\/\\\/staging.waveexpeditions.com\\\/es\\\/#website\",\"url\":\"https:\\\/\\\/staging.waveexpeditions.com\\\/es\\\/\",\"name\":\"WAVE Rafting\",\"description\":\"Rafting Costa Rica\",\"publisher\":{\"@id\":\"https:\\\/\\\/staging.waveexpeditions.com\\\/es\\\/#organization\"},\"potentialAction\":[{\"@type\":\"SearchAction\",\"target\":{\"@type\":\"EntryPoint\",\"urlTemplate\":\"https:\\\/\\\/staging.waveexpeditions.com\\\/es\\\/?s={search_term_string}\"},\"query-input\":{\"@type\":\"PropertyValueSpecification\",\"valueRequired\":true,\"valueName\":\"search_term_string\"}}],\"inLanguage\":\"es\"},{\"@type\":\"Organization\",\"@id\":\"https:\\\/\\\/staging.waveexpeditions.com\\\/es\\\/#organization\",\"name\":\"WAVE Rafting\",\"url\":\"https:\\\/\\\/staging.waveexpeditions.com\\\/es\\\/\",\"logo\":{\"@type\":\"ImageObject\",\"inLanguage\":\"es\",\"@id\":\"https:\\\/\\\/staging.waveexpeditions.com\\\/es\\\/#\\\/schema\\\/logo\\\/image\\\/\",\"url\":\"https:\\\/\\\/www.staging.waveexpeditions.com\\\/wp-content\\\/uploads\\\/2016\\\/07\\\/logo_foot.png\",\"contentUrl\":\"https:\\\/\\\/www.staging.waveexpeditions.com\\\/wp-content\\\/uploads\\\/2016\\\/07\\\/logo_foot.png\",\"width\":503,\"height\":172,\"caption\":\"WAVE Rafting\"},\"image\":{\"@id\":\"https:\\\/\\\/staging.waveexpeditions.com\\\/es\\\/#\\\/schema\\\/logo\\\/image\\\/\"},\"sameAs\":[\"https:\\\/\\\/www.facebook.com\\\/waveexp\\\/\",\"https:\\\/\\\/x.com\\\/waveexpeditions\",\"https:\\\/\\\/www.instagram.com\\\/wave.expeditions\\\/\"]}]}<\/script>\n<!-- \/ Yoast SEO plugin. -->","yoast_head_json":{"title":"Rafting familiar Clase II y III desde Arenal en Wave Expeditions","description":"Nuestro Rafting en Arenal Clase II y III es una aventura familiar dise\u00f1ada para todas las edades en mente, disfrutar de un viaje y hacer un recuerdo familiar inolvidable. Reserve ahora","robots":{"index":"noindex","follow":"follow","max-snippet":"max-snippet:-1","max-image-preview":"max-image-preview:large","max-video-preview":"max-video-preview:-1"},"og_locale":"es_ES","og_type":"article","og_title":"Rafting familiar Clase II y III desde Arenal en Wave Expeditions","og_description":"Nuestro Rafting en Arenal Clase II y III es una aventura familiar dise\u00f1ada para todas las edades en mente, disfrutar de un viaje y hacer un recuerdo familiar inolvidable. Reserve ahora","og_url":"https:\/\/staging.waveexpeditions.com\/es\/producto\/rafting-clase-ii-iii\/","og_site_name":"WAVE Rafting","article_publisher":"https:\/\/www.facebook.com\/waveexp\/","article_modified_time":"2024-02-23T18:40:46+00:00","og_image":[{"width":2048,"height":2048,"url":"https:\/\/staging.waveexpeditions.com\/wp-content\/uploads\/2021\/03\/Rafting-Class-II-III-Balsa-River.webp","type":"image\/webp"}],"twitter_card":"summary_large_image","twitter_site":"@waveexpeditions","twitter_misc":{"Tiempo de lectura":"2 minutos"},"schema":{"@context":"https:\/\/schema.org","@graph":[{"@type":"WebPage","@id":"https:\/\/staging.waveexpeditions.com\/es\/producto\/rafting-clase-ii-iii\/","url":"https:\/\/staging.waveexpeditions.com\/es\/producto\/rafting-clase-ii-iii\/","name":"Rafting familiar Clase II y III desde Arenal en Wave Expeditions","isPartOf":{"@id":"https:\/\/staging.waveexpeditions.com\/es\/#website"},"primaryImageOfPage":{"@id":"https:\/\/staging.waveexpeditions.com\/es\/producto\/rafting-clase-ii-iii\/#primaryimage"},"image":{"@id":"https:\/\/staging.waveexpeditions.com\/es\/producto\/rafting-clase-ii-iii\/#primaryimage"},"thumbnailUrl":"https:\/\/staging.waveexpeditions.com\/wp-content\/uploads\/2021\/03\/Rafting-Class-II-III-Balsa-River.webp","datePublished":"2021-03-04T22:03:33+00:00","dateModified":"2024-02-23T18:40:46+00:00","description":"Nuestro Rafting en Arenal Clase II y III es una aventura familiar dise\u00f1ada para todas las edades en mente, disfrutar de un viaje y hacer un recuerdo familiar inolvidable. Reserve ahora","breadcrumb":{"@id":"https:\/\/staging.waveexpeditions.com\/es\/producto\/rafting-clase-ii-iii\/#breadcrumb"},"inLanguage":"es","potentialAction":[{"@type":"ReadAction","target":["https:\/\/staging.waveexpeditions.com\/es\/producto\/rafting-clase-ii-iii\/"]}]},{"@type":"ImageObject","inLanguage":"es","@id":"https:\/\/staging.waveexpeditions.com\/es\/producto\/rafting-clase-ii-iii\/#primaryimage","url":"https:\/\/staging.waveexpeditions.com\/wp-content\/uploads\/2021\/03\/Rafting-Class-II-III-Balsa-River.webp","contentUrl":"https:\/\/staging.waveexpeditions.com\/wp-content\/uploads\/2021\/03\/Rafting-Class-II-III-Balsa-River.webp","width":2048,"height":2048,"caption":"Fun and teamwork on the river with Wave Rafting in La Fortuna, Costa Rica"},{"@type":"BreadcrumbList","@id":"https:\/\/staging.waveexpeditions.com\/es\/producto\/rafting-clase-ii-iii\/#breadcrumb","itemListElement":[{"@type":"ListItem","position":1,"name":"Home","item":"https:\/\/staging.waveexpeditions.com\/es\/wave-rafting-costa-rica\/"},{"@type":"ListItem","position":2,"name":"Productos","item":"https:\/\/staging.waveexpeditions.com\/es\/shop\/"},{"@type":"ListItem","position":3,"name":"Rafting Clase II-III"}]},{"@type":"WebSite","@id":"https:\/\/staging.waveexpeditions.com\/es\/#website","url":"https:\/\/staging.waveexpeditions.com\/es\/","name":"WAVE Rafting","description":"Rafting Costa Rica","publisher":{"@id":"https:\/\/staging.waveexpeditions.com\/es\/#organization"},"potentialAction":[{"@type":"SearchAction","target":{"@type":"EntryPoint","urlTemplate":"https:\/\/staging.waveexpeditions.com\/es\/?s={search_term_string}"},"query-input":{"@type":"PropertyValueSpecification","valueRequired":true,"valueName":"search_term_string"}}],"inLanguage":"es"},{"@type":"Organization","@id":"https:\/\/staging.waveexpeditions.com\/es\/#organization","name":"WAVE Rafting","url":"https:\/\/staging.waveexpeditions.com\/es\/","logo":{"@type":"ImageObject","inLanguage":"es","@id":"https:\/\/staging.waveexpeditions.com\/es\/#\/schema\/logo\/image\/","url":"https:\/\/www.staging.waveexpeditions.com\/wp-content\/uploads\/2016\/07\/logo_foot.png","contentUrl":"https:\/\/www.staging.waveexpeditions.com\/wp-content\/uploads\/2016\/07\/logo_foot.png","width":503,"height":172,"caption":"WAVE Rafting"},"image":{"@id":"https:\/\/staging.waveexpeditions.com\/es\/#\/schema\/logo\/image\/"},"sameAs":["https:\/\/www.facebook.com\/waveexp\/","https:\/\/x.com\/waveexpeditions","https:\/\/www.instagram.com\/wave.expeditions\/"]}]}},"_links":{"self":[{"href":"https:\/\/staging.waveexpeditions.com\/es\/wp-json\/wp\/v2\/product\/47430","targetHints":{"allow":["GET"]}}],"collection":[{"href":"https:\/\/staging.waveexpeditions.com\/es\/wp-json\/wp\/v2\/product"}],"about":[{"href":"https:\/\/staging.waveexpeditions.com\/es\/wp-json\/wp\/v2\/types\/product"}],"wp:featuredmedia":[{"embeddable":true,"href":"https:\/\/staging.waveexpeditions.com\/es\/wp-json\/wp\/v2\/media\/52353"}],"wp:attachment":[{"href":"https:\/\/staging.waveexpeditions.com\/es\/wp-json\/wp\/v2\/media?parent=47430"}],"wp:term":[{"taxonomy":"product_brand","embeddable":true,"href":"https:\/\/staging.waveexpeditions.com\/es\/wp-json\/wp\/v2\/product_brand?post=47430"},{"taxonomy":"product_cat","embeddable":true,"href":"https:\/\/staging.waveexpeditions.com\/es\/wp-json\/wp\/v2\/product_cat?post=47430"},{"taxonomy":"product_tag","embeddable":true,"href":"https:\/\/staging.waveexpeditions.com\/es\/wp-json\/wp\/v2\/product_tag?post=47430"}],"curies":[{"name":"wp","href":"https:\/\/api.w.org\/{rel}","templated":true}]}}