{"id":47431,"date":"2016-08-19T10:03:08","date_gmt":"2016-08-19T16:03:08","guid":{"rendered":"https:\/\/www.waveexpeditions.com\/staging-wave-2-0\/product\/puentes-colgantes-y-aventura-en-balsa\/"},"modified":"2024-09-09T09:17:53","modified_gmt":"2024-09-09T15:17:53","slug":"puentes-colgantes-y-aventura-en-balsa","status":"publish","type":"product","link":"https:\/\/staging.waveexpeditions.com\/es\/producto\/puentes-colgantes-y-aventura-en-balsa\/","title":{"rendered":"Combo de Puentes Colgantes + Rafting Clase II-III"},"content":{"rendered":"<p>La combinaci\u00f3n de aventuras de Puentes Colgantes y Rafting est\u00e1 dise\u00f1ada para aquellos que desean ver la belleza de la selva tropical desde un punto de vista espectacular, \u00a1por encima de los \u00e1rboles!<\/p>\n<p>Tu emocionante d\u00eda en este Tour de Aventura comienza cuando tu gu\u00eda te recoge en tu hotel para tu Experiencia en Puentes Colgantes. El recorrido guiado por los Puentes Colgantes del Volc\u00e1n Arenal ofrece una vista incre\u00edble de la selva tropical. Esta caminata f\u00e1cil y guiada es maravillosa para amantes de la naturaleza de todas las edades.<\/p>\n<p>A lo largo de los senderos dentro de esta reserva natural privada de casi 250 hect\u00e1reas de selva tropical, podr\u00edas encontrarte con hormigas cortadoras de hojas, jabal\u00edes, v\u00edboras, tar\u00e1ntulas, ranas venenosas, tucanes, monos, perezosos y otra vida silvestre de Costa Rica.<\/p>\n<p>Tu d\u00eda en la combinaci\u00f3n de Puentes Colgantes y Rafting apenas ha comenzado. Tu siguiente parada te llevar\u00e1 al emocionante R\u00edo Balsa. En muy poco tiempo, tu gu\u00eda de rafting te ense\u00f1ar\u00e1 lo que necesitas saber para navegar por este r\u00edo de Clase II-III y te impartir\u00e1 las habilidades necesarias para mantenerte a salvo.<\/p>\n<p>Una vez que hayas tenido tiempo para probar tus habilidades, te embarcar\u00e1s en un emocionante recorrido de dos horas en rafting de aguas blancas. El R\u00edo Balsa serpentea a trav\u00e9s del coraz\u00f3n de la selva tropical y te llevar\u00e1 a divertidos y emocionantes r\u00e1pidos de agua blanca como &#8220;Roca Magn\u00e9tica&#8221; y &#8220;Dragas&#8221;. El R\u00edo Balsa es una de las mejores experiencias de rafting que puedes tener en Costa Rica. Mant\u00e9n los ojos abiertos, porque es probable que veas aves, monos o incluso un perezoso a lo largo de la ruta. Tus gu\u00edas de rafting har\u00e1n una parada para un descanso, para que puedas disfrutar de un refrescante ba\u00f1o o saltar desde las orillas del r\u00edo para refrescarte mientras ellos preparan frutas tropicales frescas. Te sorprender\u00e1 su oferta decorativa y disfrutar\u00e1s de una refrescante bebida helada durante tu descanso.<\/p>\n<p>Vuelve al r\u00edo, a\u00fan no has terminado, todav\u00eda hay algunos r\u00e1pidos esper\u00e1ndote. Cuando llegues al punto de salida, estar\u00e1s listo para tu delicioso almuerzo costarricense. La emocionante combinaci\u00f3n de Puentes Colgantes y Rafting es una excelente manera de comenzar tus vacaciones en Costa Rica.<\/p>\n","protected":false},"excerpt":{"rendered":"<p>Contemple la belleza de la selva tropical desde un punto de vista espectacular, \u00a1por encima de los \u00e1rboles!<\/p>\n","protected":false},"featured_media":52375,"template":"","meta":{"_acf_changed":false,"_crdt_document":"","_monsterinsights_skip_tracking":false,"_monsterinsights_sitenote_active":false,"_monsterinsights_sitenote_note":"","_monsterinsights_sitenote_category":0,"_joinchat":[]},"product_brand":[],"product_cat":[446,444],"product_tag":[333],"class_list":{"0":"post-47431","1":"product","2":"type-product","3":"status-publish","4":"has-post-thumbnail","6":"product_cat-combos-de-aventura","7":"product_cat-tours-es","8":"product_tag-la-fortuna-es","10":"first","11":"instock","12":"virtual","13":"sold-individually","14":"taxable","15":"purchasable","16":"product-type-booking"},"booking_location":"","booking_location_type":"","booking_duration":1,"booking_duration_unit":"day","booking_buffer":0,"booking_cost":0,"booking_resources":[],"exclude_global_add_ons":false,"addons":[{"name":"Can\u2019t find the date or time you want?","type":"heading","position":0,"required":false,"title_format":"heading","default":"","description_enable":true,"description":"No worries, we can help! <a style=\"color:#00ad67\" href=\"https:\/\/wa.me\/+50624797262\" target=\"_blank\">WhatsApp Us<\/a> or <a style=\"color:#0a5ca7\" href=\"mailto:info@waveexpeditions.com\" target=\"_blank\">Email US<\/a>","placeholder_enable":false,"placeholder":"","display":"select","restrictions_type":"any_text","adjust_price":false,"price":"","price_type":"flat_fee","restrictions":false,"min":"0","max":"0","options":[],"id":1740565927},{"name":"Pick Up Place- La Fortuna Hotels","type":"custom_text","position":0,"required":true,"title_format":"heading","default":"","description_enable":true,"description":"Please write the name of your Hotel.\r\nHotels outside of the regular route may have an extra charge.","placeholder_enable":false,"placeholder":"","display":"select","restrictions_type":"only_letters","adjust_price":false,"price":"","price_type":"flat_fee","restrictions":false,"min":"0","max":"0","options":[],"id":1689060866},{"name":"Drop Off - Next destination Hotel","type":"custom_text","position":1,"required":true,"title_format":"heading","default":"","description_enable":true,"description":"Please write the name of your Hotel. \r\nHotels outside of the regular route may have an extra charge.","placeholder_enable":false,"placeholder":"","display":"select","restrictions_type":"only_letters","adjust_price":false,"price":"","price_type":"flat_fee","restrictions":false,"min":"0","max":"0","options":[],"id":1689060867},{"name":"PICK UP LOCATION","type":"multiple_choice","position":0,"required":true,"title_format":"heading","default":"","description_enable":false,"description":"","placeholder_enable":false,"placeholder":"","display":"select","restrictions_type":"any_text","adjust_price":false,"price":"","price_type":"flat_fee","restrictions":false,"min":"0","max":"0","options":[{"label":"Arenal Hotels","price":"","price_type":"quantity_based","image":0,"visibility":true},{"label":"Manuel Antonio Hotels","price":"","price_type":"quantity_based","image":0,"visibility":true}],"id":1689066623},{"name":"DROP OFF LOCATION","type":"multiple_choice","position":0,"required":true,"title_format":"heading","default":"","description_enable":false,"description":"","placeholder_enable":false,"placeholder":"","display":"select","restrictions_type":"any_text","adjust_price":false,"price":"","price_type":"","restrictions":false,"min":"0","max":"0","options":[{"label":"Arenal Hotels","price":"","price_type":"quantity_based","image":0,"visibility":true},{"label":"San Jose Hotels","price":"","price_type":"quantity_based","image":0,"visibility":true}]},{"name":"Please provide hotel drop off name","type":"heading","position":0,"required":false,"title_format":"label","default":"","description_enable":true,"description":"Some hotels may be are out of our normal drop off range. If your hotel is out of our drop off route, additional charges may apply.","placeholder_enable":false,"placeholder":"","display":"select","restrictions_type":"any_text","adjust_price":false,"price":"","price_type":"","restrictions":false,"min":"0","max":"0","options":[]},{"name":"Please provide hotel drop off name","type":"custom_text","position":0,"required":true,"title_format":"hide","default":"","description_enable":false,"description":"","placeholder_enable":false,"placeholder":"","display":"select","restrictions_type":"any_text","adjust_price":false,"price":"","price_type":"quantity_based","restrictions":true,"min":"","max":"30","options":[]},{"name":"Please provide hotel pick up name","type":"heading","position":0,"required":false,"title_format":"label","default":"","description_enable":true,"description":"Some hotels may be are out of our normal pick up range. If your hotel is out of our pick up route, additional charges may apply.","placeholder_enable":false,"placeholder":"","display":"select","restrictions_type":"any_text","adjust_price":false,"price":"","price_type":"","restrictions":false,"min":"0","max":"0","options":[]},{"name":"Please provide hotel pick up name","type":"custom_text","position":0,"required":true,"title_format":"hide","default":"","description_enable":false,"description":"","placeholder_enable":false,"placeholder":"","display":"select","restrictions_type":"any_text","adjust_price":false,"price":"","price_type":"quantity_based","restrictions":true,"min":"","max":"30","options":[]},{"name":"Rent a GoPro","type":"multiple_choice","position":0,"required":false,"title_format":"label","default":"","description_enable":true,"description":"Only available for the Rafting Tour","placeholder_enable":false,"placeholder":"","display":"select","restrictions_type":"any_text","adjust_price":true,"price":"30","price_type":"flat_fee","restrictions":true,"min":"0","max":"5","options":[{"label":"1","price":"30","price_type":"flat_fee","image":0,"visibility":true},{"label":"2","price":"60","price_type":"flat_fee","image":0,"visibility":true},{"label":"3","price":"90","price_type":"flat_fee","image":0,"visibility":true},{"label":"4","price":"120","price_type":"flat_fee","image":0,"visibility":true},{"label":"5","price":"150","price_type":"flat_fee","image":0,"visibility":true}],"id":1739958656}],"acf":[],"yoast_head":"<!-- This site is optimized with the Yoast SEO plugin v27.5 - https:\/\/yoast.com\/product\/yoast-seo-wordpress\/ -->\n<title>Combo de Puentes Colgantes + Rafting Clase II-III<\/title>\n<meta name=\"description\" content=\"Disfruta de la aventura con Wave Rafting. Combina puentes colgantes y rafting para una emocionante experiencia en Costa Rica. \u00a1Reserva hoy!\" \/>\n<meta name=\"robots\" content=\"noindex, follow, max-snippet:-1, max-image-preview:large, max-video-preview:-1\" \/>\n<meta property=\"og:locale\" content=\"es_ES\" \/>\n<meta property=\"og:type\" content=\"article\" \/>\n<meta property=\"og:title\" content=\"Combo de Puentes Colgantes + Rafting Clase II-III\" \/>\n<meta property=\"og:description\" content=\"Disfruta de la aventura con Wave Rafting. Combina puentes colgantes y rafting para una emocionante experiencia en Costa Rica. \u00a1Reserva hoy!\" \/>\n<meta property=\"og:url\" content=\"https:\/\/staging.waveexpeditions.com\/es\/producto\/puentes-colgantes-y-aventura-en-balsa\/\" \/>\n<meta property=\"og:site_name\" content=\"WAVE Rafting\" \/>\n<meta property=\"article:publisher\" content=\"https:\/\/www.facebook.com\/waveexp\/\" \/>\n<meta property=\"article:modified_time\" content=\"2024-09-09T15:17:53+00:00\" \/>\n<meta property=\"og:image\" content=\"https:\/\/staging.waveexpeditions.com\/wp-content\/uploads\/2016\/08\/Rafting-Mistico-Hanging-Bridges-1.webp\" \/>\n\t<meta property=\"og:image:width\" content=\"2048\" \/>\n\t<meta property=\"og:image:height\" content=\"2048\" \/>\n\t<meta property=\"og:image:type\" content=\"image\/webp\" \/>\n<meta name=\"twitter:card\" content=\"summary_large_image\" \/>\n<meta name=\"twitter:site\" content=\"@waveexpeditions\" \/>\n<meta name=\"twitter:label1\" content=\"Tiempo de lectura\" \/>\n\t<meta name=\"twitter:data1\" content=\"2 minutos\" \/>\n<script type=\"application\/ld+json\" class=\"yoast-schema-graph\">{\"@context\":\"https:\\\/\\\/schema.org\",\"@graph\":[{\"@type\":\"WebPage\",\"@id\":\"https:\\\/\\\/staging.waveexpeditions.com\\\/es\\\/producto\\\/puentes-colgantes-y-aventura-en-balsa\\\/\",\"url\":\"https:\\\/\\\/staging.waveexpeditions.com\\\/es\\\/producto\\\/puentes-colgantes-y-aventura-en-balsa\\\/\",\"name\":\"Combo de Puentes Colgantes + Rafting Clase II-III\",\"isPartOf\":{\"@id\":\"https:\\\/\\\/staging.waveexpeditions.com\\\/es\\\/#website\"},\"primaryImageOfPage\":{\"@id\":\"https:\\\/\\\/staging.waveexpeditions.com\\\/es\\\/producto\\\/puentes-colgantes-y-aventura-en-balsa\\\/#primaryimage\"},\"image\":{\"@id\":\"https:\\\/\\\/staging.waveexpeditions.com\\\/es\\\/producto\\\/puentes-colgantes-y-aventura-en-balsa\\\/#primaryimage\"},\"thumbnailUrl\":\"https:\\\/\\\/staging.waveexpeditions.com\\\/wp-content\\\/uploads\\\/2016\\\/08\\\/Rafting-Mistico-Hanging-Bridges-1.webp\",\"datePublished\":\"2016-08-19T16:03:08+00:00\",\"dateModified\":\"2024-09-09T15:17:53+00:00\",\"description\":\"Disfruta de la aventura con Wave Rafting. Combina puentes colgantes y rafting para una emocionante experiencia en Costa Rica. \u00a1Reserva hoy!\",\"breadcrumb\":{\"@id\":\"https:\\\/\\\/staging.waveexpeditions.com\\\/es\\\/producto\\\/puentes-colgantes-y-aventura-en-balsa\\\/#breadcrumb\"},\"inLanguage\":\"es\",\"potentialAction\":[{\"@type\":\"ReadAction\",\"target\":[\"https:\\\/\\\/staging.waveexpeditions.com\\\/es\\\/producto\\\/puentes-colgantes-y-aventura-en-balsa\\\/\"]}]},{\"@type\":\"ImageObject\",\"inLanguage\":\"es\",\"@id\":\"https:\\\/\\\/staging.waveexpeditions.com\\\/es\\\/producto\\\/puentes-colgantes-y-aventura-en-balsa\\\/#primaryimage\",\"url\":\"https:\\\/\\\/staging.waveexpeditions.com\\\/wp-content\\\/uploads\\\/2016\\\/08\\\/Rafting-Mistico-Hanging-Bridges-1.webp\",\"contentUrl\":\"https:\\\/\\\/staging.waveexpeditions.com\\\/wp-content\\\/uploads\\\/2016\\\/08\\\/Rafting-Mistico-Hanging-Bridges-1.webp\",\"width\":2048,\"height\":2048,\"caption\":\"Walking across a lush rainforest suspension bridge with Wave Expeditions Costa Rica\"},{\"@type\":\"BreadcrumbList\",\"@id\":\"https:\\\/\\\/staging.waveexpeditions.com\\\/es\\\/producto\\\/puentes-colgantes-y-aventura-en-balsa\\\/#breadcrumb\",\"itemListElement\":[{\"@type\":\"ListItem\",\"position\":1,\"name\":\"Home\",\"item\":\"https:\\\/\\\/staging.waveexpeditions.com\\\/es\\\/wave-rafting-costa-rica\\\/\"},{\"@type\":\"ListItem\",\"position\":2,\"name\":\"Productos\",\"item\":\"https:\\\/\\\/staging.waveexpeditions.com\\\/es\\\/shop\\\/\"},{\"@type\":\"ListItem\",\"position\":3,\"name\":\"Combo de Puentes Colgantes + Rafting Clase II-III\"}]},{\"@type\":\"WebSite\",\"@id\":\"https:\\\/\\\/staging.waveexpeditions.com\\\/es\\\/#website\",\"url\":\"https:\\\/\\\/staging.waveexpeditions.com\\\/es\\\/\",\"name\":\"WAVE Rafting\",\"description\":\"Rafting Costa Rica\",\"publisher\":{\"@id\":\"https:\\\/\\\/staging.waveexpeditions.com\\\/es\\\/#organization\"},\"potentialAction\":[{\"@type\":\"SearchAction\",\"target\":{\"@type\":\"EntryPoint\",\"urlTemplate\":\"https:\\\/\\\/staging.waveexpeditions.com\\\/es\\\/?s={search_term_string}\"},\"query-input\":{\"@type\":\"PropertyValueSpecification\",\"valueRequired\":true,\"valueName\":\"search_term_string\"}}],\"inLanguage\":\"es\"},{\"@type\":\"Organization\",\"@id\":\"https:\\\/\\\/staging.waveexpeditions.com\\\/es\\\/#organization\",\"name\":\"WAVE Rafting\",\"url\":\"https:\\\/\\\/staging.waveexpeditions.com\\\/es\\\/\",\"logo\":{\"@type\":\"ImageObject\",\"inLanguage\":\"es\",\"@id\":\"https:\\\/\\\/staging.waveexpeditions.com\\\/es\\\/#\\\/schema\\\/logo\\\/image\\\/\",\"url\":\"https:\\\/\\\/www.staging.waveexpeditions.com\\\/wp-content\\\/uploads\\\/2016\\\/07\\\/logo_foot.png\",\"contentUrl\":\"https:\\\/\\\/www.staging.waveexpeditions.com\\\/wp-content\\\/uploads\\\/2016\\\/07\\\/logo_foot.png\",\"width\":503,\"height\":172,\"caption\":\"WAVE Rafting\"},\"image\":{\"@id\":\"https:\\\/\\\/staging.waveexpeditions.com\\\/es\\\/#\\\/schema\\\/logo\\\/image\\\/\"},\"sameAs\":[\"https:\\\/\\\/www.facebook.com\\\/waveexp\\\/\",\"https:\\\/\\\/x.com\\\/waveexpeditions\",\"https:\\\/\\\/www.instagram.com\\\/wave.expeditions\\\/\"]}]}<\/script>\n<!-- \/ Yoast SEO plugin. -->","yoast_head_json":{"title":"Combo de Puentes Colgantes + Rafting Clase II-III","description":"Disfruta de la aventura con Wave Rafting. Combina puentes colgantes y rafting para una emocionante experiencia en Costa Rica. \u00a1Reserva hoy!","robots":{"index":"noindex","follow":"follow","max-snippet":"max-snippet:-1","max-image-preview":"max-image-preview:large","max-video-preview":"max-video-preview:-1"},"og_locale":"es_ES","og_type":"article","og_title":"Combo de Puentes Colgantes + Rafting Clase II-III","og_description":"Disfruta de la aventura con Wave Rafting. Combina puentes colgantes y rafting para una emocionante experiencia en Costa Rica. \u00a1Reserva hoy!","og_url":"https:\/\/staging.waveexpeditions.com\/es\/producto\/puentes-colgantes-y-aventura-en-balsa\/","og_site_name":"WAVE Rafting","article_publisher":"https:\/\/www.facebook.com\/waveexp\/","article_modified_time":"2024-09-09T15:17:53+00:00","og_image":[{"width":2048,"height":2048,"url":"https:\/\/staging.waveexpeditions.com\/wp-content\/uploads\/2016\/08\/Rafting-Mistico-Hanging-Bridges-1.webp","type":"image\/webp"}],"twitter_card":"summary_large_image","twitter_site":"@waveexpeditions","twitter_misc":{"Tiempo de lectura":"2 minutos"},"schema":{"@context":"https:\/\/schema.org","@graph":[{"@type":"WebPage","@id":"https:\/\/staging.waveexpeditions.com\/es\/producto\/puentes-colgantes-y-aventura-en-balsa\/","url":"https:\/\/staging.waveexpeditions.com\/es\/producto\/puentes-colgantes-y-aventura-en-balsa\/","name":"Combo de Puentes Colgantes + Rafting Clase II-III","isPartOf":{"@id":"https:\/\/staging.waveexpeditions.com\/es\/#website"},"primaryImageOfPage":{"@id":"https:\/\/staging.waveexpeditions.com\/es\/producto\/puentes-colgantes-y-aventura-en-balsa\/#primaryimage"},"image":{"@id":"https:\/\/staging.waveexpeditions.com\/es\/producto\/puentes-colgantes-y-aventura-en-balsa\/#primaryimage"},"thumbnailUrl":"https:\/\/staging.waveexpeditions.com\/wp-content\/uploads\/2016\/08\/Rafting-Mistico-Hanging-Bridges-1.webp","datePublished":"2016-08-19T16:03:08+00:00","dateModified":"2024-09-09T15:17:53+00:00","description":"Disfruta de la aventura con Wave Rafting. Combina puentes colgantes y rafting para una emocionante experiencia en Costa Rica. \u00a1Reserva hoy!","breadcrumb":{"@id":"https:\/\/staging.waveexpeditions.com\/es\/producto\/puentes-colgantes-y-aventura-en-balsa\/#breadcrumb"},"inLanguage":"es","potentialAction":[{"@type":"ReadAction","target":["https:\/\/staging.waveexpeditions.com\/es\/producto\/puentes-colgantes-y-aventura-en-balsa\/"]}]},{"@type":"ImageObject","inLanguage":"es","@id":"https:\/\/staging.waveexpeditions.com\/es\/producto\/puentes-colgantes-y-aventura-en-balsa\/#primaryimage","url":"https:\/\/staging.waveexpeditions.com\/wp-content\/uploads\/2016\/08\/Rafting-Mistico-Hanging-Bridges-1.webp","contentUrl":"https:\/\/staging.waveexpeditions.com\/wp-content\/uploads\/2016\/08\/Rafting-Mistico-Hanging-Bridges-1.webp","width":2048,"height":2048,"caption":"Walking across a lush rainforest suspension bridge with Wave Expeditions Costa Rica"},{"@type":"BreadcrumbList","@id":"https:\/\/staging.waveexpeditions.com\/es\/producto\/puentes-colgantes-y-aventura-en-balsa\/#breadcrumb","itemListElement":[{"@type":"ListItem","position":1,"name":"Home","item":"https:\/\/staging.waveexpeditions.com\/es\/wave-rafting-costa-rica\/"},{"@type":"ListItem","position":2,"name":"Productos","item":"https:\/\/staging.waveexpeditions.com\/es\/shop\/"},{"@type":"ListItem","position":3,"name":"Combo de Puentes Colgantes + Rafting Clase II-III"}]},{"@type":"WebSite","@id":"https:\/\/staging.waveexpeditions.com\/es\/#website","url":"https:\/\/staging.waveexpeditions.com\/es\/","name":"WAVE Rafting","description":"Rafting Costa Rica","publisher":{"@id":"https:\/\/staging.waveexpeditions.com\/es\/#organization"},"potentialAction":[{"@type":"SearchAction","target":{"@type":"EntryPoint","urlTemplate":"https:\/\/staging.waveexpeditions.com\/es\/?s={search_term_string}"},"query-input":{"@type":"PropertyValueSpecification","valueRequired":true,"valueName":"search_term_string"}}],"inLanguage":"es"},{"@type":"Organization","@id":"https:\/\/staging.waveexpeditions.com\/es\/#organization","name":"WAVE Rafting","url":"https:\/\/staging.waveexpeditions.com\/es\/","logo":{"@type":"ImageObject","inLanguage":"es","@id":"https:\/\/staging.waveexpeditions.com\/es\/#\/schema\/logo\/image\/","url":"https:\/\/www.staging.waveexpeditions.com\/wp-content\/uploads\/2016\/07\/logo_foot.png","contentUrl":"https:\/\/www.staging.waveexpeditions.com\/wp-content\/uploads\/2016\/07\/logo_foot.png","width":503,"height":172,"caption":"WAVE Rafting"},"image":{"@id":"https:\/\/staging.waveexpeditions.com\/es\/#\/schema\/logo\/image\/"},"sameAs":["https:\/\/www.facebook.com\/waveexp\/","https:\/\/x.com\/waveexpeditions","https:\/\/www.instagram.com\/wave.expeditions\/"]}]}},"_links":{"self":[{"href":"https:\/\/staging.waveexpeditions.com\/es\/wp-json\/wp\/v2\/product\/47431","targetHints":{"allow":["GET"]}}],"collection":[{"href":"https:\/\/staging.waveexpeditions.com\/es\/wp-json\/wp\/v2\/product"}],"about":[{"href":"https:\/\/staging.waveexpeditions.com\/es\/wp-json\/wp\/v2\/types\/product"}],"wp:featuredmedia":[{"embeddable":true,"href":"https:\/\/staging.waveexpeditions.com\/es\/wp-json\/wp\/v2\/media\/52375"}],"wp:attachment":[{"href":"https:\/\/staging.waveexpeditions.com\/es\/wp-json\/wp\/v2\/media?parent=47431"}],"wp:term":[{"taxonomy":"product_brand","embeddable":true,"href":"https:\/\/staging.waveexpeditions.com\/es\/wp-json\/wp\/v2\/product_brand?post=47431"},{"taxonomy":"product_cat","embeddable":true,"href":"https:\/\/staging.waveexpeditions.com\/es\/wp-json\/wp\/v2\/product_cat?post=47431"},{"taxonomy":"product_tag","embeddable":true,"href":"https:\/\/staging.waveexpeditions.com\/es\/wp-json\/wp\/v2\/product_tag?post=47431"}],"curies":[{"name":"wp","href":"https:\/\/api.w.org\/{rel}","templated":true}]}}