{"id":47432,"date":"2016-07-27T09:20:16","date_gmt":"2016-07-27T15:20:16","guid":{"rendered":"https:\/\/www.waveexpeditions.com\/staging-wave-2-0\/product\/combo-de-tirolina-y-rafting-en-arenal\/"},"modified":"2024-03-25T07:00:25","modified_gmt":"2024-03-25T13:00:25","slug":"combo-de-tirolina-y-rafting-en-arenal","status":"publish","type":"product","link":"https:\/\/staging.waveexpeditions.com\/es\/producto\/combo-de-tirolina-y-rafting-en-arenal\/","title":{"rendered":"Combo de tirolina y rafting en Arenal"},"content":{"rendered":"<p>\u00a1Esta combinaci\u00f3n de aventura de tirolesa y rafting en el volc\u00e1n Arenal est\u00e1 dise\u00f1ada para emociones extremas!<\/p>\n<p>Consiste en los 7 cables de tirolesa m\u00e1s extremos del parque. Comienza el recorrido con una escalada llena de adrenalina hasta una torre de 54 pies de altura para volar sobre un ca\u00f1\u00f3n de 360 pies de altura, el lugar m\u00e1s alto del parque. Cruzar\u00e1s un puente colgante hacia nuestro cable m\u00e1s largo de 0.6 millas de altura sobre la cascada de La Fortuna con excelentes vistas del centro. Finalmente, te deslizar\u00e1s por los cables a altas velocidades de hasta 43 MPH.<\/p>\n<p>Contin\u00faa este d\u00eda incre\u00edble con el mejor tour de rafting en aguas bravas en el r\u00edo Balsa, de clase II y III. Experimenta el punto culminante m\u00e1s popular de Costa Rica. Al final de este incre\u00edble d\u00eda de aventura, disfrutar\u00e1s del mejor almuerzo t\u00edpico costarricense en un restaurante privado.<\/p>\n<p><strong>Pol\u00edtica de cancelaci\u00f3n:<\/strong> Para obtener un reembolso completo, cancele al menos 24 horas antes de la fecha de inicio del tour.<\/p>\n","protected":false},"excerpt":{"rendered":"<p>Este combo de aventura de tirolina y rafting en aguas bravas est\u00e1 dise\u00f1ado para vivir emociones extremas.<\/p>\n","protected":false},"featured_media":55438,"template":"","meta":{"_acf_changed":false,"_crdt_document":"","_monsterinsights_skip_tracking":false,"_monsterinsights_sitenote_active":false,"_monsterinsights_sitenote_note":"","_monsterinsights_sitenote_category":0,"_joinchat":[]},"product_brand":[],"product_cat":[446,444],"product_tag":[333],"class_list":{"0":"post-47432","1":"product","2":"type-product","3":"status-publish","4":"has-post-thumbnail","6":"product_cat-combos-de-aventura","7":"product_cat-tours-es","8":"product_tag-la-fortuna-es","10":"first","11":"instock","12":"virtual","13":"sold-individually","14":"taxable","15":"purchasable","16":"product-type-booking"},"booking_location":"","booking_location_type":"","booking_duration":1,"booking_duration_unit":"day","booking_buffer":0,"booking_cost":0,"booking_resources":[],"exclude_global_add_ons":false,"addons":[{"name":"Can\u2019t find the date or time you want?","type":"heading","position":0,"required":false,"title_format":"heading","default":"","description_enable":true,"description":"No worries, we can help! <a style=\"color:#00ad67\" href=\"https:\/\/wa.me\/+50624797262\" target=\"_blank\">WhatsApp Us<\/a> or <a style=\"color:#0a5ca7\" href=\"mailto:info@waveexpeditions.com\" target=\"_blank\">Email US<\/a>","placeholder_enable":false,"placeholder":"","display":"select","restrictions_type":"any_text","adjust_price":false,"price":"","price_type":"flat_fee","restrictions":false,"min":"0","max":"0","options":[],"id":1740565927},{"name":"Pick Up Place- La Fortuna Hotels","type":"custom_text","position":0,"required":true,"title_format":"heading","default":"","description_enable":true,"description":"Please write the name of your Hotel.\r\nHotels outside of the regular route may have an extra charge.","placeholder_enable":false,"placeholder":"","display":"select","restrictions_type":"only_letters","adjust_price":false,"price":"","price_type":"flat_fee","restrictions":false,"min":"0","max":"0","options":[],"id":1689060866},{"name":"Drop Off - Next destination Hotel","type":"custom_text","position":1,"required":true,"title_format":"heading","default":"","description_enable":true,"description":"Please write the name of your Hotel. \r\nHotels outside of the regular route may have an extra charge.","placeholder_enable":false,"placeholder":"","display":"select","restrictions_type":"only_letters","adjust_price":false,"price":"","price_type":"flat_fee","restrictions":false,"min":"0","max":"0","options":[],"id":1689060867},{"name":"PICK UP LOCATION","type":"multiple_choice","position":0,"required":true,"title_format":"heading","default":"","description_enable":false,"description":"","placeholder_enable":false,"placeholder":"","display":"select","restrictions_type":"any_text","adjust_price":false,"price":"","price_type":"flat_fee","restrictions":false,"min":"0","max":"0","options":[{"label":"Arenal Hotels","price":"","price_type":"quantity_based","image":0,"visibility":true},{"label":"Manuel Antonio Hotels","price":"","price_type":"quantity_based","image":0,"visibility":true}],"id":1689066623},{"name":"DROP OFF LOCATION","type":"multiple_choice","position":0,"required":true,"title_format":"heading","default":"","description_enable":false,"description":"","placeholder_enable":false,"placeholder":"","display":"select","restrictions_type":"any_text","adjust_price":false,"price":"","price_type":"","restrictions":false,"min":"0","max":"0","options":[{"label":"Arenal Hotels","price":"","price_type":"quantity_based","image":0,"visibility":true},{"label":"San Jose Hotels","price":"","price_type":"quantity_based","image":0,"visibility":true}]},{"name":"Please provide hotel drop off name","type":"heading","position":0,"required":false,"title_format":"label","default":"","description_enable":true,"description":"Some hotels may be are out of our normal drop off range. If your hotel is out of our drop off route, additional charges may apply.","placeholder_enable":false,"placeholder":"","display":"select","restrictions_type":"any_text","adjust_price":false,"price":"","price_type":"","restrictions":false,"min":"0","max":"0","options":[]},{"name":"Please provide hotel drop off name","type":"custom_text","position":0,"required":true,"title_format":"hide","default":"","description_enable":false,"description":"","placeholder_enable":false,"placeholder":"","display":"select","restrictions_type":"any_text","adjust_price":false,"price":"","price_type":"quantity_based","restrictions":true,"min":"","max":"30","options":[]},{"name":"Please provide hotel pick up name","type":"heading","position":0,"required":false,"title_format":"label","default":"","description_enable":true,"description":"Some hotels may be are out of our normal pick up range. If your hotel is out of our pick up route, additional charges may apply.","placeholder_enable":false,"placeholder":"","display":"select","restrictions_type":"any_text","adjust_price":false,"price":"","price_type":"","restrictions":false,"min":"0","max":"0","options":[]},{"name":"Please provide hotel pick up name","type":"custom_text","position":0,"required":true,"title_format":"hide","default":"","description_enable":false,"description":"","placeholder_enable":false,"placeholder":"","display":"select","restrictions_type":"any_text","adjust_price":false,"price":"","price_type":"quantity_based","restrictions":true,"min":"","max":"30","options":[]},{"name":"Rent a GoPro","type":"multiple_choice","position":0,"required":false,"title_format":"label","default":"","description_enable":true,"description":"Only available for the Rafting Tour","placeholder_enable":false,"placeholder":"","display":"select","restrictions_type":"any_text","adjust_price":true,"price":"30","price_type":"flat_fee","restrictions":true,"min":"0","max":"5","options":[{"label":"1","price":"30","price_type":"flat_fee","image":0,"visibility":true},{"label":"2","price":"60","price_type":"flat_fee","image":0,"visibility":true},{"label":"3","price":"90","price_type":"flat_fee","image":0,"visibility":true},{"label":"4","price":"120","price_type":"flat_fee","image":0,"visibility":true},{"label":"5","price":"150","price_type":"flat_fee","image":0,"visibility":true}],"id":1739958656}],"acf":[],"yoast_head":"<!-- This site is optimized with the Yoast SEO plugin v27.5 - https:\/\/yoast.com\/product\/yoast-seo-wordpress\/ -->\n<title>Combo de tirolina y rafting en Arenal - WAVE Rafting<\/title>\n<meta name=\"description\" content=\"\u00a1Esta combinaci\u00f3n de aventura de tirolesa y rafting en el volc\u00e1n Arenal est\u00e1 dise\u00f1ada para emociones extremas!\" \/>\n<meta name=\"robots\" content=\"noindex, follow, max-snippet:-1, max-image-preview:large, max-video-preview:-1\" \/>\n<meta property=\"og:locale\" content=\"es_ES\" \/>\n<meta property=\"og:type\" content=\"article\" \/>\n<meta property=\"og:title\" content=\"Combo de tirolina y rafting en Arenal\" \/>\n<meta property=\"og:description\" content=\"Este combo de aventura de tirolina y rafting en aguas bravas est\u00e1 dise\u00f1ado para vivir emociones extremas.\" \/>\n<meta property=\"og:url\" content=\"https:\/\/staging.waveexpeditions.com\/es\/producto\/combo-de-tirolina-y-rafting-en-arenal\/\" \/>\n<meta property=\"og:site_name\" content=\"WAVE Rafting\" \/>\n<meta property=\"article:publisher\" content=\"https:\/\/www.facebook.com\/waveexp\/\" \/>\n<meta property=\"article:modified_time\" content=\"2024-03-25T13:00:25+00:00\" \/>\n<meta property=\"og:image\" content=\"https:\/\/www.staging.waveexpeditions.com\/wp-content\/uploads\/2016\/07\/wave-rafting-combo-canopy-rafting.jpg\" \/>\n<meta name=\"twitter:card\" content=\"summary_large_image\" \/>\n<meta name=\"twitter:title\" content=\"Combo de tirolina y rafting en Arenal\" \/>\n<meta name=\"twitter:description\" content=\"Este combo de aventura de tirolina y rafting en aguas bravas est\u00e1 dise\u00f1ado para vivir emociones extremas.\" \/>\n<meta name=\"twitter:image\" content=\"https:\/\/www.staging.waveexpeditions.com\/wp-content\/uploads\/2016\/07\/wave-rafting-combo-canopy-rafting.jpg\" \/>\n<meta name=\"twitter:site\" content=\"@waveexpeditions\" \/>\n<meta name=\"twitter:label1\" content=\"Tiempo de lectura\" \/>\n\t<meta name=\"twitter:data1\" content=\"1 minuto\" \/>\n<script type=\"application\/ld+json\" class=\"yoast-schema-graph\">{\"@context\":\"https:\\\/\\\/schema.org\",\"@graph\":[{\"@type\":\"WebPage\",\"@id\":\"https:\\\/\\\/staging.waveexpeditions.com\\\/es\\\/producto\\\/combo-de-tirolina-y-rafting-en-arenal\\\/\",\"url\":\"https:\\\/\\\/staging.waveexpeditions.com\\\/es\\\/producto\\\/combo-de-tirolina-y-rafting-en-arenal\\\/\",\"name\":\"Combo de tirolina y rafting en Arenal - WAVE Rafting\",\"isPartOf\":{\"@id\":\"https:\\\/\\\/staging.waveexpeditions.com\\\/es\\\/#website\"},\"primaryImageOfPage\":{\"@id\":\"https:\\\/\\\/staging.waveexpeditions.com\\\/es\\\/producto\\\/combo-de-tirolina-y-rafting-en-arenal\\\/#primaryimage\"},\"image\":{\"@id\":\"https:\\\/\\\/staging.waveexpeditions.com\\\/es\\\/producto\\\/combo-de-tirolina-y-rafting-en-arenal\\\/#primaryimage\"},\"thumbnailUrl\":\"https:\\\/\\\/staging.waveexpeditions.com\\\/wp-content\\\/uploads\\\/2025\\\/12\\\/zipline-canopy-wave-la-fortuna-costa-rica-1.webp\",\"datePublished\":\"2016-07-27T15:20:16+00:00\",\"dateModified\":\"2024-03-25T13:00:25+00:00\",\"description\":\"\u00a1Esta combinaci\u00f3n de aventura de tirolesa y rafting en el volc\u00e1n Arenal est\u00e1 dise\u00f1ada para emociones extremas!\",\"breadcrumb\":{\"@id\":\"https:\\\/\\\/staging.waveexpeditions.com\\\/es\\\/producto\\\/combo-de-tirolina-y-rafting-en-arenal\\\/#breadcrumb\"},\"inLanguage\":\"es\",\"potentialAction\":[{\"@type\":\"ReadAction\",\"target\":[\"https:\\\/\\\/staging.waveexpeditions.com\\\/es\\\/producto\\\/combo-de-tirolina-y-rafting-en-arenal\\\/\"]}]},{\"@type\":\"ImageObject\",\"inLanguage\":\"es\",\"@id\":\"https:\\\/\\\/staging.waveexpeditions.com\\\/es\\\/producto\\\/combo-de-tirolina-y-rafting-en-arenal\\\/#primaryimage\",\"url\":\"https:\\\/\\\/staging.waveexpeditions.com\\\/wp-content\\\/uploads\\\/2025\\\/12\\\/zipline-canopy-wave-la-fortuna-costa-rica-1.webp\",\"contentUrl\":\"https:\\\/\\\/staging.waveexpeditions.com\\\/wp-content\\\/uploads\\\/2025\\\/12\\\/zipline-canopy-wave-la-fortuna-costa-rica-1.webp\",\"width\":2048,\"height\":2048,\"caption\":\"Soar through the treetops with Wave\u2019s canopy tour \u2014 the perfect family-friendly thrill in La Fortuna.\"},{\"@type\":\"BreadcrumbList\",\"@id\":\"https:\\\/\\\/staging.waveexpeditions.com\\\/es\\\/producto\\\/combo-de-tirolina-y-rafting-en-arenal\\\/#breadcrumb\",\"itemListElement\":[{\"@type\":\"ListItem\",\"position\":1,\"name\":\"Home\",\"item\":\"https:\\\/\\\/staging.waveexpeditions.com\\\/es\\\/wave-rafting-costa-rica\\\/\"},{\"@type\":\"ListItem\",\"position\":2,\"name\":\"Productos\",\"item\":\"https:\\\/\\\/staging.waveexpeditions.com\\\/es\\\/shop\\\/\"},{\"@type\":\"ListItem\",\"position\":3,\"name\":\"Combo de tirolina y rafting en Arenal\"}]},{\"@type\":\"WebSite\",\"@id\":\"https:\\\/\\\/staging.waveexpeditions.com\\\/es\\\/#website\",\"url\":\"https:\\\/\\\/staging.waveexpeditions.com\\\/es\\\/\",\"name\":\"WAVE Rafting\",\"description\":\"Rafting Costa Rica\",\"publisher\":{\"@id\":\"https:\\\/\\\/staging.waveexpeditions.com\\\/es\\\/#organization\"},\"potentialAction\":[{\"@type\":\"SearchAction\",\"target\":{\"@type\":\"EntryPoint\",\"urlTemplate\":\"https:\\\/\\\/staging.waveexpeditions.com\\\/es\\\/?s={search_term_string}\"},\"query-input\":{\"@type\":\"PropertyValueSpecification\",\"valueRequired\":true,\"valueName\":\"search_term_string\"}}],\"inLanguage\":\"es\"},{\"@type\":\"Organization\",\"@id\":\"https:\\\/\\\/staging.waveexpeditions.com\\\/es\\\/#organization\",\"name\":\"WAVE Rafting\",\"url\":\"https:\\\/\\\/staging.waveexpeditions.com\\\/es\\\/\",\"logo\":{\"@type\":\"ImageObject\",\"inLanguage\":\"es\",\"@id\":\"https:\\\/\\\/staging.waveexpeditions.com\\\/es\\\/#\\\/schema\\\/logo\\\/image\\\/\",\"url\":\"https:\\\/\\\/www.staging.waveexpeditions.com\\\/wp-content\\\/uploads\\\/2016\\\/07\\\/logo_foot.png\",\"contentUrl\":\"https:\\\/\\\/www.staging.waveexpeditions.com\\\/wp-content\\\/uploads\\\/2016\\\/07\\\/logo_foot.png\",\"width\":503,\"height\":172,\"caption\":\"WAVE Rafting\"},\"image\":{\"@id\":\"https:\\\/\\\/staging.waveexpeditions.com\\\/es\\\/#\\\/schema\\\/logo\\\/image\\\/\"},\"sameAs\":[\"https:\\\/\\\/www.facebook.com\\\/waveexp\\\/\",\"https:\\\/\\\/x.com\\\/waveexpeditions\",\"https:\\\/\\\/www.instagram.com\\\/wave.expeditions\\\/\"]}]}<\/script>\n<!-- \/ Yoast SEO plugin. -->","yoast_head_json":{"title":"Combo de tirolina y rafting en Arenal - WAVE Rafting","description":"\u00a1Esta combinaci\u00f3n de aventura de tirolesa y rafting en el volc\u00e1n Arenal est\u00e1 dise\u00f1ada para emociones extremas!","robots":{"index":"noindex","follow":"follow","max-snippet":"max-snippet:-1","max-image-preview":"max-image-preview:large","max-video-preview":"max-video-preview:-1"},"og_locale":"es_ES","og_type":"article","og_title":"Combo de tirolina y rafting en Arenal","og_description":"Este combo de aventura de tirolina y rafting en aguas bravas est\u00e1 dise\u00f1ado para vivir emociones extremas.","og_url":"https:\/\/staging.waveexpeditions.com\/es\/producto\/combo-de-tirolina-y-rafting-en-arenal\/","og_site_name":"WAVE Rafting","article_publisher":"https:\/\/www.facebook.com\/waveexp\/","article_modified_time":"2024-03-25T13:00:25+00:00","og_image":[{"url":"https:\/\/www.staging.waveexpeditions.com\/wp-content\/uploads\/2016\/07\/wave-rafting-combo-canopy-rafting.jpg","type":"","width":"","height":""}],"twitter_card":"summary_large_image","twitter_title":"Combo de tirolina y rafting en Arenal","twitter_description":"Este combo de aventura de tirolina y rafting en aguas bravas est\u00e1 dise\u00f1ado para vivir emociones extremas.","twitter_image":"https:\/\/www.staging.waveexpeditions.com\/wp-content\/uploads\/2016\/07\/wave-rafting-combo-canopy-rafting.jpg","twitter_site":"@waveexpeditions","twitter_misc":{"Tiempo de lectura":"1 minuto"},"schema":{"@context":"https:\/\/schema.org","@graph":[{"@type":"WebPage","@id":"https:\/\/staging.waveexpeditions.com\/es\/producto\/combo-de-tirolina-y-rafting-en-arenal\/","url":"https:\/\/staging.waveexpeditions.com\/es\/producto\/combo-de-tirolina-y-rafting-en-arenal\/","name":"Combo de tirolina y rafting en Arenal - WAVE Rafting","isPartOf":{"@id":"https:\/\/staging.waveexpeditions.com\/es\/#website"},"primaryImageOfPage":{"@id":"https:\/\/staging.waveexpeditions.com\/es\/producto\/combo-de-tirolina-y-rafting-en-arenal\/#primaryimage"},"image":{"@id":"https:\/\/staging.waveexpeditions.com\/es\/producto\/combo-de-tirolina-y-rafting-en-arenal\/#primaryimage"},"thumbnailUrl":"https:\/\/staging.waveexpeditions.com\/wp-content\/uploads\/2025\/12\/zipline-canopy-wave-la-fortuna-costa-rica-1.webp","datePublished":"2016-07-27T15:20:16+00:00","dateModified":"2024-03-25T13:00:25+00:00","description":"\u00a1Esta combinaci\u00f3n de aventura de tirolesa y rafting en el volc\u00e1n Arenal est\u00e1 dise\u00f1ada para emociones extremas!","breadcrumb":{"@id":"https:\/\/staging.waveexpeditions.com\/es\/producto\/combo-de-tirolina-y-rafting-en-arenal\/#breadcrumb"},"inLanguage":"es","potentialAction":[{"@type":"ReadAction","target":["https:\/\/staging.waveexpeditions.com\/es\/producto\/combo-de-tirolina-y-rafting-en-arenal\/"]}]},{"@type":"ImageObject","inLanguage":"es","@id":"https:\/\/staging.waveexpeditions.com\/es\/producto\/combo-de-tirolina-y-rafting-en-arenal\/#primaryimage","url":"https:\/\/staging.waveexpeditions.com\/wp-content\/uploads\/2025\/12\/zipline-canopy-wave-la-fortuna-costa-rica-1.webp","contentUrl":"https:\/\/staging.waveexpeditions.com\/wp-content\/uploads\/2025\/12\/zipline-canopy-wave-la-fortuna-costa-rica-1.webp","width":2048,"height":2048,"caption":"Soar through the treetops with Wave\u2019s canopy tour \u2014 the perfect family-friendly thrill in La Fortuna."},{"@type":"BreadcrumbList","@id":"https:\/\/staging.waveexpeditions.com\/es\/producto\/combo-de-tirolina-y-rafting-en-arenal\/#breadcrumb","itemListElement":[{"@type":"ListItem","position":1,"name":"Home","item":"https:\/\/staging.waveexpeditions.com\/es\/wave-rafting-costa-rica\/"},{"@type":"ListItem","position":2,"name":"Productos","item":"https:\/\/staging.waveexpeditions.com\/es\/shop\/"},{"@type":"ListItem","position":3,"name":"Combo de tirolina y rafting en Arenal"}]},{"@type":"WebSite","@id":"https:\/\/staging.waveexpeditions.com\/es\/#website","url":"https:\/\/staging.waveexpeditions.com\/es\/","name":"WAVE Rafting","description":"Rafting Costa Rica","publisher":{"@id":"https:\/\/staging.waveexpeditions.com\/es\/#organization"},"potentialAction":[{"@type":"SearchAction","target":{"@type":"EntryPoint","urlTemplate":"https:\/\/staging.waveexpeditions.com\/es\/?s={search_term_string}"},"query-input":{"@type":"PropertyValueSpecification","valueRequired":true,"valueName":"search_term_string"}}],"inLanguage":"es"},{"@type":"Organization","@id":"https:\/\/staging.waveexpeditions.com\/es\/#organization","name":"WAVE Rafting","url":"https:\/\/staging.waveexpeditions.com\/es\/","logo":{"@type":"ImageObject","inLanguage":"es","@id":"https:\/\/staging.waveexpeditions.com\/es\/#\/schema\/logo\/image\/","url":"https:\/\/www.staging.waveexpeditions.com\/wp-content\/uploads\/2016\/07\/logo_foot.png","contentUrl":"https:\/\/www.staging.waveexpeditions.com\/wp-content\/uploads\/2016\/07\/logo_foot.png","width":503,"height":172,"caption":"WAVE Rafting"},"image":{"@id":"https:\/\/staging.waveexpeditions.com\/es\/#\/schema\/logo\/image\/"},"sameAs":["https:\/\/www.facebook.com\/waveexp\/","https:\/\/x.com\/waveexpeditions","https:\/\/www.instagram.com\/wave.expeditions\/"]}]}},"_links":{"self":[{"href":"https:\/\/staging.waveexpeditions.com\/es\/wp-json\/wp\/v2\/product\/47432","targetHints":{"allow":["GET"]}}],"collection":[{"href":"https:\/\/staging.waveexpeditions.com\/es\/wp-json\/wp\/v2\/product"}],"about":[{"href":"https:\/\/staging.waveexpeditions.com\/es\/wp-json\/wp\/v2\/types\/product"}],"wp:featuredmedia":[{"embeddable":true,"href":"https:\/\/staging.waveexpeditions.com\/es\/wp-json\/wp\/v2\/media\/55438"}],"wp:attachment":[{"href":"https:\/\/staging.waveexpeditions.com\/es\/wp-json\/wp\/v2\/media?parent=47432"}],"wp:term":[{"taxonomy":"product_brand","embeddable":true,"href":"https:\/\/staging.waveexpeditions.com\/es\/wp-json\/wp\/v2\/product_brand?post=47432"},{"taxonomy":"product_cat","embeddable":true,"href":"https:\/\/staging.waveexpeditions.com\/es\/wp-json\/wp\/v2\/product_cat?post=47432"},{"taxonomy":"product_tag","embeddable":true,"href":"https:\/\/staging.waveexpeditions.com\/es\/wp-json\/wp\/v2\/product_tag?post=47432"}],"curies":[{"name":"wp","href":"https:\/\/api.w.org\/{rel}","templated":true}]}}