{"id":47434,"date":"2016-08-11T16:17:31","date_gmt":"2016-08-11T22:17:31","guid":{"rendered":"https:\/\/www.waveexpeditions.com\/staging-wave-2-0\/product\/combo-de-rafting-y-aventura-en-atv-en-arenal\/"},"modified":"2024-02-22T10:13:09","modified_gmt":"2024-02-22T16:13:09","slug":"combo-de-rafting-y-aventura-en-atv-en-arenal","status":"publish","type":"product","link":"https:\/\/staging.waveexpeditions.com\/es\/producto\/combo-de-rafting-y-aventura-en-atv-en-arenal\/","title":{"rendered":"Combo de Rafting y Aventura en ATV en Arenal"},"content":{"rendered":"<p>Obt\u00e9n el mejor Tour de Aventura en Costa Rica. Comienza tu d\u00eda con fuerza con nuestra combinaci\u00f3n de aventuras de Rafting y ATV en Arenal. Por la ma\u00f1ana, pasaremos a recogerte en tu hotel para tu aventura en ATV. Despu\u00e9s de las instrucciones de seguridad y un poco de pr\u00e1ctica, pronto estar\u00e1s listo para partir. Experimentar\u00e1s la belleza de las paredes del ca\u00f1\u00f3n en tu tour matutino en cuatrimoto ATV. Disfruta de impresionantes vistas del Volc\u00e1n Arenal mientras pasas por plantaciones tropicales de pl\u00e1tano, papaya, yuca, aguacate, adem\u00e1s de \u00e1rboles de pimienta negra y frutales.<\/p>\n<p>La siguiente parada; Rafting en el r\u00edo Balsa. Tu gu\u00eda de rafting te ense\u00f1ar\u00e1 todo lo que necesitas saber y te dar\u00e1 un tiempo para demostrar tus habilidades antes de embarcarte en un emocionante tour de rafting de dos horas, que serpentea a trav\u00e9s del coraz\u00f3n de la selva tropical. Conocido por sus divertidos y emocionantes r\u00e1pidos de agua blanca, incluyendo &#8220;Roca Magn\u00e9tica&#8221; y &#8220;Dragas&#8221;, el R\u00edo Balsa es uno de los mejores de la zona. \u00a1No olvides disfrutar de la belleza natural entre r\u00e1pidos! Tal vez puedas ver un mono o un perezoso en el camino.<\/p>\n<p>Tu gu\u00eda se detendr\u00e1 en el camino para que puedas saltar desde las orillas o darte un ba\u00f1o. Preparar\u00e1n frutas tropicales frescas y te ofrecer\u00e1n una refrescante bebida helada. Al final del tour, te deleitar\u00e1n con un merecido almuerzo costarricense.<\/p>\n","protected":false},"excerpt":{"rendered":"<p>Empiece el d\u00eda por todo lo alto con nuestro Combo de Rafting y Aventura en ATV en Arenal.<\/p>\n","protected":false},"featured_media":55728,"template":"","meta":{"_acf_changed":false,"_crdt_document":"","_monsterinsights_skip_tracking":false,"_monsterinsights_sitenote_active":false,"_monsterinsights_sitenote_note":"","_monsterinsights_sitenote_category":0,"_joinchat":[]},"product_brand":[],"product_cat":[446,444],"product_tag":[333],"class_list":{"0":"post-47434","1":"product","2":"type-product","3":"status-publish","4":"has-post-thumbnail","6":"product_cat-combos-de-aventura","7":"product_cat-tours-es","8":"product_tag-la-fortuna-es","10":"first","11":"instock","12":"virtual","13":"sold-individually","14":"taxable","15":"purchasable","16":"product-type-booking"},"booking_location":"","booking_location_type":"","booking_duration":1,"booking_duration_unit":"day","booking_buffer":0,"booking_cost":0,"booking_resources":[],"exclude_global_add_ons":false,"addons":[{"name":"\u00bfTiene carn\u00e9 de conducir?","type":"multiple_choice","position":0,"required":true,"title_format":"label","default":"","description_enable":true,"description":"Se requiere permiso de conducir para hacer el recorrido","placeholder_enable":false,"placeholder":"","display":"select","restrictions_type":"any_text","adjust_price":false,"price":"","price_type":"flat_fee","restrictions":false,"min":"0","max":"0","options":[{"label":"S\u00ed","price":"","price_type":"flat_fee","image":0,"visibility":true},{"label":"No","price":"","price_type":"flat_fee","image":0,"visibility":true}],"id":1708596790},{"name":"Can\u2019t find the date or time you want?","type":"heading","position":0,"required":false,"title_format":"heading","default":"","description_enable":true,"description":"No worries, we can help! <a style=\"color:#00ad67\" href=\"https:\/\/wa.me\/+50624797262\" target=\"_blank\">WhatsApp Us<\/a> or <a style=\"color:#0a5ca7\" href=\"mailto:info@waveexpeditions.com\" target=\"_blank\">Email US<\/a>","placeholder_enable":false,"placeholder":"","display":"select","restrictions_type":"any_text","adjust_price":false,"price":"","price_type":"flat_fee","restrictions":false,"min":"0","max":"0","options":[],"id":1740565927},{"name":"Pick Up Place- La Fortuna Hotels","type":"custom_text","position":0,"required":true,"title_format":"heading","default":"","description_enable":true,"description":"Please write the name of your Hotel.\r\nHotels outside of the regular route may have an extra charge.","placeholder_enable":false,"placeholder":"","display":"select","restrictions_type":"only_letters","adjust_price":false,"price":"","price_type":"flat_fee","restrictions":false,"min":"0","max":"0","options":[],"id":1689060866},{"name":"Drop Off - Next destination Hotel","type":"custom_text","position":1,"required":true,"title_format":"heading","default":"","description_enable":true,"description":"Please write the name of your Hotel. \r\nHotels outside of the regular route may have an extra charge.","placeholder_enable":false,"placeholder":"","display":"select","restrictions_type":"only_letters","adjust_price":false,"price":"","price_type":"flat_fee","restrictions":false,"min":"0","max":"0","options":[],"id":1689060867},{"name":"PICK UP LOCATION","type":"multiple_choice","position":0,"required":true,"title_format":"heading","default":"","description_enable":false,"description":"","placeholder_enable":false,"placeholder":"","display":"select","restrictions_type":"any_text","adjust_price":false,"price":"","price_type":"flat_fee","restrictions":false,"min":"0","max":"0","options":[{"label":"Arenal Hotels","price":"","price_type":"quantity_based","image":0,"visibility":true},{"label":"Manuel Antonio Hotels","price":"","price_type":"quantity_based","image":0,"visibility":true}],"id":1689066623},{"name":"DROP OFF LOCATION","type":"multiple_choice","position":0,"required":true,"title_format":"heading","default":"","description_enable":false,"description":"","placeholder_enable":false,"placeholder":"","display":"select","restrictions_type":"any_text","adjust_price":false,"price":"","price_type":"","restrictions":false,"min":"0","max":"0","options":[{"label":"Arenal Hotels","price":"","price_type":"quantity_based","image":0,"visibility":true},{"label":"San Jose Hotels","price":"","price_type":"quantity_based","image":0,"visibility":true}]},{"name":"Please provide hotel drop off name","type":"heading","position":0,"required":false,"title_format":"label","default":"","description_enable":true,"description":"Some hotels may be are out of our normal drop off range. If your hotel is out of our drop off route, additional charges may apply.","placeholder_enable":false,"placeholder":"","display":"select","restrictions_type":"any_text","adjust_price":false,"price":"","price_type":"","restrictions":false,"min":"0","max":"0","options":[]},{"name":"Please provide hotel drop off name","type":"custom_text","position":0,"required":true,"title_format":"hide","default":"","description_enable":false,"description":"","placeholder_enable":false,"placeholder":"","display":"select","restrictions_type":"any_text","adjust_price":false,"price":"","price_type":"quantity_based","restrictions":true,"min":"","max":"30","options":[]},{"name":"Please provide hotel pick up name","type":"heading","position":0,"required":false,"title_format":"label","default":"","description_enable":true,"description":"Some hotels may be are out of our normal pick up range. If your hotel is out of our pick up route, additional charges may apply.","placeholder_enable":false,"placeholder":"","display":"select","restrictions_type":"any_text","adjust_price":false,"price":"","price_type":"","restrictions":false,"min":"0","max":"0","options":[]},{"name":"Please provide hotel pick up name","type":"custom_text","position":0,"required":true,"title_format":"hide","default":"","description_enable":false,"description":"","placeholder_enable":false,"placeholder":"","display":"select","restrictions_type":"any_text","adjust_price":false,"price":"","price_type":"quantity_based","restrictions":true,"min":"","max":"30","options":[]},{"name":"Rent a GoPro","type":"multiple_choice","position":0,"required":false,"title_format":"label","default":"","description_enable":true,"description":"Only available for the Rafting Tour","placeholder_enable":false,"placeholder":"","display":"select","restrictions_type":"any_text","adjust_price":true,"price":"30","price_type":"flat_fee","restrictions":true,"min":"0","max":"5","options":[{"label":"1","price":"30","price_type":"flat_fee","image":0,"visibility":true},{"label":"2","price":"60","price_type":"flat_fee","image":0,"visibility":true},{"label":"3","price":"90","price_type":"flat_fee","image":0,"visibility":true},{"label":"4","price":"120","price_type":"flat_fee","image":0,"visibility":true},{"label":"5","price":"150","price_type":"flat_fee","image":0,"visibility":true}],"id":1739958656}],"acf":[],"yoast_head":"<!-- This site is optimized with the Yoast SEO plugin v27.5 - https:\/\/yoast.com\/product\/yoast-seo-wordpress\/ -->\n<title>Combo de Rafting y Aventura en ATV en Arenal - WAVE Rafting<\/title>\n<meta name=\"description\" content=\"Empiece el d\u00eda por todo lo alto con nuestro Combo de Rafting y Aventura en ATV en Arenal. Experimentar\u00e1 la belleza de la selva tropical cerca del Volc\u00e1n Arenal.\" \/>\n<meta name=\"robots\" content=\"noindex, follow, max-snippet:-1, max-image-preview:large, max-video-preview:-1\" \/>\n<meta property=\"og:locale\" content=\"es_ES\" \/>\n<meta property=\"og:type\" content=\"article\" \/>\n<meta property=\"og:title\" content=\"Combo de Rafting y Aventura en ATV en Arenal - WAVE Rafting\" \/>\n<meta property=\"og:description\" content=\"Empiece el d\u00eda por todo lo alto con nuestro Combo de Rafting y Aventura en ATV en Arenal. Experimentar\u00e1 la belleza de la selva tropical cerca del Volc\u00e1n Arenal.\" \/>\n<meta property=\"og:url\" content=\"https:\/\/staging.waveexpeditions.com\/es\/producto\/combo-de-rafting-y-aventura-en-atv-en-arenal\/\" \/>\n<meta property=\"og:site_name\" content=\"WAVE Rafting\" \/>\n<meta property=\"article:publisher\" content=\"https:\/\/www.facebook.com\/waveexp\/\" \/>\n<meta property=\"article:modified_time\" content=\"2024-02-22T16:13:09+00:00\" \/>\n<meta property=\"og:image\" content=\"https:\/\/staging.waveexpeditions.com\/wp-content\/uploads\/2026\/01\/atv-tour-selfie-lafortuna.webp\" \/>\n\t<meta property=\"og:image:width\" content=\"2048\" \/>\n\t<meta property=\"og:image:height\" content=\"2048\" \/>\n\t<meta property=\"og:image:type\" content=\"image\/webp\" \/>\n<meta name=\"twitter:card\" content=\"summary_large_image\" \/>\n<meta name=\"twitter:site\" content=\"@waveexpeditions\" \/>\n<meta name=\"twitter:label1\" content=\"Tiempo de lectura\" \/>\n\t<meta name=\"twitter:data1\" content=\"2 minutos\" \/>\n<script type=\"application\/ld+json\" class=\"yoast-schema-graph\">{\"@context\":\"https:\\\/\\\/schema.org\",\"@graph\":[{\"@type\":\"WebPage\",\"@id\":\"https:\\\/\\\/staging.waveexpeditions.com\\\/es\\\/producto\\\/combo-de-rafting-y-aventura-en-atv-en-arenal\\\/\",\"url\":\"https:\\\/\\\/staging.waveexpeditions.com\\\/es\\\/producto\\\/combo-de-rafting-y-aventura-en-atv-en-arenal\\\/\",\"name\":\"Combo de Rafting y Aventura en ATV en Arenal - WAVE Rafting\",\"isPartOf\":{\"@id\":\"https:\\\/\\\/staging.waveexpeditions.com\\\/es\\\/#website\"},\"primaryImageOfPage\":{\"@id\":\"https:\\\/\\\/staging.waveexpeditions.com\\\/es\\\/producto\\\/combo-de-rafting-y-aventura-en-atv-en-arenal\\\/#primaryimage\"},\"image\":{\"@id\":\"https:\\\/\\\/staging.waveexpeditions.com\\\/es\\\/producto\\\/combo-de-rafting-y-aventura-en-atv-en-arenal\\\/#primaryimage\"},\"thumbnailUrl\":\"https:\\\/\\\/staging.waveexpeditions.com\\\/wp-content\\\/uploads\\\/2026\\\/01\\\/atv-tour-selfie-lafortuna.webp\",\"datePublished\":\"2016-08-11T22:17:31+00:00\",\"dateModified\":\"2024-02-22T16:13:09+00:00\",\"description\":\"Empiece el d\u00eda por todo lo alto con nuestro Combo de Rafting y Aventura en ATV en Arenal. Experimentar\u00e1 la belleza de la selva tropical cerca del Volc\u00e1n Arenal.\",\"breadcrumb\":{\"@id\":\"https:\\\/\\\/staging.waveexpeditions.com\\\/es\\\/producto\\\/combo-de-rafting-y-aventura-en-atv-en-arenal\\\/#breadcrumb\"},\"inLanguage\":\"es\",\"potentialAction\":[{\"@type\":\"ReadAction\",\"target\":[\"https:\\\/\\\/staging.waveexpeditions.com\\\/es\\\/producto\\\/combo-de-rafting-y-aventura-en-atv-en-arenal\\\/\"]}]},{\"@type\":\"ImageObject\",\"inLanguage\":\"es\",\"@id\":\"https:\\\/\\\/staging.waveexpeditions.com\\\/es\\\/producto\\\/combo-de-rafting-y-aventura-en-atv-en-arenal\\\/#primaryimage\",\"url\":\"https:\\\/\\\/staging.waveexpeditions.com\\\/wp-content\\\/uploads\\\/2026\\\/01\\\/atv-tour-selfie-lafortuna.webp\",\"contentUrl\":\"https:\\\/\\\/staging.waveexpeditions.com\\\/wp-content\\\/uploads\\\/2026\\\/01\\\/atv-tour-selfie-lafortuna.webp\",\"width\":2048,\"height\":2048,\"caption\":\": Real smiles, real mud, and real Costa Rica \u2014 your next adventure starts here.\"},{\"@type\":\"BreadcrumbList\",\"@id\":\"https:\\\/\\\/staging.waveexpeditions.com\\\/es\\\/producto\\\/combo-de-rafting-y-aventura-en-atv-en-arenal\\\/#breadcrumb\",\"itemListElement\":[{\"@type\":\"ListItem\",\"position\":1,\"name\":\"Home\",\"item\":\"https:\\\/\\\/staging.waveexpeditions.com\\\/es\\\/wave-rafting-costa-rica\\\/\"},{\"@type\":\"ListItem\",\"position\":2,\"name\":\"Productos\",\"item\":\"https:\\\/\\\/staging.waveexpeditions.com\\\/es\\\/shop\\\/\"},{\"@type\":\"ListItem\",\"position\":3,\"name\":\"Combo de Rafting y Aventura en ATV en Arenal\"}]},{\"@type\":\"WebSite\",\"@id\":\"https:\\\/\\\/staging.waveexpeditions.com\\\/es\\\/#website\",\"url\":\"https:\\\/\\\/staging.waveexpeditions.com\\\/es\\\/\",\"name\":\"WAVE Rafting\",\"description\":\"Rafting Costa Rica\",\"publisher\":{\"@id\":\"https:\\\/\\\/staging.waveexpeditions.com\\\/es\\\/#organization\"},\"potentialAction\":[{\"@type\":\"SearchAction\",\"target\":{\"@type\":\"EntryPoint\",\"urlTemplate\":\"https:\\\/\\\/staging.waveexpeditions.com\\\/es\\\/?s={search_term_string}\"},\"query-input\":{\"@type\":\"PropertyValueSpecification\",\"valueRequired\":true,\"valueName\":\"search_term_string\"}}],\"inLanguage\":\"es\"},{\"@type\":\"Organization\",\"@id\":\"https:\\\/\\\/staging.waveexpeditions.com\\\/es\\\/#organization\",\"name\":\"WAVE Rafting\",\"url\":\"https:\\\/\\\/staging.waveexpeditions.com\\\/es\\\/\",\"logo\":{\"@type\":\"ImageObject\",\"inLanguage\":\"es\",\"@id\":\"https:\\\/\\\/staging.waveexpeditions.com\\\/es\\\/#\\\/schema\\\/logo\\\/image\\\/\",\"url\":\"https:\\\/\\\/www.staging.waveexpeditions.com\\\/wp-content\\\/uploads\\\/2016\\\/07\\\/logo_foot.png\",\"contentUrl\":\"https:\\\/\\\/www.staging.waveexpeditions.com\\\/wp-content\\\/uploads\\\/2016\\\/07\\\/logo_foot.png\",\"width\":503,\"height\":172,\"caption\":\"WAVE Rafting\"},\"image\":{\"@id\":\"https:\\\/\\\/staging.waveexpeditions.com\\\/es\\\/#\\\/schema\\\/logo\\\/image\\\/\"},\"sameAs\":[\"https:\\\/\\\/www.facebook.com\\\/waveexp\\\/\",\"https:\\\/\\\/x.com\\\/waveexpeditions\",\"https:\\\/\\\/www.instagram.com\\\/wave.expeditions\\\/\"]}]}<\/script>\n<!-- \/ Yoast SEO plugin. -->","yoast_head_json":{"title":"Combo de Rafting y Aventura en ATV en Arenal - WAVE Rafting","description":"Empiece el d\u00eda por todo lo alto con nuestro Combo de Rafting y Aventura en ATV en Arenal. Experimentar\u00e1 la belleza de la selva tropical cerca del Volc\u00e1n Arenal.","robots":{"index":"noindex","follow":"follow","max-snippet":"max-snippet:-1","max-image-preview":"max-image-preview:large","max-video-preview":"max-video-preview:-1"},"og_locale":"es_ES","og_type":"article","og_title":"Combo de Rafting y Aventura en ATV en Arenal - WAVE Rafting","og_description":"Empiece el d\u00eda por todo lo alto con nuestro Combo de Rafting y Aventura en ATV en Arenal. Experimentar\u00e1 la belleza de la selva tropical cerca del Volc\u00e1n Arenal.","og_url":"https:\/\/staging.waveexpeditions.com\/es\/producto\/combo-de-rafting-y-aventura-en-atv-en-arenal\/","og_site_name":"WAVE Rafting","article_publisher":"https:\/\/www.facebook.com\/waveexp\/","article_modified_time":"2024-02-22T16:13:09+00:00","og_image":[{"width":2048,"height":2048,"url":"https:\/\/staging.waveexpeditions.com\/wp-content\/uploads\/2026\/01\/atv-tour-selfie-lafortuna.webp","type":"image\/webp"}],"twitter_card":"summary_large_image","twitter_site":"@waveexpeditions","twitter_misc":{"Tiempo de lectura":"2 minutos"},"schema":{"@context":"https:\/\/schema.org","@graph":[{"@type":"WebPage","@id":"https:\/\/staging.waveexpeditions.com\/es\/producto\/combo-de-rafting-y-aventura-en-atv-en-arenal\/","url":"https:\/\/staging.waveexpeditions.com\/es\/producto\/combo-de-rafting-y-aventura-en-atv-en-arenal\/","name":"Combo de Rafting y Aventura en ATV en Arenal - WAVE Rafting","isPartOf":{"@id":"https:\/\/staging.waveexpeditions.com\/es\/#website"},"primaryImageOfPage":{"@id":"https:\/\/staging.waveexpeditions.com\/es\/producto\/combo-de-rafting-y-aventura-en-atv-en-arenal\/#primaryimage"},"image":{"@id":"https:\/\/staging.waveexpeditions.com\/es\/producto\/combo-de-rafting-y-aventura-en-atv-en-arenal\/#primaryimage"},"thumbnailUrl":"https:\/\/staging.waveexpeditions.com\/wp-content\/uploads\/2026\/01\/atv-tour-selfie-lafortuna.webp","datePublished":"2016-08-11T22:17:31+00:00","dateModified":"2024-02-22T16:13:09+00:00","description":"Empiece el d\u00eda por todo lo alto con nuestro Combo de Rafting y Aventura en ATV en Arenal. Experimentar\u00e1 la belleza de la selva tropical cerca del Volc\u00e1n Arenal.","breadcrumb":{"@id":"https:\/\/staging.waveexpeditions.com\/es\/producto\/combo-de-rafting-y-aventura-en-atv-en-arenal\/#breadcrumb"},"inLanguage":"es","potentialAction":[{"@type":"ReadAction","target":["https:\/\/staging.waveexpeditions.com\/es\/producto\/combo-de-rafting-y-aventura-en-atv-en-arenal\/"]}]},{"@type":"ImageObject","inLanguage":"es","@id":"https:\/\/staging.waveexpeditions.com\/es\/producto\/combo-de-rafting-y-aventura-en-atv-en-arenal\/#primaryimage","url":"https:\/\/staging.waveexpeditions.com\/wp-content\/uploads\/2026\/01\/atv-tour-selfie-lafortuna.webp","contentUrl":"https:\/\/staging.waveexpeditions.com\/wp-content\/uploads\/2026\/01\/atv-tour-selfie-lafortuna.webp","width":2048,"height":2048,"caption":": Real smiles, real mud, and real Costa Rica \u2014 your next adventure starts here."},{"@type":"BreadcrumbList","@id":"https:\/\/staging.waveexpeditions.com\/es\/producto\/combo-de-rafting-y-aventura-en-atv-en-arenal\/#breadcrumb","itemListElement":[{"@type":"ListItem","position":1,"name":"Home","item":"https:\/\/staging.waveexpeditions.com\/es\/wave-rafting-costa-rica\/"},{"@type":"ListItem","position":2,"name":"Productos","item":"https:\/\/staging.waveexpeditions.com\/es\/shop\/"},{"@type":"ListItem","position":3,"name":"Combo de Rafting y Aventura en ATV en Arenal"}]},{"@type":"WebSite","@id":"https:\/\/staging.waveexpeditions.com\/es\/#website","url":"https:\/\/staging.waveexpeditions.com\/es\/","name":"WAVE Rafting","description":"Rafting Costa Rica","publisher":{"@id":"https:\/\/staging.waveexpeditions.com\/es\/#organization"},"potentialAction":[{"@type":"SearchAction","target":{"@type":"EntryPoint","urlTemplate":"https:\/\/staging.waveexpeditions.com\/es\/?s={search_term_string}"},"query-input":{"@type":"PropertyValueSpecification","valueRequired":true,"valueName":"search_term_string"}}],"inLanguage":"es"},{"@type":"Organization","@id":"https:\/\/staging.waveexpeditions.com\/es\/#organization","name":"WAVE Rafting","url":"https:\/\/staging.waveexpeditions.com\/es\/","logo":{"@type":"ImageObject","inLanguage":"es","@id":"https:\/\/staging.waveexpeditions.com\/es\/#\/schema\/logo\/image\/","url":"https:\/\/www.staging.waveexpeditions.com\/wp-content\/uploads\/2016\/07\/logo_foot.png","contentUrl":"https:\/\/www.staging.waveexpeditions.com\/wp-content\/uploads\/2016\/07\/logo_foot.png","width":503,"height":172,"caption":"WAVE Rafting"},"image":{"@id":"https:\/\/staging.waveexpeditions.com\/es\/#\/schema\/logo\/image\/"},"sameAs":["https:\/\/www.facebook.com\/waveexp\/","https:\/\/x.com\/waveexpeditions","https:\/\/www.instagram.com\/wave.expeditions\/"]}]}},"_links":{"self":[{"href":"https:\/\/staging.waveexpeditions.com\/es\/wp-json\/wp\/v2\/product\/47434","targetHints":{"allow":["GET"]}}],"collection":[{"href":"https:\/\/staging.waveexpeditions.com\/es\/wp-json\/wp\/v2\/product"}],"about":[{"href":"https:\/\/staging.waveexpeditions.com\/es\/wp-json\/wp\/v2\/types\/product"}],"wp:featuredmedia":[{"embeddable":true,"href":"https:\/\/staging.waveexpeditions.com\/es\/wp-json\/wp\/v2\/media\/55728"}],"wp:attachment":[{"href":"https:\/\/staging.waveexpeditions.com\/es\/wp-json\/wp\/v2\/media?parent=47434"}],"wp:term":[{"taxonomy":"product_brand","embeddable":true,"href":"https:\/\/staging.waveexpeditions.com\/es\/wp-json\/wp\/v2\/product_brand?post=47434"},{"taxonomy":"product_cat","embeddable":true,"href":"https:\/\/staging.waveexpeditions.com\/es\/wp-json\/wp\/v2\/product_cat?post=47434"},{"taxonomy":"product_tag","embeddable":true,"href":"https:\/\/staging.waveexpeditions.com\/es\/wp-json\/wp\/v2\/product_tag?post=47434"}],"curies":[{"name":"wp","href":"https:\/\/api.w.org\/{rel}","templated":true}]}}