{"id":47436,"date":"2015-01-01T14:36:35","date_gmt":"2015-01-01T20:36:35","guid":{"rendered":"https:\/\/www.waveexpeditions.com\/staging-wave-2-0\/product\/flotador-safari-nocturno\/"},"modified":"2024-09-09T09:20:39","modified_gmt":"2024-09-09T15:20:39","slug":"flotador-safari-nocturno","status":"publish","type":"product","link":"https:\/\/staging.waveexpeditions.com\/es\/producto\/flotador-safari-nocturno\/","title":{"rendered":"Safari Nocturno en Balsa"},"content":{"rendered":"<p>El Safari Nocturno de Pe\u00f1as Blancas es el lugar perfecto para escuchar los sonidos de la vida salvaje en familia o con amigos. Movi\u00e9ndonos despacio y en silencio intentando no perturbar el ambiente nocturno para mejorar nuestras posibilidades de ver la abundante vida que habita este r\u00edo. El murci\u00e9lago de hocico largo, monos, caimanes, iguanas, aves y b\u00fahos residen en las orillas del r\u00edo Pe\u00f1as Blancas, y a los amantes de la naturaleza de todas las edades les encantar\u00e1 esta excursi\u00f3n.<\/p>\n<p>Tras un corto trayecto en coche desde La Fortuna hasta el embarcadero del r\u00edo, su gu\u00eda le llevar\u00e1 en una balsa durante de dos horas por el Pe\u00f1as Blancas, compartiendo sus conocimientos y cont\u00e1ndole la historia de la zona. Pasar\u00e1 por granjas familiares a lo largo del camino, y al final del recorrido se detendr\u00e1 en una donde una familia local compartir\u00e1 con usted caf\u00e9, pan, pl\u00e1tanos, queso u otros platos locales.<\/p>\n<p>Tras regresar al muelle, su ch\u00f3fer le llevar\u00e1 de vuelta a su hotel de la zona de La Fortuna.<\/p>\n","protected":false},"excerpt":{"rendered":"<p>Disfrute de las vistas y los sonidos de la vida salvaje de Costa Rica en un tranquilo viaje en balsa por el r\u00edo Pe\u00f1as Blancas. Descubra la tranquilidad de la selva y el sonido del entorno tropical.<\/p>\n","protected":false},"featured_media":52418,"template":"","meta":{"_acf_changed":false,"_crdt_document":"","_monsterinsights_skip_tracking":false,"_monsterinsights_sitenote_active":false,"_monsterinsights_sitenote_note":"","_monsterinsights_sitenote_category":0,"_joinchat":[]},"product_brand":[],"product_cat":[444,454],"product_tag":[333],"class_list":{"0":"post-47436","1":"product","2":"type-product","3":"status-publish","4":"has-post-thumbnail","6":"product_cat-tours-es","7":"product_cat-tours-de-naturaleza-la-fortuna-costa-rica","8":"product_tag-la-fortuna-es","10":"first","11":"instock","12":"sold-individually","13":"taxable","14":"shipping-taxable","15":"purchasable","16":"product-type-booking"},"booking_location":"","booking_location_type":"","booking_duration":1,"booking_duration_unit":"day","booking_buffer":0,"booking_cost":0,"booking_resources":[],"exclude_global_add_ons":false,"addons":[{"name":"Can\u2019t find the date or time you want?","type":"heading","position":0,"required":false,"title_format":"heading","default":"","description_enable":true,"description":"No worries, we can help! <a style=\"color:#00ad67\" href=\"https:\/\/wa.me\/+50624797262\" target=\"_blank\">WhatsApp Us<\/a> or <a style=\"color:#0a5ca7\" href=\"mailto:info@waveexpeditions.com\" target=\"_blank\">Email US<\/a>","placeholder_enable":false,"placeholder":"","display":"select","restrictions_type":"any_text","adjust_price":false,"price":"","price_type":"flat_fee","restrictions":false,"min":"0","max":"0","options":[],"id":1740565927},{"name":"Pick Up Place- La Fortuna Hotels","type":"custom_text","position":0,"required":true,"title_format":"heading","default":"","description_enable":true,"description":"Please write the name of your Hotel.\r\nHotels outside of the regular route may have an extra charge.","placeholder_enable":false,"placeholder":"","display":"select","restrictions_type":"only_letters","adjust_price":false,"price":"","price_type":"flat_fee","restrictions":false,"min":"0","max":"0","options":[],"id":1689060866},{"name":"Drop Off - Next destination Hotel","type":"custom_text","position":1,"required":true,"title_format":"heading","default":"","description_enable":true,"description":"Please write the name of your Hotel. \r\nHotels outside of the regular route may have an extra charge.","placeholder_enable":false,"placeholder":"","display":"select","restrictions_type":"only_letters","adjust_price":false,"price":"","price_type":"flat_fee","restrictions":false,"min":"0","max":"0","options":[],"id":1689060867},{"name":"PICK UP LOCATION","type":"multiple_choice","position":0,"required":true,"title_format":"heading","default":"","description_enable":false,"description":"","placeholder_enable":false,"placeholder":"","display":"select","restrictions_type":"any_text","adjust_price":false,"price":"","price_type":"flat_fee","restrictions":false,"min":"0","max":"0","options":[{"label":"Arenal Hotels","price":"","price_type":"quantity_based","image":0,"visibility":true},{"label":"Manuel Antonio Hotels","price":"","price_type":"quantity_based","image":0,"visibility":true}],"id":1689066623},{"name":"DROP OFF LOCATION","type":"multiple_choice","position":0,"required":true,"title_format":"heading","default":"","description_enable":false,"description":"","placeholder_enable":false,"placeholder":"","display":"select","restrictions_type":"any_text","adjust_price":false,"price":"","price_type":"","restrictions":false,"min":"0","max":"0","options":[{"label":"Arenal Hotels","price":"","price_type":"quantity_based","image":0,"visibility":true},{"label":"San Jose Hotels","price":"","price_type":"quantity_based","image":0,"visibility":true}]},{"name":"Please provide hotel drop off name","type":"heading","position":0,"required":false,"title_format":"label","default":"","description_enable":true,"description":"Some hotels may be are out of our normal drop off range. If your hotel is out of our drop off route, additional charges may apply.","placeholder_enable":false,"placeholder":"","display":"select","restrictions_type":"any_text","adjust_price":false,"price":"","price_type":"","restrictions":false,"min":"0","max":"0","options":[]},{"name":"Please provide hotel drop off name","type":"custom_text","position":0,"required":true,"title_format":"hide","default":"","description_enable":false,"description":"","placeholder_enable":false,"placeholder":"","display":"select","restrictions_type":"any_text","adjust_price":false,"price":"","price_type":"quantity_based","restrictions":true,"min":"","max":"30","options":[]},{"name":"Please provide hotel pick up name","type":"heading","position":0,"required":false,"title_format":"label","default":"","description_enable":true,"description":"Some hotels may be are out of our normal pick up range. If your hotel is out of our pick up route, additional charges may apply.","placeholder_enable":false,"placeholder":"","display":"select","restrictions_type":"any_text","adjust_price":false,"price":"","price_type":"","restrictions":false,"min":"0","max":"0","options":[]},{"name":"Please provide hotel pick up name","type":"custom_text","position":0,"required":true,"title_format":"hide","default":"","description_enable":false,"description":"","placeholder_enable":false,"placeholder":"","display":"select","restrictions_type":"any_text","adjust_price":false,"price":"","price_type":"quantity_based","restrictions":true,"min":"","max":"30","options":[]},{"name":"Rent a GoPro","type":"multiple_choice","position":0,"required":false,"title_format":"label","default":"","description_enable":true,"description":"Only available for the Rafting Tour","placeholder_enable":false,"placeholder":"","display":"select","restrictions_type":"any_text","adjust_price":true,"price":"30","price_type":"flat_fee","restrictions":true,"min":"0","max":"5","options":[{"label":"1","price":"30","price_type":"flat_fee","image":0,"visibility":true},{"label":"2","price":"60","price_type":"flat_fee","image":0,"visibility":true},{"label":"3","price":"90","price_type":"flat_fee","image":0,"visibility":true},{"label":"4","price":"120","price_type":"flat_fee","image":0,"visibility":true},{"label":"5","price":"150","price_type":"flat_fee","image":0,"visibility":true}],"id":1739958656}],"acf":[],"yoast_head":"<!-- This site is optimized with the Yoast SEO plugin v27.5 - https:\/\/yoast.com\/product\/yoast-seo-wordpress\/ -->\n<title>Safari Nocturno en Balsa - WAVE Rafting<\/title>\n<meta name=\"description\" content=\"Vive la magia del Safari Nocturno en flotador con Wave Expeditions. Observa la vida silvestre nocturna en un recorrido relajante. \u00a1Reserva tu aventura!\" \/>\n<meta name=\"robots\" content=\"noindex, follow, max-snippet:-1, max-image-preview:large, max-video-preview:-1\" \/>\n<meta property=\"og:locale\" content=\"es_ES\" \/>\n<meta property=\"og:type\" content=\"article\" \/>\n<meta property=\"og:title\" content=\"Safari Nocturno en Balsa - WAVE Rafting\" \/>\n<meta property=\"og:description\" content=\"Vive la magia del Safari Nocturno en flotador con Wave Expeditions. Observa la vida silvestre nocturna en un recorrido relajante. \u00a1Reserva tu aventura!\" \/>\n<meta property=\"og:url\" content=\"https:\/\/staging.waveexpeditions.com\/es\/producto\/flotador-safari-nocturno\/\" \/>\n<meta property=\"og:site_name\" content=\"WAVE Rafting\" \/>\n<meta property=\"article:publisher\" content=\"https:\/\/www.facebook.com\/waveexp\/\" \/>\n<meta property=\"article:modified_time\" content=\"2024-09-09T15:20:39+00:00\" \/>\n<meta property=\"og:image\" content=\"https:\/\/staging.waveexpeditions.com\/wp-content\/uploads\/2025\/04\/Nocturnal-Nature-Safari-Float.webp\" \/>\n\t<meta property=\"og:image:width\" content=\"2040\" \/>\n\t<meta property=\"og:image:height\" content=\"2040\" \/>\n\t<meta property=\"og:image:type\" content=\"image\/webp\" \/>\n<meta name=\"twitter:card\" content=\"summary_large_image\" \/>\n<meta name=\"twitter:site\" content=\"@waveexpeditions\" \/>\n<meta name=\"twitter:label1\" content=\"Tiempo de lectura\" \/>\n\t<meta name=\"twitter:data1\" content=\"1 minuto\" \/>\n<script type=\"application\/ld+json\" class=\"yoast-schema-graph\">{\"@context\":\"https:\\\/\\\/schema.org\",\"@graph\":[{\"@type\":\"WebPage\",\"@id\":\"https:\\\/\\\/staging.waveexpeditions.com\\\/es\\\/producto\\\/flotador-safari-nocturno\\\/\",\"url\":\"https:\\\/\\\/staging.waveexpeditions.com\\\/es\\\/producto\\\/flotador-safari-nocturno\\\/\",\"name\":\"Safari Nocturno en Balsa - WAVE Rafting\",\"isPartOf\":{\"@id\":\"https:\\\/\\\/staging.waveexpeditions.com\\\/es\\\/#website\"},\"primaryImageOfPage\":{\"@id\":\"https:\\\/\\\/staging.waveexpeditions.com\\\/es\\\/producto\\\/flotador-safari-nocturno\\\/#primaryimage\"},\"image\":{\"@id\":\"https:\\\/\\\/staging.waveexpeditions.com\\\/es\\\/producto\\\/flotador-safari-nocturno\\\/#primaryimage\"},\"thumbnailUrl\":\"https:\\\/\\\/staging.waveexpeditions.com\\\/wp-content\\\/uploads\\\/2025\\\/04\\\/Nocturnal-Nature-Safari-Float.webp\",\"datePublished\":\"2015-01-01T20:36:35+00:00\",\"dateModified\":\"2024-09-09T15:20:39+00:00\",\"description\":\"Vive la magia del Safari Nocturno en flotador con Wave Expeditions. Observa la vida silvestre nocturna en un recorrido relajante. \u00a1Reserva tu aventura!\",\"breadcrumb\":{\"@id\":\"https:\\\/\\\/staging.waveexpeditions.com\\\/es\\\/producto\\\/flotador-safari-nocturno\\\/#breadcrumb\"},\"inLanguage\":\"es\",\"potentialAction\":[{\"@type\":\"ReadAction\",\"target\":[\"https:\\\/\\\/staging.waveexpeditions.com\\\/es\\\/producto\\\/flotador-safari-nocturno\\\/\"]}]},{\"@type\":\"ImageObject\",\"inLanguage\":\"es\",\"@id\":\"https:\\\/\\\/staging.waveexpeditions.com\\\/es\\\/producto\\\/flotador-safari-nocturno\\\/#primaryimage\",\"url\":\"https:\\\/\\\/staging.waveexpeditions.com\\\/wp-content\\\/uploads\\\/2025\\\/04\\\/Nocturnal-Nature-Safari-Float.webp\",\"contentUrl\":\"https:\\\/\\\/staging.waveexpeditions.com\\\/wp-content\\\/uploads\\\/2025\\\/04\\\/Nocturnal-Nature-Safari-Float.webp\",\"width\":2040,\"height\":2040,\"caption\":\"Birdwatching on the Pe\u00f1as Blancas River \u2013 Safari Float Tour\"},{\"@type\":\"BreadcrumbList\",\"@id\":\"https:\\\/\\\/staging.waveexpeditions.com\\\/es\\\/producto\\\/flotador-safari-nocturno\\\/#breadcrumb\",\"itemListElement\":[{\"@type\":\"ListItem\",\"position\":1,\"name\":\"Home\",\"item\":\"https:\\\/\\\/staging.waveexpeditions.com\\\/es\\\/wave-rafting-costa-rica\\\/\"},{\"@type\":\"ListItem\",\"position\":2,\"name\":\"Productos\",\"item\":\"https:\\\/\\\/staging.waveexpeditions.com\\\/es\\\/shop\\\/\"},{\"@type\":\"ListItem\",\"position\":3,\"name\":\"Safari Nocturno en Balsa\"}]},{\"@type\":\"WebSite\",\"@id\":\"https:\\\/\\\/staging.waveexpeditions.com\\\/es\\\/#website\",\"url\":\"https:\\\/\\\/staging.waveexpeditions.com\\\/es\\\/\",\"name\":\"WAVE Rafting\",\"description\":\"Rafting Costa Rica\",\"publisher\":{\"@id\":\"https:\\\/\\\/staging.waveexpeditions.com\\\/es\\\/#organization\"},\"potentialAction\":[{\"@type\":\"SearchAction\",\"target\":{\"@type\":\"EntryPoint\",\"urlTemplate\":\"https:\\\/\\\/staging.waveexpeditions.com\\\/es\\\/?s={search_term_string}\"},\"query-input\":{\"@type\":\"PropertyValueSpecification\",\"valueRequired\":true,\"valueName\":\"search_term_string\"}}],\"inLanguage\":\"es\"},{\"@type\":\"Organization\",\"@id\":\"https:\\\/\\\/staging.waveexpeditions.com\\\/es\\\/#organization\",\"name\":\"WAVE Rafting\",\"url\":\"https:\\\/\\\/staging.waveexpeditions.com\\\/es\\\/\",\"logo\":{\"@type\":\"ImageObject\",\"inLanguage\":\"es\",\"@id\":\"https:\\\/\\\/staging.waveexpeditions.com\\\/es\\\/#\\\/schema\\\/logo\\\/image\\\/\",\"url\":\"https:\\\/\\\/www.staging.waveexpeditions.com\\\/wp-content\\\/uploads\\\/2016\\\/07\\\/logo_foot.png\",\"contentUrl\":\"https:\\\/\\\/www.staging.waveexpeditions.com\\\/wp-content\\\/uploads\\\/2016\\\/07\\\/logo_foot.png\",\"width\":503,\"height\":172,\"caption\":\"WAVE Rafting\"},\"image\":{\"@id\":\"https:\\\/\\\/staging.waveexpeditions.com\\\/es\\\/#\\\/schema\\\/logo\\\/image\\\/\"},\"sameAs\":[\"https:\\\/\\\/www.facebook.com\\\/waveexp\\\/\",\"https:\\\/\\\/x.com\\\/waveexpeditions\",\"https:\\\/\\\/www.instagram.com\\\/wave.expeditions\\\/\"]}]}<\/script>\n<!-- \/ Yoast SEO plugin. -->","yoast_head_json":{"title":"Safari Nocturno en Balsa - WAVE Rafting","description":"Vive la magia del Safari Nocturno en flotador con Wave Expeditions. Observa la vida silvestre nocturna en un recorrido relajante. \u00a1Reserva tu aventura!","robots":{"index":"noindex","follow":"follow","max-snippet":"max-snippet:-1","max-image-preview":"max-image-preview:large","max-video-preview":"max-video-preview:-1"},"og_locale":"es_ES","og_type":"article","og_title":"Safari Nocturno en Balsa - WAVE Rafting","og_description":"Vive la magia del Safari Nocturno en flotador con Wave Expeditions. Observa la vida silvestre nocturna en un recorrido relajante. \u00a1Reserva tu aventura!","og_url":"https:\/\/staging.waveexpeditions.com\/es\/producto\/flotador-safari-nocturno\/","og_site_name":"WAVE Rafting","article_publisher":"https:\/\/www.facebook.com\/waveexp\/","article_modified_time":"2024-09-09T15:20:39+00:00","og_image":[{"width":2040,"height":2040,"url":"https:\/\/staging.waveexpeditions.com\/wp-content\/uploads\/2025\/04\/Nocturnal-Nature-Safari-Float.webp","type":"image\/webp"}],"twitter_card":"summary_large_image","twitter_site":"@waveexpeditions","twitter_misc":{"Tiempo de lectura":"1 minuto"},"schema":{"@context":"https:\/\/schema.org","@graph":[{"@type":"WebPage","@id":"https:\/\/staging.waveexpeditions.com\/es\/producto\/flotador-safari-nocturno\/","url":"https:\/\/staging.waveexpeditions.com\/es\/producto\/flotador-safari-nocturno\/","name":"Safari Nocturno en Balsa - WAVE Rafting","isPartOf":{"@id":"https:\/\/staging.waveexpeditions.com\/es\/#website"},"primaryImageOfPage":{"@id":"https:\/\/staging.waveexpeditions.com\/es\/producto\/flotador-safari-nocturno\/#primaryimage"},"image":{"@id":"https:\/\/staging.waveexpeditions.com\/es\/producto\/flotador-safari-nocturno\/#primaryimage"},"thumbnailUrl":"https:\/\/staging.waveexpeditions.com\/wp-content\/uploads\/2025\/04\/Nocturnal-Nature-Safari-Float.webp","datePublished":"2015-01-01T20:36:35+00:00","dateModified":"2024-09-09T15:20:39+00:00","description":"Vive la magia del Safari Nocturno en flotador con Wave Expeditions. Observa la vida silvestre nocturna en un recorrido relajante. \u00a1Reserva tu aventura!","breadcrumb":{"@id":"https:\/\/staging.waveexpeditions.com\/es\/producto\/flotador-safari-nocturno\/#breadcrumb"},"inLanguage":"es","potentialAction":[{"@type":"ReadAction","target":["https:\/\/staging.waveexpeditions.com\/es\/producto\/flotador-safari-nocturno\/"]}]},{"@type":"ImageObject","inLanguage":"es","@id":"https:\/\/staging.waveexpeditions.com\/es\/producto\/flotador-safari-nocturno\/#primaryimage","url":"https:\/\/staging.waveexpeditions.com\/wp-content\/uploads\/2025\/04\/Nocturnal-Nature-Safari-Float.webp","contentUrl":"https:\/\/staging.waveexpeditions.com\/wp-content\/uploads\/2025\/04\/Nocturnal-Nature-Safari-Float.webp","width":2040,"height":2040,"caption":"Birdwatching on the Pe\u00f1as Blancas River \u2013 Safari Float Tour"},{"@type":"BreadcrumbList","@id":"https:\/\/staging.waveexpeditions.com\/es\/producto\/flotador-safari-nocturno\/#breadcrumb","itemListElement":[{"@type":"ListItem","position":1,"name":"Home","item":"https:\/\/staging.waveexpeditions.com\/es\/wave-rafting-costa-rica\/"},{"@type":"ListItem","position":2,"name":"Productos","item":"https:\/\/staging.waveexpeditions.com\/es\/shop\/"},{"@type":"ListItem","position":3,"name":"Safari Nocturno en Balsa"}]},{"@type":"WebSite","@id":"https:\/\/staging.waveexpeditions.com\/es\/#website","url":"https:\/\/staging.waveexpeditions.com\/es\/","name":"WAVE Rafting","description":"Rafting Costa Rica","publisher":{"@id":"https:\/\/staging.waveexpeditions.com\/es\/#organization"},"potentialAction":[{"@type":"SearchAction","target":{"@type":"EntryPoint","urlTemplate":"https:\/\/staging.waveexpeditions.com\/es\/?s={search_term_string}"},"query-input":{"@type":"PropertyValueSpecification","valueRequired":true,"valueName":"search_term_string"}}],"inLanguage":"es"},{"@type":"Organization","@id":"https:\/\/staging.waveexpeditions.com\/es\/#organization","name":"WAVE Rafting","url":"https:\/\/staging.waveexpeditions.com\/es\/","logo":{"@type":"ImageObject","inLanguage":"es","@id":"https:\/\/staging.waveexpeditions.com\/es\/#\/schema\/logo\/image\/","url":"https:\/\/www.staging.waveexpeditions.com\/wp-content\/uploads\/2016\/07\/logo_foot.png","contentUrl":"https:\/\/www.staging.waveexpeditions.com\/wp-content\/uploads\/2016\/07\/logo_foot.png","width":503,"height":172,"caption":"WAVE Rafting"},"image":{"@id":"https:\/\/staging.waveexpeditions.com\/es\/#\/schema\/logo\/image\/"},"sameAs":["https:\/\/www.facebook.com\/waveexp\/","https:\/\/x.com\/waveexpeditions","https:\/\/www.instagram.com\/wave.expeditions\/"]}]}},"_links":{"self":[{"href":"https:\/\/staging.waveexpeditions.com\/es\/wp-json\/wp\/v2\/product\/47436","targetHints":{"allow":["GET"]}}],"collection":[{"href":"https:\/\/staging.waveexpeditions.com\/es\/wp-json\/wp\/v2\/product"}],"about":[{"href":"https:\/\/staging.waveexpeditions.com\/es\/wp-json\/wp\/v2\/types\/product"}],"wp:featuredmedia":[{"embeddable":true,"href":"https:\/\/staging.waveexpeditions.com\/es\/wp-json\/wp\/v2\/media\/52418"}],"wp:attachment":[{"href":"https:\/\/staging.waveexpeditions.com\/es\/wp-json\/wp\/v2\/media?parent=47436"}],"wp:term":[{"taxonomy":"product_brand","embeddable":true,"href":"https:\/\/staging.waveexpeditions.com\/es\/wp-json\/wp\/v2\/product_brand?post=47436"},{"taxonomy":"product_cat","embeddable":true,"href":"https:\/\/staging.waveexpeditions.com\/es\/wp-json\/wp\/v2\/product_cat?post=47436"},{"taxonomy":"product_tag","embeddable":true,"href":"https:\/\/staging.waveexpeditions.com\/es\/wp-json\/wp\/v2\/product_tag?post=47436"}],"curies":[{"name":"wp","href":"https:\/\/api.w.org\/{rel}","templated":true}]}}